{"id":3448,"date":"2025-02-17T21:08:49","date_gmt":"2025-02-18T00:08:49","guid":{"rendered":"https:\/\/6cbt.tuneis.org.br\/esp\/?page_id=3448"},"modified":"2025-02-17T21:09:33","modified_gmt":"2025-02-18T00:09:33","slug":"conferencistas-curso-pre-congreso","status":"publish","type":"page","link":"https:\/\/6cbt.tuneis.org.br\/esp\/index.php\/conferencistas-curso-pre-congreso\/","title":{"rendered":"Conferencistas &#8211; Curso pre-Congreso"},"content":{"rendered":"\t\t<div data-elementor-type=\"wp-page\" data-elementor-id=\"3448\" class=\"elementor elementor-3448\" data-elementor-settings=\"[]\">\n\t\t\t\t\t\t<div class=\"elementor-inner\">\n\t\t\t\t\t\t\t<div class=\"elementor-section-wrap\">\n\t\t\t\t\t\t\t<section class=\"elementor-section elementor-top-section elementor-element elementor-element-ad5c642 elementor-section-boxed elementor-section-height-default elementor-section-height-default\" data-id=\"ad5c642\" data-element_type=\"section\">\n\t\t\t\t\t\t<div class=\"elementor-container elementor-column-gap-default\">\n\t\t\t\t\t\t\t<div class=\"elementor-row\">\n\t\t\t\t\t<div class=\"elementor-column elementor-col-100 elementor-top-column elementor-element elementor-element-5edbd26\" data-id=\"5edbd26\" data-element_type=\"column\">\n\t\t\t<div class=\"elementor-column-wrap elementor-element-populated\">\n\t\t\t\t\t\t\t<div class=\"elementor-widget-wrap\">\n\t\t\t\t\t\t<div class=\"elementor-element elementor-element-0cb2c3f elementor-widget elementor-widget-heading\" data-id=\"0cb2c3f\" data-element_type=\"widget\" data-widget_type=\"heading.default\">\n\t\t\t\t<div class=\"elementor-widget-container\">\n\t\t\t<h1 class=\"elementor-heading-title elementor-size-default\">Conferencistas - Curso pre-Congreso<\/h1>\t\t<\/div>\n\t\t\t\t<\/div>\n\t\t\t\t\t\t<\/div>\n\t\t\t\t\t<\/div>\n\t\t<\/div>\n\t\t\t\t\t\t\t\t<\/div>\n\t\t\t\t\t<\/div>\n\t\t<\/section>\n\t\t\t\t<section class=\"elementor-section elementor-top-section elementor-element elementor-element-29f938f elementor-section-boxed elementor-section-height-default elementor-section-height-default\" data-id=\"29f938f\" data-element_type=\"section\">\n\t\t\t\t\t\t<div class=\"elementor-container elementor-column-gap-default\">\n\t\t\t\t\t\t\t<div class=\"elementor-row\">\n\t\t\t\t\t<div class=\"elementor-column elementor-col-100 elementor-top-column elementor-element elementor-element-bdb3ab3\" data-id=\"bdb3ab3\" data-element_type=\"column\">\n\t\t\t<div class=\"elementor-column-wrap elementor-element-populated\">\n\t\t\t\t\t\t\t<div class=\"elementor-widget-wrap\">\n\t\t\t\t\t\t<div class=\"elementor-element elementor-element-3d561d5 elementor-widget elementor-widget-shortcode\" data-id=\"3d561d5\" data-element_type=\"widget\" data-widget_type=\"shortcode.default\">\n\t\t\t\t<div class=\"elementor-widget-container\">\n\t\t\t\t\t<div class=\"elementor-shortcode\"><div class=\"bios-container\"><div class=\"bio-item speaker-card\"><img loading=\"lazy\" decoding=\"async\" width=\"300\" height=\"300\" src=\"https:\/\/6cbt.tuneis.org.br\/esp\/wp-content\/uploads\/2025\/02\/Daniela_Garroux_G_de_Oliveira-300x300.jpg\" class=\"attachment-medium size-medium wp-post-image\" alt=\"\" srcset=\"https:\/\/6cbt.tuneis.org.br\/esp\/wp-content\/uploads\/2025\/02\/Daniela_Garroux_G_de_Oliveira-300x300.jpg 300w, https:\/\/6cbt.tuneis.org.br\/esp\/wp-content\/uploads\/2025\/02\/Daniela_Garroux_G_de_Oliveira-150x150.jpg 150w, https:\/\/6cbt.tuneis.org.br\/esp\/wp-content\/uploads\/2025\/02\/Daniela_Garroux_G_de_Oliveira.jpg 550w\" sizes=\"(max-width: 300px) 100vw, 300px\" \/><div class=\"speaker-info\"><h2 class=\"speaker-name\">Daniela Garroux G. de Oliveira<\/h2><div class=\"speaker-bio\"><p>Ge\u00f3loga de ingenier\u00eda especializada en excavaci\u00f3n mecanizada de t\u00faneles. Licenciatura y maestr\u00eda por la USP,<br \/>\ndoctorado por la Universidad de Queens, Canad\u00e1, en cooperaci\u00f3n con la Universidad Ruhr Bochum, Alemania, en la excavaci\u00f3n de suelos mixtos<br \/>\ncohesivos con m\u00e1quinas EPB. Experiencia en varios proyectos de infraestructura, en distintas posiciones, adem\u00e1s de<br \/>\ninvestigaci\u00f3n y desarrollo en el \u00e1rea de m\u00e1quinas tuneladoras. Particip\u00f3 en proyectos en Brasil, Alemania, Canad\u00e1,<br \/>\nSingapur, Estados Unidos, Francia, entre otros.<\/p>\n<\/div><\/div><\/div><div class=\"bio-item speaker-card\"><img loading=\"lazy\" decoding=\"async\" width=\"248\" height=\"300\" src=\"https:\/\/6cbt.tuneis.org.br\/esp\/wp-content\/uploads\/2025\/02\/David_Alejandro_Rund-248x300.jpg\" class=\"attachment-medium size-medium wp-post-image\" alt=\"\" srcset=\"https:\/\/6cbt.tuneis.org.br\/esp\/wp-content\/uploads\/2025\/02\/David_Alejandro_Rund-248x300.jpg 248w, https:\/\/6cbt.tuneis.org.br\/esp\/wp-content\/uploads\/2025\/02\/David_Alejandro_Rund.jpg 250w\" sizes=\"(max-width: 248px) 100vw, 248px\" \/><div class=\"speaker-info\"><h2 class=\"speaker-name\">David Alejandro Rund<\/h2><div class=\"speaker-bio\"><p>David Alejandro Rund es ge\u00f3logo geot\u00e9cnico graduado por la UNESP en 1997, con amplia experiencia en investigaciones geol\u00f3gico-geot\u00e9cnicas, mapeo de macizos rocosos y evaluaci\u00f3n de riesgos geot\u00e9cnicos. Trabaja en la coordinaci\u00f3n de equipos de topograf\u00eda y sondeos para proyectos ambientales y de infraestructura, adem\u00e1s de ser perito judicial en disputas geot\u00e9cnicas. Posee experiencia en obras de contenci\u00f3n de taludes, drenaje subterr\u00e1neo y construcci\u00f3n de t\u00faneles, participando en proyectos como el Metro de S\u00e3o Paulo y el Proyecto Tiet\u00ea. Ha trabajado en la caracterizaci\u00f3n geot\u00e9cnica para estudios de impacto ambiental y en la evaluaci\u00f3n de pasivos ambientales.<\/p>\n<\/div><\/div><\/div><div class=\"bio-item speaker-card\"><img loading=\"lazy\" decoding=\"async\" width=\"185\" height=\"300\" src=\"https:\/\/6cbt.tuneis.org.br\/esp\/wp-content\/uploads\/2025\/02\/Flavio_Rogerio_da_Silva-185x300.jpg\" class=\"attachment-medium size-medium wp-post-image\" alt=\"\" srcset=\"https:\/\/6cbt.tuneis.org.br\/esp\/wp-content\/uploads\/2025\/02\/Flavio_Rogerio_da_Silva-185x300.jpg 185w, https:\/\/6cbt.tuneis.org.br\/esp\/wp-content\/uploads\/2025\/02\/Flavio_Rogerio_da_Silva.jpg 339w\" sizes=\"(max-width: 185px) 100vw, 185px\" \/><div class=\"speaker-info\"><h2 class=\"speaker-name\">Fl\u00e1vio Rog\u00e9rio da Silva<\/h2><div class=\"speaker-bio\"><p>Graduado en geolog\u00eda por la Universidade de S\u00e3o Paulo.<br \/>\nTrabaja como ge\u00f3logo de ingenier\u00eda, centrado en proyectos de geotecnia. Posee una amplia<br \/>\nexperiencia en la estabilidad de taludes naturales y de corte (suelo y roca), mapeo y<br \/>\nevaluaci\u00f3n de riesgos geol\u00f3gico-geot\u00e9cnicos.<br \/>\nActualmente ejerce como ATO en la expansi\u00f3n de la L\u00ednea 2 \u2013 Verde del Metro.<\/p>\n<\/div><\/div><\/div><div class=\"bio-item speaker-card\"><img loading=\"lazy\" decoding=\"async\" width=\"291\" height=\"300\" src=\"https:\/\/6cbt.tuneis.org.br\/esp\/wp-content\/uploads\/2025\/02\/Jose_Carlos_Ribeiro-291x300.jpg\" class=\"attachment-medium size-medium wp-post-image\" alt=\"\" srcset=\"https:\/\/6cbt.tuneis.org.br\/esp\/wp-content\/uploads\/2025\/02\/Jose_Carlos_Ribeiro-291x300.jpg 291w, https:\/\/6cbt.tuneis.org.br\/esp\/wp-content\/uploads\/2025\/02\/Jose_Carlos_Ribeiro.jpg 434w\" sizes=\"(max-width: 291px) 100vw, 291px\" \/><div class=\"speaker-info\"><h2 class=\"speaker-name\">Jos\u00e9 Carlos Ribeiro<\/h2><div class=\"speaker-bio\"><p>Jos\u00e9 Carlos Ribeiro es ge\u00f3logo especializado en Geolog\u00eda de Ingenier\u00eda, con actividad en la Escuela de Ingenier\u00eda de S\u00e3o Carlos (EESC) de la Universidade de S\u00e3o Paulo (USP). Posee una amplia experiencia en grandes proyectos de infraestructura, incluyendo la ATO en las obras de la L\u00ednea 5 \u2013 Lila del Metro de S\u00e3o Paulo, con t\u00faneles convencionales y mecanizados. Trabaj\u00f3 en el mapeo de frentes en el Proyecto Nuevo Nivel Mina, en El Teniente (Chile), y particip\u00f3 en el Estudio de Proyecto T\u00e9cnico de Preinversi\u00f3n (EFTP) para el Proyecto Hidroel\u00e9ctrico El Bala, en Bolivia. Contribuy\u00f3 al Geotechnical Baseline Report (GBR) de la L\u00ednea 19 del Metro de S\u00e3o Paulo y tiene experiencia en modelado geol\u00f3gico 3D. Actualmente, cursa una maestr\u00eda en Geotecnia, desarrollando una investigaci\u00f3n sobre el desempe\u00f1o de las TBM utilizadas en la L\u00ednea 5 \u2013 Lila del Metro de S\u00e3o Paulo.<\/p>\n<\/div><\/div><\/div><div class=\"bio-item speaker-card\"><img loading=\"lazy\" decoding=\"async\" width=\"300\" height=\"300\" src=\"https:\/\/6cbt.tuneis.org.br\/esp\/wp-content\/uploads\/2025\/02\/Marcos_E_Hartwig-300x300.jpg\" class=\"attachment-medium size-medium wp-post-image\" alt=\"\" srcset=\"https:\/\/6cbt.tuneis.org.br\/esp\/wp-content\/uploads\/2025\/02\/Marcos_E_Hartwig-300x300.jpg 300w, https:\/\/6cbt.tuneis.org.br\/esp\/wp-content\/uploads\/2025\/02\/Marcos_E_Hartwig-150x150.jpg 150w, https:\/\/6cbt.tuneis.org.br\/esp\/wp-content\/uploads\/2025\/02\/Marcos_E_Hartwig.jpg 550w\" sizes=\"(max-width: 300px) 100vw, 300px\" \/><div class=\"speaker-info\"><h2 class=\"speaker-name\">Marcos E. Hartwig<\/h2><div class=\"speaker-bio\"><p>Es licenciado en Geolog\u00eda por la Universidade Estadual Paulista J\u00falio de Mesquita Filho - UNESP (2003), Mag\u00edster en Geociencias por el Instituto de Geociencias de la Universidade de S\u00e3o Paulo - USP (2006) y Doctor en Teledetecci\u00f3n por el Instituto Nacional de Investigaciones Espaciales - INPE (2014). Realiz\u00f3 diversos cursos de capacitaci\u00f3n y especializaciones en Brasil y en los Estados Unidos. Trabaj\u00f3 como ge\u00f3logo geot\u00e9cnico en Brasil y en el extranjero durante unos 10 a\u00f1os. De 2014 a 2016 fue profesor del curso de especializaci\u00f3n en Ingenier\u00eda de T\u00faneles de Krozai\/Faculdade Redentor en S\u00e3o Paulo\/SP, donde imparti\u00f3 el m\u00f3dulo de Investigaciones Geol\u00f3gico-Geot\u00e9cnicas In Situ. Desde 2016 es profesor del Departamento de Geolog\u00eda de la Universidade Federal do Esp\u00edrito Santo - UFES y desde 2018 es profesor colaborador del Programa de Postgrado en Geociencias y Medio Ambiente de la Universidade Estadual Paulista - UNESP-Rio Claro. En 2023 obtuvo el t\u00edtulo de Profesor Livre-Docente (Profesor Titular con Habilitaci\u00f3n) en Geolog\u00eda de Ingenier\u00eda por la Escuela de Ingenier\u00eda de S\u00e3o Carlos de la Universidade de S\u00e3o Paulo (EESC-USP). Es Subjefe del Departamento de Geolog\u00eda y coordinador de los laboratorios de Preparaci\u00f3n de Muestras y de Geolog\u00eda de Ingenier\u00eda de la Universidade Federal do Esp\u00edrito Santo - UFES. Es autor y coautor de 91 trabajos publicados en revistas y eventos nacionales e internacionales y revisor de 25 publicaciones peri\u00f3dicas nacionales e internacionales. Ya ha dirigido 4 maestr\u00edas, 26 trabajos de fin de carrera y 5 iniciaciones cient\u00edficas. Actualmente, dirige 1 maestr\u00eda, 2 trabajos de fin de carrera y 6 iniciaciones cient\u00edficas. Tiene experiencia con \u00e9nfasis en: mapeo geol\u00f3gico y geomec\u00e1nico, geolog\u00eda de ingenier\u00eda, estabilidad de taludes, excavaci\u00f3n de t\u00faneles, instrumentaci\u00f3n e investigaci\u00f3n geot\u00e9cnica, teledetecci\u00f3n geol\u00f3gica, DInSAR, A-DinSAR, DIC, VANT, mec\u00e1nica de rocas y geolog\u00eda estructural. Tiene inter\u00e9s en los siguientes temas: modelado num\u00e9rico en geotecnia y procesos geol\u00f3gicos, geolog\u00eda ambiental, entre otros.<\/p>\n<\/div><\/div><\/div><\/div><\/div>\n\t\t\t\t<\/div>\n\t\t\t\t<\/div>\n\t\t\t\t\t\t<\/div>\n\t\t\t\t\t<\/div>\n\t\t<\/div>\n\t\t\t\t\t\t\t\t<\/div>\n\t\t\t\t\t<\/div>\n\t\t<\/section>\n\t\t\t\t\t\t<\/div>\n\t\t\t\t\t\t<\/div>\n\t\t\t\t\t<\/div>\n\t\t","protected":false},"excerpt":{"rendered":"<p>Conferencistas &#8211; Curso pre-Congreso<\/p>\n","protected":false},"author":1,"featured_media":0,"parent":0,"menu_order":0,"comment_status":"closed","ping_status":"closed","template":"","meta":{"footnotes":""},"class_list":["post-3448","page","type-page","status-publish","hentry"],"_links":{"self":[{"href":"https:\/\/6cbt.tuneis.org.br\/esp\/index.php\/wp-json\/wp\/v2\/pages\/3448"}],"collection":[{"href":"https:\/\/6cbt.tuneis.org.br\/esp\/index.php\/wp-json\/wp\/v2\/pages"}],"about":[{"href":"https:\/\/6cbt.tuneis.org.br\/esp\/index.php\/wp-json\/wp\/v2\/types\/page"}],"author":[{"embeddable":true,"href":"https:\/\/6cbt.tuneis.org.br\/esp\/index.php\/wp-json\/wp\/v2\/users\/1"}],"replies":[{"embeddable":true,"href":"https:\/\/6cbt.tuneis.org.br\/esp\/index.php\/wp-json\/wp\/v2\/comments?post=3448"}],"version-history":[{"count":3,"href":"https:\/\/6cbt.tuneis.org.br\/esp\/index.php\/wp-json\/wp\/v2\/pages\/3448\/revisions"}],"predecessor-version":[{"id":3451,"href":"https:\/\/6cbt.tuneis.org.br\/esp\/index.php\/wp-json\/wp\/v2\/pages\/3448\/revisions\/3451"}],"wp:attachment":[{"href":"https:\/\/6cbt.tuneis.org.br\/esp\/index.php\/wp-json\/wp\/v2\/media?parent=3448"}],"curies":[{"name":"wp","href":"https:\/\/api.w.org\/{rel}","templated":true}]}}