{"id":3376,"date":"2025-02-07T17:36:02","date_gmt":"2025-02-07T20:36:02","guid":{"rendered":"https:\/\/6cbt.tuneis.org.br\/esp\/?page_id=3376"},"modified":"2025-02-17T10:15:53","modified_gmt":"2025-02-17T13:15:53","slug":"post-6o-cbt-curso-plaxis-para-excavacion-subterranea-en-roca-se-realiza-el-14-03-en-sao-paulo","status":"publish","type":"page","link":"https:\/\/6cbt.tuneis.org.br\/esp\/index.php\/post-6o-cbt-curso-plaxis-para-excavacion-subterranea-en-roca-se-realiza-el-14-03-en-sao-paulo\/","title":{"rendered":"Post 6\u00ba CBT: Curso PLAXIS para Excavaci\u00f3n Subterr\u00e1nea en Roca se Realiza el 14\/03 en S\u00e3o Paulo"},"content":{"rendered":"<p><strong><em>Plazas preferenciales para socios del CBT. Si a\u00fan no es socio, aproveche la oportunidad para unirse al Comit\u00e9 y garantizar beneficios exclusivos como este.<\/em><\/strong><\/p>\n<p>El curso <strong>&#8220;PLAXIS para excavaci\u00f3n subterr\u00e1nea en roca&#8221;<\/strong>, parte de la programaci\u00f3n posterior al <a href=\"https:\/\/6cbt.tuneis.org.br\/\" target=\"_blank\" rel=\"noopener noreferrer\"><strong>6\u00ba Congreso Brasile\u00f1o de T\u00faneles y Estructuras Subterr\u00e1neas<\/strong><\/a>, se llevar\u00e1 a cabo el 14 de marzo, a las 8:00 AM, en WeWork Avenida Paulista (SP). La iniciativa, <strong>promovida por el Comit\u00e9 Brasile\u00f1o de T\u00faneles y Espacios Subterr\u00e1neos (CBT) en colaboraci\u00f3n con <a href=\"https:\/\/www.seequent.com\/pt-br\/productos-y-soluciones\/soluciones-para-la-ingenieria-civil\/soluciones-para-la-construccion-de-tuneles\/\" target=\"_blank\" rel=\"noopener noreferrer\">Seequent<\/a><\/strong>, ser\u00e1 presencial y se presentar\u00e1 en ingl\u00e9s.<\/p>\n<figure id=\"attachment_7375\" aria-describedby=\"caption-attachment-7375\" style=\"width: 300px\" class=\"wp-caption alignright\"><img loading=\"lazy\" decoding=\"async\" class=\"wp-image-7375 size-medium\" src=\"https:\/\/www.tuneis.org.br\/wp-content\/uploads\/2025\/02\/WhatsApp-Image-2025-01-30-at-12.16.58-300x300.jpeg\" alt=\"\" width=\"300\" height=\"300\"><figcaption id=\"caption-attachment-7375\" class=\"wp-caption-text\">Richard Witasse<\/figcaption><\/figure>\n<p>El curso ser\u00e1 impartido por <strong>Richard Witasse<\/strong>, <em>ingeniero principal de aplicaciones<\/em> en Bentley Systems, especialista en an\u00e1lisis e ingenier\u00eda geot\u00e9cnica, con m\u00e1s de 20 a\u00f1os de experiencia en el sector. Desde 2008, trabaja con PLAXIS, ofreciendo consultor\u00eda, soporte y capacitaci\u00f3n a profesionales del \u00e1rea.<\/p>\n<p>Los participantes tendr\u00e1n una experiencia profunda en el uso de <strong>PLAXIS para el modelado y an\u00e1lisis de excavaciones subterr\u00e1neas en roca<\/strong>, explorando estrategias de soporte y refuerzo, as\u00ed como el uso de herramientas como Tunnel Designer. Tambi\u00e9n se explorar\u00e1n conceptos avanzados, como la evaluaci\u00f3n de radios pl\u00e1sticos, tensiones in-situ complejas y la aplicaci\u00f3n del m\u00e9todo de convergencia-confinamiento para la excavaci\u00f3n de t\u00faneles.<\/p>\n<p>El curso tendr\u00e1 una duraci\u00f3n de 8 horas y se impartir\u00e1 en ingl\u00e9s, adem\u00e1s de <strong>ofrecer una licencia de capacitaci\u00f3n de PLAXIS v\u00e1lida por 15 d\u00edas.<\/strong><\/p>\n<p>Los objetivos de la reuni\u00f3n son: comprender el flujo de trabajo de modelado en PLAXIS para la excavaci\u00f3n subterr\u00e1nea en roca; aprender a simular el comportamiento de la masa rocosa con soporte y refuerzo adecuados; explorar conceptos clave de la excavaci\u00f3n, como la evaluaci\u00f3n del radio pl\u00e1stico y las condiciones de tensi\u00f3n complejas; aplicar el m\u00e9todo de convergencia-confinamiento para el an\u00e1lisis de estabilidad de t\u00faneles; y familiarizarse con las herramientas de PLAXIS, incluido el Tunnel Designer, para la configuraci\u00f3n y el an\u00e1lisis eficientes de los proyectos.<\/p>\n<p>Para un mejor aprovechamiento de las actividades pr\u00e1cticas, es fundamental que los participantes traigan computadoras port\u00e1tiles. Se emitir\u00e1n certificados a los participantes.<\/p>\n<h2><strong>Inscripciones<\/strong><\/h2>\n<p>Las inscripciones se abrir\u00e1n a partir del pr\u00f3ximo viernes (14\/02) y se realizar\u00e1n por orden de llegada. Hay 40 plazas preferenciales para los socios del CBT inscritos en el 6\u00ba CBT. Las plazas restantes estar\u00e1n disponibles para otras personas inscritas en el evento.<\/p>\n<p>La confirmaci\u00f3n de la inscripci\u00f3n estar\u00e1 sujeta al pago de una tasa de R$ 50,00 (a trav\u00e9s de PIX o tarjeta de cr\u00e9dito). El cargo se enviar\u00e1 por correo electr\u00f3nico o WhatsApp, y la falta de pago en un plazo de 48 horas resultar\u00e1 en la p\u00e9rdida de la plaza.<\/p>\n<p><strong>Accede al siguiente enlace para registrarte:<\/strong><\/p>\n<div class=\"elementor-widget-wrap\">\n<div class=\"elementor-element elementor-element-e5c91f4 elementor-widget elementor-widget-button\" data-id=\"e5c91f4\" data-element_type=\"widget\" data-widget_type=\"button.default\">\n<div class=\"elementor-widget-container\">\n<div class=\"elementor-button-wrapper\">\n\t\t\t<a href=\"https:\/\/appticket.com.br\/plaxis-para-escavacao-subterranea-de-rochas\" class=\"elementor-button-link elementor-button elementor-size-sm\" role=\"button\" target=\"_blank\" rel=\"noopener\"><br \/>\n\t\t\t\t\t\t<span class=\"elementor-button-content-wrapper\"><br \/>\n\t\t\t\t\t\t<span class=\"elementor-button-text\">Haz clic aqu\u00ed para registrarte<\/span><br \/>\n\t\t<\/span><br \/>\n\t\t\t\t\t<\/a>\n\t\t<\/div>\n<\/p><\/div>\n<\/p><\/div>\n<\/p><\/div>\n<p>Para obtener m\u00e1s informaci\u00f3n, comun\u00edquese con la organizaci\u00f3n del evento: (62) 99900-2577<br \/>\n<!--\n<img loading=\"lazy\" decoding=\"async\" class=\"alignright wp-image-7381 \" src=\"https:\/\/www.tuneis.org.br\/wp-content\/uploads\/2025\/02\/CBT.png\" alt=\"\" width=\"382\" height=\"382\" \/>--><\/p>\n<h2><strong>Programaci\u00f3n<\/strong><\/h2>\n<p><strong>8:30 \u2013 9:00:<\/strong> Bienvenida<\/p>\n<p><strong>9:00 \u2013 10:30:<\/strong> Introducci\u00f3n al flujo de trabajo de modelado PLAXIS (demostraci\u00f3n en vivo)<\/p>\n<ul>\n<li>Principales conceptos de modelado<\/li>\n<li>El Dise\u00f1ador de T\u00faneles PLAXIS<\/li>\n<\/ul>\n<p><strong>10:30 \u2013 10:45:<\/strong> Pausa para el caf\u00e9<\/p>\n<p><strong>10:45 \u2013 11:30:<\/strong> Modelado de soporte y refuerzo en PLAXIS (Conferencia)<\/p>\n<ul>\n<li>An\u00e1lisis emp\u00edricos y dise\u00f1o preliminar<\/li>\n<li>Evaluaci\u00f3n del radio de plastificaci\u00f3n<\/li>\n<li>Modelado detallado del soporte del t\u00fanel<\/li>\n<\/ul>\n<p><strong>11:30 \u2013 12:30:<\/strong> An\u00e1lisis de soporte de t\u00faneles para un t\u00fanel de 250 m de profundidad en roca blanda (Ejercicio)<\/p>\n<p><strong>12:30 \u2013 13:30:<\/strong> Almuerzo<\/p>\n<p><strong>13:30 \u2013 14:00:<\/strong> Definici\u00f3n de tensiones in-situ en roca en PLAXIS (Conferencia)<\/p>\n<ul>\n<li>Procedimiento-K0 vs. Tensiones in-situ<\/li>\n<li>Consideraciones pr\u00e1cticas:\n<ul>\n<li>Grandes sobrecargas<\/li>\n<li>Tensiones de confinamiento<\/li>\n<\/ul>\n<\/li>\n<\/ul>\n<p><strong>14:00 \u2013 15:00:<\/strong> Definici\u00f3n de tensi\u00f3n inicial en una masa rocosa \u2013 Procedimiento-K0 vs. Tensiones in-situ (Ejercicio)<\/p>\n<p><strong>15:00 \u2013 15:15:<\/strong> Pausa para el caf\u00e9<\/p>\n<p><strong>15:15 \u2013 16:00:<\/strong> Aplicaci\u00f3n del m\u00e9todo de convergencia-confinamiento en PLAXIS (Conferencia)<\/p>\n<p><strong>16:00 \u2013 17:00:<\/strong> Evaluaci\u00f3n de los esfuerzos solicitantes en revestimientos circulares (Ejercicio)<\/p>\n<p><strong>Apoyo:<\/strong><br \/>\n<img loading=\"lazy\" decoding=\"async\" src=\"https:\/\/6cbt.tuneis.org.br\/wp-content\/uploads\/2025\/02\/SEEQUENT-LOGO-PARA-CBT-1-300x50.png\" alt=\"\" width=\"300\" height=\"50\" class=\"alignleft size-medium wp-image-3425\" srcset=\"https:\/\/6cbt.tuneis.org.br\/wp-content\/uploads\/2025\/02\/SEEQUENT-LOGO-PARA-CBT-1-300x50.png 300w, https:\/\/6cbt.tuneis.org.br\/wp-content\/uploads\/2025\/02\/SEEQUENT-LOGO-PARA-CBT-1-1024x171.png 1024w, https:\/\/6cbt.tuneis.org.br\/wp-content\/uploads\/2025\/02\/SEEQUENT-LOGO-PARA-CBT-1-768x128.png 768w, https:\/\/6cbt.tuneis.org.br\/wp-content\/uploads\/2025\/02\/SEEQUENT-LOGO-PARA-CBT-1-1536x256.png 1536w, https:\/\/6cbt.tuneis.org.br\/wp-content\/uploads\/2025\/02\/SEEQUENT-LOGO-PARA-CBT-1-2048x342.png 2048w\" sizes=\"(max-width: 300px) 100vw, 300px\"><\/p>\n","protected":false},"excerpt":{"rendered":"<p>Plazas preferenciales para socios del CBT. Si a\u00fan no es socio, aproveche la oportunidad para unirse al Comit\u00e9 y garantizar beneficios exclusivos como este. El curso &#8220;PLAXIS para excavaci\u00f3n subterr\u00e1nea en roca&#8221;, parte de la programaci\u00f3n posterior al 6\u00ba Congreso Brasile\u00f1o de T\u00faneles y Estructuras Subterr\u00e1neas, se llevar\u00e1 a cabo el 14 de marzo, a &hellip;<\/p>\n<p class=\"read-more\"> <a class=\"\" href=\"https:\/\/6cbt.tuneis.org.br\/esp\/index.php\/post-6o-cbt-curso-plaxis-para-excavacion-subterranea-en-roca-se-realiza-el-14-03-en-sao-paulo\/\"> <span class=\"screen-reader-text\">Post 6\u00ba CBT: Curso PLAXIS para Excavaci\u00f3n Subterr\u00e1nea en Roca se Realiza el 14\/03 en S\u00e3o Paulo<\/span> Leer m\u00e1s &raquo;<\/a><\/p>\n","protected":false},"author":1,"featured_media":0,"parent":0,"menu_order":0,"comment_status":"closed","ping_status":"closed","template":"","meta":{"footnotes":""},"class_list":["post-3376","page","type-page","status-publish","hentry"],"_links":{"self":[{"href":"https:\/\/6cbt.tuneis.org.br\/esp\/index.php\/wp-json\/wp\/v2\/pages\/3376"}],"collection":[{"href":"https:\/\/6cbt.tuneis.org.br\/esp\/index.php\/wp-json\/wp\/v2\/pages"}],"about":[{"href":"https:\/\/6cbt.tuneis.org.br\/esp\/index.php\/wp-json\/wp\/v2\/types\/page"}],"author":[{"embeddable":true,"href":"https:\/\/6cbt.tuneis.org.br\/esp\/index.php\/wp-json\/wp\/v2\/users\/1"}],"replies":[{"embeddable":true,"href":"https:\/\/6cbt.tuneis.org.br\/esp\/index.php\/wp-json\/wp\/v2\/comments?post=3376"}],"version-history":[{"count":2,"href":"https:\/\/6cbt.tuneis.org.br\/esp\/index.php\/wp-json\/wp\/v2\/pages\/3376\/revisions"}],"predecessor-version":[{"id":3436,"href":"https:\/\/6cbt.tuneis.org.br\/esp\/index.php\/wp-json\/wp\/v2\/pages\/3376\/revisions\/3436"}],"wp:attachment":[{"href":"https:\/\/6cbt.tuneis.org.br\/esp\/index.php\/wp-json\/wp\/v2\/media?parent=3376"}],"curies":[{"name":"wp","href":"https:\/\/api.w.org\/{rel}","templated":true}]}}