{"id":3289,"date":"2025-01-22T19:14:03","date_gmt":"2025-01-22T22:14:03","guid":{"rendered":"https:\/\/6cbt.tuneis.org.br\/esp\/?page_id=3289"},"modified":"2025-03-26T17:37:40","modified_gmt":"2025-03-26T20:37:40","slug":"curso","status":"publish","type":"page","link":"https:\/\/6cbt.tuneis.org.br\/esp\/index.php\/curso\/","title":{"rendered":"Curso"},"content":{"rendered":"\t\t<div data-elementor-type=\"wp-post\" data-elementor-id=\"3289\" class=\"elementor elementor-3289\" data-elementor-settings=\"[]\">\n\t\t\t\t\t\t<div class=\"elementor-inner\">\n\t\t\t\t\t\t\t<div class=\"elementor-section-wrap\">\n\t\t\t\t\t\t\t<section class=\"elementor-section elementor-top-section elementor-element elementor-element-a1d0437 elementor-section-boxed elementor-section-height-default elementor-section-height-default\" data-id=\"a1d0437\" data-element_type=\"section\">\n\t\t\t\t\t\t<div class=\"elementor-container elementor-column-gap-default\">\n\t\t\t\t\t\t\t<div class=\"elementor-row\">\n\t\t\t\t\t<div class=\"elementor-column elementor-col-100 elementor-top-column elementor-element elementor-element-179d63c\" data-id=\"179d63c\" data-element_type=\"column\">\n\t\t\t<div class=\"elementor-column-wrap elementor-element-populated\">\n\t\t\t\t\t\t\t<div class=\"elementor-widget-wrap\">\n\t\t\t\t\t\t<div class=\"elementor-element elementor-element-a1afb0e elementor-widget elementor-widget-heading\" data-id=\"a1afb0e\" data-element_type=\"widget\" data-widget_type=\"heading.default\">\n\t\t\t\t<div class=\"elementor-widget-container\">\n\t\t\t<h1 class=\"elementor-heading-title elementor-size-default\">CURSO PRE-CONGRESO DEL 6\u00ba CBT<\/h1>\t\t<\/div>\n\t\t\t\t<\/div>\n\t\t\t\t<div class=\"elementor-element elementor-element-0b80107 elementor-widget elementor-widget-html\" data-id=\"0b80107\" data-element_type=\"widget\" data-widget_type=\"html.default\">\n\t\t\t\t<div class=\"elementor-widget-container\">\n\t\t\t<h3>Seguimiento T\u00e9cnico de Obras de T\u00faneles Convencionales (\"NATM\") y Mecanizados (\"TBM\")<\/h3>\n\n<p><b>Fechas:<\/b> 8 y 9\/3\/2025<br>\n<b>Horario:<\/b> 8:30 - 18:00<br>\n<b>Lugar:<\/b> Espa\u00e7o Paulista - Av. Paulista n.807, Bela Vista<\/p>\n\n<p><b>Temas:<\/b><\/p>\n\n<h2>D\u00eda 1 - T\u00faneles Convencionales<\/h2>\n\n<table>\n  <thead>\n    <tr>\n      <th>Horario Inicio<\/th>\n      <th>Horario Fin<\/th>\n      <th>Duraci\u00f3n<\/th>\n      <th>Actividad<\/th>\n      <th>Tema<\/th>\n      <th>Instructor<\/th>\n    <\/tr>\n  <\/thead>\n  <tbody>\n    <tr>\n      <td>08:30<\/td>\n      <td>08:40<\/td>\n      <td>00:10<\/td>\n      <td>Apertura D\u00eda 1<\/td>\n      <td>Bienvenida a los Participantes<\/td>\n      <td>Comisi\u00f3n Organizadora<\/td>\n    <\/tr>\n    <tr>\n      <td>08:40<\/td>\n      <td>09:30<\/td>\n      <td>00:50<\/td>\n      <td>Clase 1<\/td>\n      <td>Aspectos Relevantes del Proyecto<\/td>\n      <td>Guilherme Robbe<\/td>\n    <\/tr>\n    <tr>\n      <td>09:30<\/td>\n      <td>10:20<\/td>\n      <td>00:50<\/td>\n      <td>Clase 2<\/td>\n      <td>Modos de Falla<\/td>\n      <td>Claudio Murakami<\/td>\n    <\/tr>\n    <tr>\n      <td>10:20<\/td>\n      <td>10:40<\/td>\n      <td>00:20<\/td>\n      <td>Pausa Caf\u00e9 - Networking<\/td>\n      <td>**<\/td>\n      <td>**<\/td>\n    <\/tr>\n    <tr>\n      <td>10:40<\/td>\n      <td>11:30<\/td>\n      <td>00:50<\/td>\n      <td>Clase 3<\/td>\n      <td>Interferencias y Estructuras Enterradas<\/td>\n      <td>David Rund<\/td>\n    <\/tr>\n    <tr>\n      <td>11:30<\/td>\n      <td>12:20<\/td>\n      <td>00:50<\/td>\n      <td>Clase 4<\/td>\n      <td>Mapeo de Frente - t\u00faneles en suelo y roca<\/td>\n      <td>Flavio Silva<\/td>\n    <\/tr>\n    <tr>\n      <td>12:20<\/td>\n      <td>14:00<\/td>\n      <td>01:40<\/td>\n      <td>Pausa para Almuerzo<\/td>\n      <td>**<\/td>\n      <td>**<\/td>\n    <\/tr>\n    <tr>\n      <td>14:00<\/td>\n      <td>14:50<\/td>\n      <td>00:50<\/td>\n      <td>Clase 5<\/td>\n      <td>Revestimientos: cerchas, hormig\u00f3n proyectado<\/td>\n      <td>Paulo Femando Araujo da Silva<\/td>\n    <\/tr>\n    <tr>\n      <td>14:50<\/td>\n      <td>15:40<\/td>\n      <td>00:50<\/td>\n      <td>Clase 6<\/td>\n      <td>Acondicionamiento del Macizo Rocoso<\/td>\n      <td>Geraldo Guedes de Andrade<\/td>\n    <\/tr>\n    <tr>\n      <td>15:40<\/td>\n      <td>16:00<\/td>\n      <td>00:20<\/td>\n      <td>Pausa Caf\u00e9 - Networking<\/td>\n      <td>**<\/td>\n      <td>**<\/td>\n    <\/tr>\n    <tr>\n      <td>16:00<\/td>\n      <td>16:50<\/td>\n      <td>00:50<\/td>\n      <td>Clase 7<\/td>\n      <td>Instrumentaci\u00f3n<\/td>\n      <td>Vinicius da Mota Wedekin<\/td>\n    <\/tr>\n    <tr>\n      <td>16:50<\/td>\n      <td>17:40<\/td>\n      <td>00:50<\/td>\n      <td>Clase 8<\/td>\n      <td>Estudios de caso<\/td>\n      <td>Anderson Martins Bruno Scodeler \/ HCR \/ WB<\/td>\n    <\/tr>\n    <tr>\n      <td>17:40<\/td>\n      <td>18:00<\/td>\n      <td>00:20<\/td>\n      <td>Clausura D\u00eda 1<\/td>\n      <td>**<\/td>\n      <td>**<\/td>\n    <\/tr>\n  <\/tbody>\n<\/table>\n\n<br>\n\n<h2>D\u00eda 2 - T\u00faneles Mecanizados<\/h2>\n\n<table>\n  <thead>\n    <tr>\n      <th>Horario Inicio<\/th>\n      <th>Horario Fin<\/th>\n      <th>Duraci\u00f3n<\/th>\n      <th>Actividad<\/th>\n      <th>Tema<\/th>\n      <th>Instructor<\/th>\n    <\/tr>\n  <\/thead>\n  <tbody>\n    <tr>\n      <td>08:30<\/td>\n      <td>08:40<\/td>\n      <td>00:10<\/td>\n      <td>Apertura D\u00eda 2<\/td>\n      <td>**<\/td>\n      <td>**<\/td>\n    <\/tr>\n    <tr>\n      <td>08:40<\/td>\n      <td>09:30<\/td>\n      <td>00:50<\/td>\n      <td>Clase 1<\/td>\n      <td>Aspectos relevantes a observar<\/td>\n      <td>Edson Peev<\/td>\n    <\/tr>\n    <tr>\n      <td>09:30<\/td>\n      <td>10:20<\/td>\n      <td>00:50<\/td>\n      <td>Clase 2<\/td>\n      <td>Definici\u00f3n de Par\u00e1metros Operacionales<\/td>\n      <td>Pedro Fran\u00e7a<\/td>\n    <\/tr>\n    <tr>\n      <td>10:20<\/td>\n      <td>10:40<\/td>\n      <td>00:20<\/td>\n      <td>Pausa Caf\u00e9 - Networking<\/td>\n      <td>**<\/td>\n      <td>**<\/td>\n    <\/tr>\n    <tr>\n      <td>10:40<\/td>\n      <td>11:30<\/td>\n      <td>00:50<\/td>\n      <td>Clase 3<\/td>\n      <td>Tipos de soporte de frente \/ acondicionamiento del macizo rocoso<\/td>\n      <td>Daniela Garroux G. de Oliveira<\/td>\n    <\/tr>\n    <tr>\n      <td>11:30<\/td>\n      <td>12:20<\/td>\n      <td>00:50<\/td>\n      <td><\/td>\n      <td><\/td>\n      <td><\/td>\n    <\/tr>\n    <tr>\n      <td>12:20<\/td>\n      <td>14:00<\/td>\n      <td>01:40<\/td>\n      <td>Pausa para Almuerzo<\/td>\n      <td>**<\/td>\n      <td>**<\/td>\n    <\/tr>\n    <tr>\n      <td>14:00<\/td>\n      <td>14:50<\/td>\n      <td>00:50<\/td>\n      <td>Clase 5<\/td>\n      <td>Instrumentaci\u00f3n - aspectos espec\u00edficos de TBM<\/td>\n      <td>Marcos Hartwig<\/td>\n    <\/tr>\n    <tr>\n      <td>14:50<\/td>\n      <td>15:40<\/td>\n      <td>00:50<\/td>\n      <td>Clase 6<\/td>\n      <td>Digitalizaci\u00f3n de TBMs<\/td>\n      <td>Marc Comulada<\/td>\n    <\/tr>\n    <tr>\n      <td>15:40<\/td>\n      <td>16:00<\/td>\n      <td>00:20<\/td>\n      <td>Pausa Caf\u00e9 - Networking<\/td>\n      <td>**<\/td>\n      <td>**<\/td>\n    <\/tr>\n    <tr>\n      <td>16:00<\/td>\n      <td>16:50<\/td>\n      <td>00:50<\/td>\n      <td>Clase 7<\/td>\n      <td>Gesti\u00f3n de datos geocient\u00edficos en proyectos de T\u00faneles<\/td>\n      <td>Joyce Cruz Di Giovanni<\/td>\n    <\/tr>\n    <tr>\n      <td>16:50<\/td>\n      <td>17:40<\/td>\n      <td>00:50<\/td>\n      <td>Clase 8<\/td>\n      <td>Estudios de caso<\/td>\n      <td>Thiago Silva \/ Jos\u00e9 Carlos Ribeiro<\/td>\n    <\/tr>\n    <tr>\n      <td>17:40<\/td>\n      <td>18:00<\/td>\n      <td>00:20<\/td>\n      <td>Clausura D\u00eda 2<\/td>\n      <td><\/td>\n      <td><\/td>\n    <\/tr>\n  <\/tbody>\n<\/table>\n\n<p>Incluye coffee-breaks y certificado<\/p>\t\t<\/div>\n\t\t\t\t<\/div>\n\t\t\t\t<div class=\"elementor-element elementor-element-20e314f elementor-hidden-desktop elementor-hidden-tablet elementor-hidden-phone elementor-widget elementor-widget-html\" data-id=\"20e314f\" data-element_type=\"widget\" data-widget_type=\"html.default\">\n\t\t\t\t<div class=\"elementor-widget-container\">\n\t\t\t<h3>Seguimiento T\u00e9cnico de Obras de T\u00faneles Convencionales (\"NATM\") y Mecanizados (\"TBM\")<\/h3>\n\n<p><b>Fechas:<\/b> 8 y 9\/3\/2025<br>\n<b>Horario:<\/b> 8:30 - 18:00<br>\n<b>Lugar:<\/b> Espa\u00e7o Paulista - Av. Paulista n.807, Bela Vista<\/p>\n\n\n\n<p><b>Temas:<\/b><\/p>\n\n<table class=\"table_6cbtfev2025\">\n  <thead>\n    <tr>\n      <th colspan=\"3\" style=\"text-align: left;\">Dia 1 - T\u00faneles Convencionales<\/th>\n      <th>Tema<\/th>\n      <th>Instructor<\/th>\n    <\/tr>\n  <\/thead>\n  <tbody>\n    <tr>\n      <td>08:30<\/td>\n      <td>08:40<\/td>\n      <td>00:10 Apertura D\u00eda 1<\/td>\n      <td><\/td>\n      <td><\/td>\n    <\/tr>\n    <tr>\n      <td>08:40<\/td>\n      <td>09:30<\/td>\n      <td>00:50 Lecci\u00f3n 1<\/td>\n      <td>Aspectos Relevantes del Proyecto<\/td>\n      <td>Guilherme Robbe<\/td>\n    <\/tr>\n    <tr>\n      <td>09:30<\/td>\n      <td>10:20<\/td>\n      <td>00:50 Lecci\u00f3n 2<\/td>\n      <td>Modos de Falla<\/td>\n      <td>Claudio Murakami<\/td>\n    <\/tr>\n    <tr>\n      <td>10:20<\/td>\n      <td>10:40<\/td>\n      <td>00:20 Coffee Break - Networking<\/td>\n      <td><\/td>\n      <td><\/td>\n    <\/tr>\n    <tr>\n      <td>10:40<\/td>\n      <td>11:30<\/td>\n      <td>00:50 Lecci\u00f3n 3<\/td>\n      <td>Interferencias y Estructuras Enterradas<\/td>\n      <td>David Rund<\/td>\n    <\/tr>\n    <tr>\n      <td>11:30<\/td>\n      <td>12:20<\/td>\n      <td>00:50 Lecci\u00f3n 4<\/td>\n      <td>Mapeo de Frente - T\u00faneles en suelo y roca<\/td>\n      <td>Flavio Silva<\/td>\n    <\/tr>\n    <tr>\n      <td>12:20<\/td>\n      <td>14:00<\/td>\n      <td>01:40 Pausa para el Almuerzo<\/td>\n      <td><\/td>\n      <td><\/td>\n    <\/tr>\n    <tr>\n      <td>14:00<\/td>\n      <td>14:50<\/td>\n      <td>00:50 Lecci\u00f3n 5<\/td>\n      <td>Revestimientos: Cambotas, Hormig\u00f3n proyectado<\/td>\n      <td>Paulo Fernando Araujo da Silva<\/td>\n    <\/tr>\n    <tr>\n      <td>14:50<\/td>\n      <td>15:40<\/td>\n      <td>00:50 Lecci\u00f3n 6<\/td>\n      <td>Acondicionamiento del Macizo<\/td>\n      <td>Geraldo Guedes de Andrade<\/td>\n    <\/tr>\n    <tr>\n      <td>15:40<\/td>\n      <td>16:00<\/td>\n      <td>00:20 Coffee Break - Networking<\/td>\n      <td><\/td>\n      <td><\/td>\n    <\/tr>\n    <tr>\n      <td>16:00<\/td>\n      <td>16:50<\/td>\n      <td>00:50 Lecci\u00f3n 7<\/td>\n      <td>Instrumentaci\u00f3n<\/td>\n      <td>Vinicius da Mota Wedekin<\/td>\n    <\/tr>\n    <tr>\n      <td>16:50<\/td>\n      <td>17:40<\/td>\n      <td>00:50 Lecci\u00f3n 8<\/td>\n      <td>Estudios de Casos<\/td>\n      <td>Anderson Martins\/ Bruno Scodeler \/ HCR \/ WB<\/td>\n    <\/tr>\n    <tr>\n      <td>17:40<\/td>\n      <td>18:00<\/td>\n      <td>00:20 Cierre Dia 1<\/td>\n      <td><\/td>\n      <td><\/td>\n    <\/tr>\n  <\/tbody>\n<\/table>\n\n<br>\n\n<table class=\"table_6cbtfev2025\">\n  <thead>\n    <tr>\n      <th colspan=\"3\" style=\"text-align: left;\">Dia 2 - T\u00faneles Mecanizados<\/th>\n      <th>Tema<\/th>\n      <th>Instructor<\/th>\n    <\/tr>\n  <\/thead>\n  <tbody>\n    <tr>\n      <td>08:30<\/td>\n      <td>08:40<\/td>\n      <td>00:10 Apertura D\u00eda 2<\/td>\n      <td><\/td>\n      <td><\/td>\n    <\/tr>\n    <tr>\n      <td>08:40<\/td>\n      <td>09:30<\/td>\n      <td>00:50 Lecci\u00f3n 1<\/td>\n      <td>Aspectos Relevantes a Observar<\/td>\n      <td>Edson Peev<\/td>\n    <\/tr>\n    <tr>\n      <td>09:30<\/td>\n      <td>10:20<\/td>\n      <td>00:50 Lecci\u00f3n 2<\/td>\n      <td>Tipos de soporte de frente \/ Acondicionamiento del macizo<\/td>\n      <td>Daniela Garroux G. de Oliveira<\/td>\n    <\/tr>\n    <tr>\n      <td>10:20<\/td>\n      <td>10:40<\/td>\n      <td>00:20 Coffee Break - Networking<\/td>\n      <td><\/td>\n      <td><\/td>\n    <\/tr>\n    <tr>\n      <td>10:40<\/td>\n      <td>11:30<\/td>\n      <td>00:50 Lecci\u00f3n 3<\/td>\n      <td>Definici\u00f3n de Par\u00e1metros Operacionales<\/td>\n      <td>Pedro Fran\u00e7a \/ Marc Comulada<\/td>\n    <\/tr>\n    <tr>\n      <td>11:30<\/td>\n      <td>12:20<\/td>\n      <td>00:50 Lecci\u00f3n 4<\/td>\n      <td>Seguimiento T\u00e9cnico de Par\u00e1metros Operacionales Durante el Avance<\/td>\n      <td>Gustavo Aguiar<\/td>\n    <\/tr>\n    <tr>\n      <td>12:20<\/td>\n      <td>14:00<\/td>\n      <td>01:40 Pausa para el Almuerzo<\/td>\n      <td><\/td>\n      <td><\/td>\n    <\/tr>\n    <tr>\n      <td>14:00<\/td>\n      <td>14:50<\/td>\n      <td>00:50 Lecci\u00f3n 5<\/td>\n      <td>Instrumentaci\u00f3n - Aspectos Espec\u00edficos de las TBM<\/td>\n      <td>Marcos Hartwig<\/td>\n    <\/tr>\n    <tr>\n      <td>14:50<\/td>\n      <td>15:40<\/td>\n      <td>00:50 Lecci\u00f3n 6<\/td>\n      <td>Digitalizaci\u00f3n del TBM<\/td>\n      <td>Marc Comulada<\/td>\n    <\/tr>\n    <tr>\n      <td>15:40<\/td>\n      <td>16:00<\/td>\n      <td>00:20 Coffee Break - Networking<\/td>\n      <td><\/td>\n      <td><\/td>\n    <\/tr>\n    <tr>\n      <td>16:00<\/td>\n      <td>16:50<\/td>\n      <td>00:50 Lecci\u00f3n 7<\/td>\n      <td>Gesti\u00f3n de Datos Geocient\u00edficos en Proyectos de T\u00faneles<\/td>\n      <td>Joyce Cruz Di Giovanni<\/td>\n    <\/tr>\n    <tr>\n      <td>16:50<\/td>\n      <td>17:40<\/td>\n      <td>00:50 Lecci\u00f3n 8<\/td>\n      <td>Estudio de Casos<\/td>\n      <td>Thiago Pires \/ Jos\u00e9 Carlos Ribeiro<\/td>\n    <\/tr>\n    <tr>\n      <td>17:40<\/td>\n      <td>18:00<\/td>\n      <td>00:20 Cierre Dia 2<\/td>\n      <td><\/td>\n      <td><\/td>\n    <\/tr>\n  <\/tbody>\n<\/table>\n\n\n<ul style=\"display:none;\">\n  <li><b>D\u00eda 1<\/b> - T\u00faneles Convencionales\n    <ul>\n      <li>Aspectos de Proyecto<\/li>\n      <li>Modos de Rotura<\/li>\n      <li>Interferencias y Estructuras Enterradas<\/li>\n      <li>Mapeo del Frente<\/li>\n      <li>Revestimientos - Hormig\u00f3n Proyectado, Hormig\u00f3n Moldeado, Dovelas<\/li>\n      <li>Tratamiento y Acondicionamiento del Macizo<\/li>\n      <li>Instrumentaci\u00f3n<\/li>\n      <li>Estudio de Casos<\/li>\n    <\/ul>\n  <\/li>\n  <li><b>D\u00eda 2<\/b> - T\u00faneles Mecanizados\n    <ul>\n      <li>Aspectos relevantes a ser observados<\/li>\n      <li>Tipos de soporte y acondicionamiento del frente<\/li>\n      <li>Definici\u00f3n de Par\u00e1metros Operacionales<\/li>\n      <li>Digitalizaci\u00f3n de TBM's<\/li>\n      <li>Instrumentaci\u00f3n<\/li>\n      <li>Gesti\u00f3n de datos<\/li>\n      <li>Estudio de Casos<\/li>\n    <\/ul>\n  <\/li>\n<\/ul>\n\n<p>Incluye coffee-breaks y certificado<\/p>\n\t\t<\/div>\n\t\t\t\t<\/div>\n\t\t\t\t<div class=\"elementor-element elementor-element-cadf109 elementor-hidden-desktop elementor-hidden-tablet elementor-hidden-phone elementor-widget elementor-widget-heading\" data-id=\"cadf109\" data-element_type=\"widget\" data-widget_type=\"heading.default\">\n\t\t\t\t<div class=\"elementor-widget-container\">\n\t\t\t<div class=\"elementor-heading-title elementor-size-default\">Para se inscrever apenas no curso, sem direito a participar do 6\u00baCBT, clique no bot\u00e3o abaixo:<\/div>\t\t<\/div>\n\t\t\t\t<\/div>\n\t\t\t\t<div class=\"elementor-element elementor-element-fc9a310 elementor-align-left elementor-hidden-desktop elementor-hidden-tablet elementor-hidden-phone elementor-widget elementor-widget-button\" data-id=\"fc9a310\" data-element_type=\"widget\" data-widget_type=\"button.default\">\n\t\t\t\t<div class=\"elementor-widget-container\">\n\t\t\t\t\t<div class=\"elementor-button-wrapper\">\n\t\t\t<a href=\"https:\/\/web.eventogyn.com.br\/event\/6cbtlat\/site\/index\/content\/inscricoes?locale=es\" target=\"_blank\" class=\"elementor-button-link elementor-button elementor-size-sm\" role=\"button\">\n\t\t\t\t\t\t<span class=\"elementor-button-content-wrapper\">\n\t\t\t\t\t\t<span class=\"elementor-button-text\">Haga clic aqu\u00ed e inscr\u00edbase s\u00f3lo en el curso<\/span>\n\t\t<\/span>\n\t\t\t\t\t<\/a>\n\t\t<\/div>\n\t\t\t\t<\/div>\n\t\t\t\t<\/div>\n\t\t\t\t<div class=\"elementor-element elementor-element-163157f elementor-widget elementor-widget-html\" data-id=\"163157f\" data-element_type=\"widget\" data-widget_type=\"html.default\">\n\t\t\t\t<div class=\"elementor-widget-container\">\n\t\t\t<iframe src=\"https:\/\/www.google.com\/maps\/embed?pb=!1m18!1m12!1m3!1d3657.0529092920615!2d-46.65361258815584!3d-23.566543161695986!2m3!1f0!2f0!3f0!3m2!1i1024!2i768!4f13.1!3m3!1m2!1s0x94ce59b89cf06c4f%3A0xfbed9f0660cdddda!2sEspa%C3%A7o%20Paulista%20Promo%C3%A7%C3%B5es%20Eventos!5e0!3m2!1spt-BR!2sbr!4v1737582879224!5m2!1spt-BR!2sbr\" width=\"600\" height=\"350\" style=\"border:0;\" allowfullscreen=\"\" loading=\"lazy\" referrerpolicy=\"no-referrer-when-downgrade\"><\/iframe>\t\t<\/div>\n\t\t\t\t<\/div>\n\t\t\t\t\t\t<\/div>\n\t\t\t\t\t<\/div>\n\t\t<\/div>\n\t\t\t\t\t\t\t\t<\/div>\n\t\t\t\t\t<\/div>\n\t\t<\/section>\n\t\t\t\t\t\t<\/div>\n\t\t\t\t\t\t<\/div>\n\t\t\t\t\t<\/div>\n\t\t","protected":false},"excerpt":{"rendered":"<p>CURSO PRE-CONGRESO DEL 6\u00ba CBT Seguimiento T\u00e9cnico de Obras de T\u00faneles Convencionales (&#8220;NATM&#8221;) y Mecanizados (&#8220;TBM&#8221;) Fechas: 8 y 9\/3\/2025 Horario: 8:30 &#8211; 18:00 Lugar: Espa\u00e7o Paulista &#8211; Av. Paulista n.807, Bela Vista Temas: D\u00eda 1 &#8211; T\u00faneles Convencionales Horario Inicio Horario Fin Duraci\u00f3n Actividad Tema Instructor 08:30 08:40 00:10 Apertura D\u00eda 1 Bienvenida a &hellip;<\/p>\n<p class=\"read-more\"> <a class=\"\" href=\"https:\/\/6cbt.tuneis.org.br\/esp\/index.php\/curso\/\"> <span class=\"screen-reader-text\">Curso<\/span> Leer m\u00e1s &raquo;<\/a><\/p>\n","protected":false},"author":1,"featured_media":0,"parent":0,"menu_order":0,"comment_status":"closed","ping_status":"closed","template":"","meta":{"footnotes":""},"class_list":["post-3289","page","type-page","status-publish","hentry"],"_links":{"self":[{"href":"https:\/\/6cbt.tuneis.org.br\/esp\/index.php\/wp-json\/wp\/v2\/pages\/3289"}],"collection":[{"href":"https:\/\/6cbt.tuneis.org.br\/esp\/index.php\/wp-json\/wp\/v2\/pages"}],"about":[{"href":"https:\/\/6cbt.tuneis.org.br\/esp\/index.php\/wp-json\/wp\/v2\/types\/page"}],"author":[{"embeddable":true,"href":"https:\/\/6cbt.tuneis.org.br\/esp\/index.php\/wp-json\/wp\/v2\/users\/1"}],"replies":[{"embeddable":true,"href":"https:\/\/6cbt.tuneis.org.br\/esp\/index.php\/wp-json\/wp\/v2\/comments?post=3289"}],"version-history":[{"count":25,"href":"https:\/\/6cbt.tuneis.org.br\/esp\/index.php\/wp-json\/wp\/v2\/pages\/3289\/revisions"}],"predecessor-version":[{"id":3596,"href":"https:\/\/6cbt.tuneis.org.br\/esp\/index.php\/wp-json\/wp\/v2\/pages\/3289\/revisions\/3596"}],"wp:attachment":[{"href":"https:\/\/6cbt.tuneis.org.br\/esp\/index.php\/wp-json\/wp\/v2\/media?parent=3289"}],"curies":[{"name":"wp","href":"https:\/\/api.w.org\/{rel}","templated":true}]}}