{"id":3171,"date":"2024-11-26T14:24:21","date_gmt":"2024-11-26T17:24:21","guid":{"rendered":"https:\/\/6cbt.tuneis.org.br\/esp\/?page_id=3171"},"modified":"2025-02-12T17:39:27","modified_gmt":"2025-02-12T20:39:27","slug":"conferencias-internacionales-en-ingles","status":"publish","type":"page","link":"https:\/\/6cbt.tuneis.org.br\/esp\/index.php\/conferencias-internacionales-en-ingles\/","title":{"rendered":"Conferencias internacionales (en ingl\u00e9s)"},"content":{"rendered":"\t\t<div data-elementor-type=\"wp-post\" data-elementor-id=\"3171\" class=\"elementor elementor-3171\" data-elementor-settings=\"[]\">\n\t\t\t\t\t\t<div class=\"elementor-inner\">\n\t\t\t\t\t\t\t<div class=\"elementor-section-wrap\">\n\t\t\t\t\t\t\t<section class=\"elementor-section elementor-top-section elementor-element elementor-element-a1d0437 elementor-section-boxed elementor-section-height-default elementor-section-height-default\" data-id=\"a1d0437\" data-element_type=\"section\">\n\t\t\t\t\t\t<div class=\"elementor-container elementor-column-gap-default\">\n\t\t\t\t\t\t\t<div class=\"elementor-row\">\n\t\t\t\t\t<div class=\"elementor-column elementor-col-100 elementor-top-column elementor-element elementor-element-179d63c\" data-id=\"179d63c\" data-element_type=\"column\">\n\t\t\t<div class=\"elementor-column-wrap elementor-element-populated\">\n\t\t\t\t\t\t\t<div class=\"elementor-widget-wrap\">\n\t\t\t\t\t\t<div class=\"elementor-element elementor-element-a1afb0e elementor-widget elementor-widget-heading\" data-id=\"a1afb0e\" data-element_type=\"widget\" data-widget_type=\"heading.default\">\n\t\t\t\t<div class=\"elementor-widget-container\">\n\t\t\t<h1 class=\"elementor-heading-title elementor-size-default\">Conferencias internacionales (en ingl\u00e9s)<\/h1>\t\t<\/div>\n\t\t\t\t<\/div>\n\t\t\t\t<div class=\"elementor-element elementor-element-ed2405f elementor-widget elementor-widget-shortcode\" data-id=\"ed2405f\" data-element_type=\"widget\" data-widget_type=\"shortcode.default\">\n\t\t\t\t<div class=\"elementor-widget-container\">\n\t\t\t\t\t<div class=\"elementor-shortcode\"><div class=\"bios-container\"><div class=\"bio-item speaker-card\"><img loading=\"lazy\" decoding=\"async\" width=\"300\" height=\"284\" src=\"https:\/\/6cbt.tuneis.org.br\/esp\/wp-content\/uploads\/2025\/02\/Andre_Muralanda-300x284.jpg\" class=\"attachment-medium size-medium wp-post-image\" alt=\"\" srcset=\"https:\/\/6cbt.tuneis.org.br\/esp\/wp-content\/uploads\/2025\/02\/Andre_Muralanda-300x284.jpg 300w, https:\/\/6cbt.tuneis.org.br\/esp\/wp-content\/uploads\/2025\/02\/Andre_Muralanda.jpg 600w\" sizes=\"(max-width: 300px) 100vw, 300px\" \/><div class=\"speaker-info\"><h2 class=\"speaker-name\">Andr\u00e9s Marulanda E.<\/h2><div class=\"speaker-bio\"><p>Director General INGETEC<br \/>\nPrimer Vicepresidente ITA<br \/>\nCoautor Libro Esmeralda FIDIC-ITA<br \/>\nRevisor C\u00f3digo de Pr\u00e1cticas para la Gesti\u00f3n de Riesgos ITIG<br \/>\nTutor ITA WG 3 - Pr\u00e1cticas Contractuales<\/p>\n<p>El Dr. Marulanda se desempe\u00f1a como director general de INGETEC, una empresa de consultor\u00eda en ingenier\u00eda con presencia en la mayor\u00eda de los pa\u00edses de Am\u00e9rica Latina y en todo el mundo. Adem\u00e1s, ocupa el cargo de Primer Vicepresidente de la ITA (Asociaci\u00f3n Internacional de T\u00faneles). Su trabajo en ITA destaca su coautor\u00eda en el Libro Esmeralda FIDIC-ITA: Condiciones de Contrato para Obras Subterr\u00e1neas, la revisi\u00f3n del C\u00f3digo de Pr\u00e1cticas para la Gesti\u00f3n de Riesgos en Proyectos de T\u00faneles ITIG, la coautor\u00eda de la Lista de Verificaci\u00f3n del Marco Contractual de ITA para Contratos de Construcci\u00f3n Subterr\u00e1nea y su participaci\u00f3n como tutor en el grupo de trabajo sobre pr\u00e1cticas contractuales de ITA (WG3).<\/p>\n<p>A lo largo de su carrera profesional, el Dr. Marulanda ha participado activamente en la industria de t\u00faneles, como profesional, acad\u00e9mico y miembro de asociaciones internacionales. Ha participado como ingeniero geot\u00e9cnico y como director de proyectos en el dise\u00f1o o supervisi\u00f3n de m\u00e1s de 300 km de t\u00faneles hidr\u00e1ulicos y de transporte en m\u00e1s de 20 proyectos. Tambi\u00e9n cuenta con una amplia experiencia en el dise\u00f1o y supervisi\u00f3n de la construcci\u00f3n de grandes cavernas subterr\u00e1neas para proyectos hidroel\u00e9ctricos. Su experiencia y conocimiento tambi\u00e9n incluyen actuar como testigo experto en procedimientos complejos de arbitraje.<\/p>\n<p>El Dr. Marulanda es ingeniero civil por la Universidad de los Andes y tiene maestr\u00edas en Ingenier\u00eda Geot\u00e9cnica por la Universidad de Illinois en Urbana-Champaign y en Gesti\u00f3n de Proyectos por la Universidad de Northwestern. Adem\u00e1s, cuenta con un doctorado en Gesti\u00f3n de Riesgos-ISM (Francia) y particip\u00f3 en el Programa de Presidentes de HBS de la Universidad de Harvard. Est\u00e1 registrado como ingeniero en Colombia y EE. UU. (Florida) y es un Profesional Certificado en Gesti\u00f3n de Proyectos (PMP).<\/p>\n<\/div><\/div><\/div><div class=\"bio-item speaker-card\"><img loading=\"lazy\" decoding=\"async\" width=\"286\" height=\"300\" src=\"https:\/\/6cbt.tuneis.org.br\/esp\/wp-content\/uploads\/2025\/02\/Gerardo_Pittaro-286x300.jpg\" class=\"attachment-medium size-medium wp-post-image\" alt=\"\" srcset=\"https:\/\/6cbt.tuneis.org.br\/esp\/wp-content\/uploads\/2025\/02\/Gerardo_Pittaro-286x300.jpg 286w, https:\/\/6cbt.tuneis.org.br\/esp\/wp-content\/uploads\/2025\/02\/Gerardo_Pittaro.jpg 678w\" sizes=\"(max-width: 286px) 100vw, 286px\" \/><div class=\"speaker-info\"><h2 class=\"speaker-name\">Gerardo Pittaro<\/h2><div class=\"speaker-bio\"><p>Gerardo Pittaro es Ingeniero Civil Chartered por la Institution of Civil Engineers en el Reino Unido. Es Ingeniero Civil graduado de la UNC (C\u00f3rdoba), Argentina, posee una Maestr\u00eda en Geotecnia por la Universidad Polit\u00e9cnica de Tur\u00edn, Italia, y un Doctorado por la Universidad Nacional de Singapur. Gerardo ha estado involucrado en el dise\u00f1o, gesti\u00f3n y apoyo de proyectos de construcci\u00f3n subterr\u00e1nea durante m\u00e1s de 15 a\u00f1os en Argentina, Italia y, m\u00e1s recientemente, en Singapur, donde ha pasado los \u00faltimos diez a\u00f1os. Ha participado como conferencista en varios congresos y seminarios internacionales y es miembro activo de m\u00faltiples comit\u00e9s dentro de la ISSMGE y la ITA, incluyendo TC214 (suelos blandos), TC211 (mejoramiento de suelos), TC204 (construcci\u00f3n subterr\u00e1nea en suelos blandos) y WTG20 (problemas urbanos, soluciones subterr\u00e1neas). Actualmente, Gerardo se desempe\u00f1a como Director de T\u00faneles para Am\u00e9rica Latina en AECOM, con sede en Panam\u00e1.<\/p>\n<\/div><\/div><\/div><div class=\"bio-item speaker-card\"><img loading=\"lazy\" decoding=\"async\" width=\"162\" height=\"300\" src=\"https:\/\/6cbt.tuneis.org.br\/esp\/wp-content\/uploads\/2025\/02\/Hector-162x300.jpg\" class=\"attachment-medium size-medium wp-post-image\" alt=\"\" srcset=\"https:\/\/6cbt.tuneis.org.br\/esp\/wp-content\/uploads\/2025\/02\/Hector-162x300.jpg 162w, https:\/\/6cbt.tuneis.org.br\/esp\/wp-content\/uploads\/2025\/02\/Hector.jpg 173w\" sizes=\"(max-width: 162px) 100vw, 162px\" \/><div class=\"speaker-info\"><h2 class=\"speaker-name\">H\u00e9ctor Alonso G\u00f3mez Giraldo<\/h2><div class=\"speaker-bio\"><p>Ingeniero Civil con m\u00e1s de 35 a\u00f1os de experiencia liderando proyectos de infraestructura de alto impacto en Colombia. Contribuciones clave incluyen la gesti\u00f3n de proyectos emblem\u00e1ticos como el T\u00fanel del Toyo y sus v\u00edas de acceso, Parques del R\u00edo Medell\u00edn, el Tranv\u00eda de Ayacucho, el Puente Madre Laura y el Cable A\u00e9reo del Picacho, entre otros. Ejecut\u00f3 con \u00e9xito proyectos con recursos p\u00fablicos superiores a COP 4,5 billones, coordinando equipos interdisciplinarios y garantizando resultados de alta calidad.<\/p>\n<\/div><\/div><\/div><div class=\"bio-item speaker-card\"><img loading=\"lazy\" decoding=\"async\" width=\"216\" height=\"300\" src=\"https:\/\/6cbt.tuneis.org.br\/esp\/wp-content\/uploads\/2025\/02\/foto_karin-216x300.jpg\" class=\"attachment-medium size-medium wp-post-image\" alt=\"\" srcset=\"https:\/\/6cbt.tuneis.org.br\/esp\/wp-content\/uploads\/2025\/02\/foto_karin-216x300.jpg 216w, https:\/\/6cbt.tuneis.org.br\/esp\/wp-content\/uploads\/2025\/02\/foto_karin.jpg 222w\" sizes=\"(max-width: 216px) 100vw, 216px\" \/><div class=\"speaker-info\"><h2 class=\"speaker-name\">Karin B\u00e4ppler<\/h2><div class=\"speaker-bio\"><p>Dra. Karin B\u00e4ppler, Jefa de Desarrollo de Negocios y Preventa, Unidad de Negocios de T\u00faneles de Tr\u00e1fico, Herrenknecht AG, Alemania<\/p>\n<p>Karin se gradu\u00f3 en Ingenier\u00eda Civil en la Universidad T\u00e9cnica de Karlsruhe, Alemania (actualmente KIT, Instituto Tecnol\u00f3gico de Karlsruhe) y complet\u00f3 sus estudios de posgrado con un doctorado en la Escuela de Minas de Colorado, EE. UU. Se uni\u00f3 a Herrenknecht en 1997 y desde entonces se ha especializado en geotecnolog\u00eda, investigaci\u00f3n y desarrollo.<\/p>\n<p>De 2008 a 2024, Karin dirigi\u00f3 el departamento de Ingenier\u00eda Geot\u00e9cnica y Consultor\u00eda de la Divisi\u00f3n de T\u00faneles de Tr\u00e1fico en la sede de Herrenknecht en Schwanau, Alemania, y en su puesto actual, es responsable como Jefa de Desarrollo de Negocios y Preventa.<\/p>\n<p>Desde junio de 2013, Karin tambi\u00e9n es miembro del Consejo de Supervisi\u00f3n de Herrenknecht AG.<\/p>\n<p>Es profesora invitada en programas de posgrado en universidades de Francia, Alemania, Italia y EE. UU. sobre el tema de la excavaci\u00f3n de t\u00faneles y las tuneladoras, adem\u00e1s de dar conferencias en congresos internacionales sobre tecnolog\u00eda de excavaci\u00f3n mecanizada de t\u00faneles.<\/p>\n<\/div><\/div><\/div><div class=\"bio-item speaker-card\"><img loading=\"lazy\" decoding=\"async\" width=\"215\" height=\"286\" src=\"https:\/\/6cbt.tuneis.org.br\/esp\/wp-content\/uploads\/2025\/02\/Lars_Langmaack.jpg\" class=\"attachment-medium size-medium wp-post-image\" alt=\"\" \/><div class=\"speaker-info\"><h2 class=\"speaker-name\">Lars Langmaack<\/h2><div class=\"speaker-bio\"><p>Lars Langmaack trabaja desde hace m\u00e1s de 25 a\u00f1os en la industria de t\u00faneles:<br \/>\n- comenz\u00f3 en 1996 con la investigaci\u00f3n y el desarrollo de aditivos para TBM en Rh\u00f4ne-Poulenc en Francia<br \/>\n- 14 a\u00f1os en BASF (MBT \/ Degussa) como gerente t\u00e9cnico europeo y mundial para aditivos de TBM<br \/>\n- 5 a\u00f1os en NORMET International como jefe de la Divisi\u00f3n TBM<br \/>\n- Director T\u00e9cnico de TBM para MC-Bauchemie desde enero de 2019<br \/>\nSus principales objetivos son los desarrollos para una tunelizaci\u00f3n m\u00e1s segura en terrenos cada vez m\u00e1s heterog\u00e9neos, ampliando la gama de EPB a arcilla de frente completo, as\u00ed como a terrenos altamente permeables, incluida la investigaci\u00f3n de gamas de productos qu\u00edmicos m\u00e1s sostenibles y respetuosos con el medio ambiente.<br \/>\nLa consultor\u00eda y el soporte de proyectos especiales en condiciones dif\u00edciles en el sitio completan su espectro de actividades.<br \/>\nHa trabajado en proyectos de todos los di\u00e1metros:<br \/>\ndesde menos de 2 m hasta m\u00e1s de 15 m de di\u00e1metro de cabezal de corte, en TBM de roca dura, lodos y EPB de todos los fabricantes relevantes.<\/p>\n<\/div><\/div><\/div><\/div><\/div>\n\t\t\t\t<\/div>\n\t\t\t\t<\/div>\n\t\t\t\t<div class=\"elementor-element elementor-element-c5b3ba1 elementor-hidden-desktop elementor-hidden-tablet elementor-hidden-phone elementor-widget elementor-widget-html\" data-id=\"c5b3ba1\" data-element_type=\"widget\" data-widget_type=\"html.default\">\n\t\t\t\t<div class=\"elementor-widget-container\">\n\t\t\t<!DOCTYPE html>\n<html lang=\"pt-BR\">\n<head>\n    <meta charset=\"UTF-8\">\n    <meta name=\"viewport\" content=\"width=device-width, initial-scale=1.0\">\n    <title>Keynote Speakers - 6\u00ba CBT<\/title>\n    <style>\n        * {\n            box-sizing: border-box;\n        }\n        \n        body {\n            font-family: Arial, sans-serif;\n            line-height: 1.6;\n            color: #333;\n            background-color: #f5f5f5;\n        }\n\n        header {\n            text-align: center;\n            color: white;\n            \/*margin-bottom: 40px;*\/\n            border-radius: 8px;\n        }\n\n        h1 {\n            font-size: 2.5em;\n            margin-bottom: 20px;\n        }\n\n        .speakers-container {\n            display: grid;\n            grid-template-columns: repeat(auto-fit, minmax(300px, 1fr));\n            gap: 40px;\n            padding: 20px;\n        }\n\n        .speaker-card {\n            background: white;\n            border-radius: 8px;\n            overflow: hidden;\n            box-shadow: 0 4px 6px rgba(0, 0, 0, 0.1);\n            transition: transform 0.3s ease;\n        }\n\n        .speaker-card:hover {\n            transform: translateY(-5px);\n        }\n\n        .speaker-image {\n            width: 100%;\n            height: 300px;\n            object-fit: cover;\n        }\n\n        .speaker-card img {\n            height: 300px;\n            object-fit: contain;\n        }\n\n        .speaker-info {\n            padding: 20px;\n        }\n\n        .speaker-name {\n            font-size: 1.5em;\n            color: #003366;\n            margin-bottom: 15px;\n        }\n\n        .speaker-bio {\n            font-size: 1em;\n            text-align: justify;\n        }\n\n        @media (max-width: 768px) {\n            h1 {\n                font-size: 2em;\n            }\n        }\n    <\/style>\n<\/head>\n<body>\n<!--     <header>\n        <h1>Keynote Speakers<\/h1>\n        <p>6\u00ba Congresso Brasileiro de T\u00faneis<\/p>\n    <\/header> -->\n\n\n\n    <div class=\"speakers-container\">\n        <div class=\"speaker-card\">\n            <img decoding=\"async\" src=\"https:\/\/6cbt.tuneis.org.br\/wp-content\/uploads\/2024\/11\/foto_karin.jpg\" alt=\"Karin B\u00e4ppler\" class=\"speaker-image\">\n            <div class=\"speaker-info\">\n                <h2 class=\"speaker-name\">Karin B\u00e4ppler<\/h2>\n                <div class=\"speaker-bio\">\n                    <p>Dra. Karin B\u00e4ppler, Jefa de Desarrollo de Negocios y Preventa, Unidad de Negocios de T\u00faneles de Tr\u00e1fico, Herrenknecht AG, Alemania\n\n<br>Karin se gradu\u00f3 en Ingenier\u00eda Civil en la Universidad T\u00e9cnica de Karlsruhe, Alemania (actualmente KIT, Instituto Tecnol\u00f3gico de Karlsruhe) y complet\u00f3 sus estudios de posgrado con un doctorado en la Escuela de Minas de Colorado, EE. UU. Se uni\u00f3 a Herrenknecht en 1997 y desde entonces se ha especializado en geotecnolog\u00eda, investigaci\u00f3n y desarrollo.\n\n<br>De 2008 a 2024, Karin dirigi\u00f3 el departamento de Ingenier\u00eda Geot\u00e9cnica y Consultor\u00eda de la Divisi\u00f3n de T\u00faneles de Tr\u00e1fico en la sede de Herrenknecht en Schwanau, Alemania, y en su puesto actual, es responsable como Jefa de Desarrollo de Negocios y Preventa.\n\n<br>Desde junio de 2013, Karin tambi\u00e9n es miembro del Consejo de Supervisi\u00f3n de Herrenknecht AG.\n\n<br>Es profesora invitada en programas de posgrado en universidades de Francia, Alemania, Italia y EE. UU. sobre el tema de la excavaci\u00f3n de t\u00faneles y las tuneladoras, adem\u00e1s de dar conferencias en congresos internacionales sobre tecnolog\u00eda de excavaci\u00f3n mecanizada de t\u00faneles.<\/p>\n                <\/div>\n            <\/div>\n        <\/div>\n\n        <div class=\"speaker-card\">\n            <img decoding=\"async\" src=\"https:\/\/6cbt.tuneis.org.br\/wp-content\/uploads\/2024\/11\/Lars_Langmaack.jpg\" alt=\"Lars Langmaack\" class=\"speaker-image\">\n            <div class=\"speaker-info\">\n                <h2 class=\"speaker-name\">Lars Langmaack<\/h2>\n                <div class=\"speaker-bio\">\n                    <p>Lars Langmaack trabaja desde hace m\u00e1s de 25 a\u00f1os en la industria de t\u00faneles:\n<br>- comenz\u00f3 en 1996 con la investigaci\u00f3n y el desarrollo de aditivos para TBM en Rh\u00f4ne-Poulenc en Francia\n<br>- 14 a\u00f1os en BASF (MBT \/ Degussa) como gerente t\u00e9cnico europeo y mundial para aditivos de TBM\n<br>- 5 a\u00f1os en NORMET International como jefe de la Divisi\u00f3n TBM\n<br>- Director T\u00e9cnico de TBM para MC-Bauchemie desde enero de 2019\n<br>Sus principales objetivos son los desarrollos para una tunelizaci\u00f3n m\u00e1s segura en terrenos cada vez m\u00e1s heterog\u00e9neos, ampliando la gama de EPB a arcilla de frente completo, as\u00ed como a terrenos altamente permeables, incluida la investigaci\u00f3n de gamas de productos qu\u00edmicos m\u00e1s sostenibles y respetuosos con el medio ambiente.\n<br>La consultor\u00eda y el soporte de proyectos especiales en condiciones dif\u00edciles en el sitio completan su espectro de actividades.\n<br>Ha trabajado en proyectos de todos los di\u00e1metros:\n<br>desde menos de 2 m hasta m\u00e1s de 15 m de di\u00e1metro de cabezal de corte, en TBM de roca dura, lodos y EPB de todos los fabricantes relevantes.<\/p>\n                <\/div>\n            <\/div>\n        <\/div>\n\n\n    <\/div>\n\n<div class=\"speakers-container\">\n        <div class=\"speaker-card\">\n            <img decoding=\"async\" src=\"https:\/\/6cbt.tuneis.org.br\/wp-content\/uploads\/2024\/11\/Andre_Muralanda.jpg\" alt=\"Dr. Andr\u00e9s Marulanda E.\" class=\"speaker-image\">\n            <div class=\"speaker-info\">\n                <h2 class=\"speaker-name\">Dr. Andr\u00e9s Marulanda E.<\/h2>\n                <div class=\"speaker-bio\">\n                    <p><b>Director General INGETEC\n<br>Primer Vicepresidente ITA\n<br>Coautor Libro Esmeralda FIDIC-ITA\n<br>Revisor C\u00f3digo de Pr\u00e1cticas para la Gesti\u00f3n de Riesgos ITIG\n<br>Tutor ITA WG 3 - Pr\u00e1cticas Contractuales<\/b>\n\n<br>El Dr. Marulanda se desempe\u00f1a como director general de INGETEC, una empresa de consultor\u00eda en ingenier\u00eda con presencia en la mayor\u00eda de los pa\u00edses de Am\u00e9rica Latina y en todo el mundo. Adem\u00e1s, ocupa el cargo de Primer Vicepresidente de la ITA (Asociaci\u00f3n Internacional de T\u00faneles). Su trabajo en ITA destaca su coautor\u00eda en el Libro Esmeralda FIDIC-ITA: Condiciones de Contrato para Obras Subterr\u00e1neas, la revisi\u00f3n del C\u00f3digo de Pr\u00e1cticas para la Gesti\u00f3n de Riesgos en Proyectos de T\u00faneles ITIG, la coautor\u00eda de la Lista de Verificaci\u00f3n del Marco Contractual de ITA para Contratos de Construcci\u00f3n Subterr\u00e1nea y su participaci\u00f3n como tutor en el grupo de trabajo sobre pr\u00e1cticas contractuales de ITA (WG3).\n\n<br>A lo largo de su carrera profesional, el Dr. Marulanda ha participado activamente en la industria de t\u00faneles, como profesional, acad\u00e9mico y miembro de asociaciones internacionales. Ha participado como ingeniero geot\u00e9cnico y como director de proyectos en el dise\u00f1o o supervisi\u00f3n de m\u00e1s de 300 km de t\u00faneles hidr\u00e1ulicos y de transporte en m\u00e1s de 20 proyectos. Tambi\u00e9n cuenta con una amplia experiencia en el dise\u00f1o y supervisi\u00f3n de la construcci\u00f3n de grandes cavernas subterr\u00e1neas para proyectos hidroel\u00e9ctricos. Su experiencia y conocimiento tambi\u00e9n incluyen actuar como testigo experto en procedimientos complejos de arbitraje.\n\n<br>El Dr. Marulanda es ingeniero civil por la Universidad de los Andes y tiene maestr\u00edas en Ingenier\u00eda Geot\u00e9cnica por la Universidad de Illinois en Urbana-Champaign y en Gesti\u00f3n de Proyectos por la Universidad de Northwestern. Adem\u00e1s, cuenta con un doctorado en Gesti\u00f3n de Riesgos-ISM (Francia) y particip\u00f3 en el Programa de Presidentes de HBS de la Universidad de Harvard. Est\u00e1 registrado como ingeniero en Colombia y EE. UU. (Florida) y es un Profesional Certificado en Gesti\u00f3n de Proyectos (PMP).<\/p>\n                <\/div>\n            <\/div>\n        <\/div>\n        \n        <div class=\"speaker-card\">\n            <img decoding=\"async\" src=\"https:\/\/6cbt.tuneis.org.br\/wp-content\/uploads\/2025\/02\/Gerardo_Pittaro.jpg\" alt=\"Gerardo Pittaro\" class=\"speaker-image\">\n            <div class=\"speaker-info\">\n                <h2 class=\"speaker-name\">Gerardo Pittaro<\/h2>\n                <div class=\"speaker-bio\">\n                    <p>\n                        Gerardo Pittaro es Ingeniero Civil Chartered por la Institution of Civil Engineers en el Reino Unido. Es Ingeniero Civil graduado de la UNC (C\u00f3rdoba), Argentina, posee una Maestr\u00eda en Geotecnia por la Universidad Polit\u00e9cnica de Tur\u00edn, Italia, y un Doctorado por la Universidad Nacional de Singapur. Gerardo ha estado involucrado en el dise\u00f1o, gesti\u00f3n y apoyo de proyectos de construcci\u00f3n subterr\u00e1nea durante m\u00e1s de 15 a\u00f1os en Argentina, Italia y, m\u00e1s recientemente, en Singapur, donde ha pasado los \u00faltimos diez a\u00f1os. Ha participado como conferencista en varios congresos y seminarios internacionales y es miembro activo de m\u00faltiples comit\u00e9s dentro de la ISSMGE y la ITA, incluyendo TC214 (suelos blandos), TC211 (mejoramiento de suelos), TC204 (construcci\u00f3n subterr\u00e1nea en suelos blandos) y WTG20 (problemas urbanos, soluciones subterr\u00e1neas). Actualmente, Gerardo se desempe\u00f1a como Director de T\u00faneles para Am\u00e9rica Latina en AECOM, con sede en Panam\u00e1.\n                    <\/p>\n                <\/div>\n            <\/div>\n        <\/div>\n\n\n    <\/div>\n\n\n<\/body>\n<\/html>\t\t<\/div>\n\t\t\t\t<\/div>\n\t\t\t\t\t\t<\/div>\n\t\t\t\t\t<\/div>\n\t\t<\/div>\n\t\t\t\t\t\t\t\t<\/div>\n\t\t\t\t\t<\/div>\n\t\t<\/section>\n\t\t\t\t\t\t<\/div>\n\t\t\t\t\t\t<\/div>\n\t\t\t\t\t<\/div>\n\t\t","protected":false},"excerpt":{"rendered":"<p>Conferencias internacionales (en ingl\u00e9s) Keynote Speakers &#8211; 6\u00ba CBT Karin B\u00e4ppler Dra. Karin B\u00e4ppler, Jefa de Desarrollo de Negocios y Preventa, Unidad de Negocios de T\u00faneles de Tr\u00e1fico, Herrenknecht AG, Alemania Karin se gradu\u00f3 en Ingenier\u00eda Civil en la Universidad T\u00e9cnica de Karlsruhe, Alemania (actualmente KIT, Instituto Tecnol\u00f3gico de Karlsruhe) y complet\u00f3 sus estudios de &hellip;<\/p>\n<p class=\"read-more\"> <a class=\"\" href=\"https:\/\/6cbt.tuneis.org.br\/esp\/index.php\/bios\/lars-langmaack\/\"> <span class=\"screen-reader-text\">Lars Langmaack<\/span> Leer m\u00e1s &raquo;<\/a><\/p>\n","protected":false},"author":1,"featured_media":0,"parent":0,"menu_order":0,"comment_status":"closed","ping_status":"closed","template":"","meta":{"footnotes":""},"class_list":["post-3171","page","type-page","status-publish","hentry"],"_links":{"self":[{"href":"https:\/\/6cbt.tuneis.org.br\/esp\/index.php\/wp-json\/wp\/v2\/pages\/3171"}],"collection":[{"href":"https:\/\/6cbt.tuneis.org.br\/esp\/index.php\/wp-json\/wp\/v2\/pages"}],"about":[{"href":"https:\/\/6cbt.tuneis.org.br\/esp\/index.php\/wp-json\/wp\/v2\/types\/page"}],"author":[{"embeddable":true,"href":"https:\/\/6cbt.tuneis.org.br\/esp\/index.php\/wp-json\/wp\/v2\/users\/1"}],"replies":[{"embeddable":true,"href":"https:\/\/6cbt.tuneis.org.br\/esp\/index.php\/wp-json\/wp\/v2\/comments?post=3171"}],"version-history":[{"count":9,"href":"https:\/\/6cbt.tuneis.org.br\/esp\/index.php\/wp-json\/wp\/v2\/pages\/3171\/revisions"}],"predecessor-version":[{"id":3428,"href":"https:\/\/6cbt.tuneis.org.br\/esp\/index.php\/wp-json\/wp\/v2\/pages\/3171\/revisions\/3428"}],"wp:attachment":[{"href":"https:\/\/6cbt.tuneis.org.br\/esp\/index.php\/wp-json\/wp\/v2\/media?parent=3171"}],"curies":[{"name":"wp","href":"https:\/\/api.w.org\/{rel}","templated":true}]}}