{"id":2009,"date":"2020-11-30T13:48:19","date_gmt":"2020-11-30T13:48:19","guid":{"rendered":"http:\/\/5cbt.tuneis.com.br\/5cbt\/?page_id=2009"},"modified":"2024-10-04T09:37:04","modified_gmt":"2024-10-04T12:37:04","slug":"feira","status":"publish","type":"page","link":"https:\/\/6cbt.tuneis.org.br\/esp\/index.php\/feira\/","title":{"rendered":"Feria"},"content":{"rendered":"\t\t<div data-elementor-type=\"wp-post\" data-elementor-id=\"2009\" class=\"elementor elementor-2009\" data-elementor-settings=\"[]\">\n\t\t\t\t\t\t<div class=\"elementor-inner\">\n\t\t\t\t\t\t\t<div class=\"elementor-section-wrap\">\n\t\t\t\t\t\t\t<section class=\"elementor-section elementor-top-section elementor-element elementor-element-a1d0437 elementor-section-boxed elementor-section-height-default elementor-section-height-default\" data-id=\"a1d0437\" data-element_type=\"section\">\n\t\t\t\t\t\t<div class=\"elementor-container elementor-column-gap-default\">\n\t\t\t\t\t\t\t<div class=\"elementor-row\">\n\t\t\t\t\t<div class=\"elementor-column elementor-col-100 elementor-top-column elementor-element elementor-element-179d63c\" data-id=\"179d63c\" data-element_type=\"column\">\n\t\t\t<div class=\"elementor-column-wrap elementor-element-populated\">\n\t\t\t\t\t\t\t<div class=\"elementor-widget-wrap\">\n\t\t\t\t\t\t<div class=\"elementor-element elementor-element-a1afb0e elementor-widget elementor-widget-heading\" data-id=\"a1afb0e\" data-element_type=\"widget\" data-widget_type=\"heading.default\">\n\t\t\t\t<div class=\"elementor-widget-container\">\n\t\t\t<h1 class=\"elementor-heading-title elementor-size-default\">Feria<\/h1>\t\t<\/div>\n\t\t\t\t<\/div>\n\t\t\t\t<div class=\"elementor-element elementor-element-479e118 elementor-widget elementor-widget-text-editor\" data-id=\"479e118\" data-element_type=\"widget\" data-widget_type=\"text-editor.default\">\n\t\t\t\t<div class=\"elementor-widget-container\">\n\t\t\t\t\t<div class=\"elementor-text-editor elementor-clearfix\"><p>El comit\u00e9 organizador del 6\u00ba CBT ha preparado incre\u00edbles oportunidades para que su marca aproveche al m\u00e1ximo el Congreso.<\/p>\n<p>Acceda al plano oficial y al proyecto comercial a continuaci\u00f3n y p\u00f3ngase en contacto con nuestro equipo.<p> <\/div>\n\t\t\t\t<\/div>\n\t\t\t\t<\/div>\n\t\t\t\t<div class=\"elementor-element elementor-element-911a873 elementor-widget elementor-widget-image-gallery\" data-id=\"911a873\" data-element_type=\"widget\" data-widget_type=\"image-gallery.default\">\n\t\t\t\t<div class=\"elementor-widget-container\">\n\t\t\t\t\t<div class=\"elementor-image-gallery\">\n\t\t\t<div id='gallery-1' class='gallery galleryid-2009 gallery-columns-1 gallery-size-full'><figure class='gallery-item'>\n\t\t\t<div class='gallery-icon landscape'>\n\t\t\t\t<a data-elementor-open-lightbox=\"yes\" data-elementor-lightbox-slideshow=\"911a873\" data-elementor-lightbox-title=\"planta_baixa_15-05-2024\" href='https:\/\/6cbt.tuneis.org.br\/esp\/wp-content\/uploads\/2024\/05\/planta_baixa_15-05-2024.jpg'><img loading=\"lazy\" decoding=\"async\" width=\"1600\" height=\"988\" src=\"https:\/\/6cbt.tuneis.org.br\/esp\/wp-content\/uploads\/2024\/05\/planta_baixa_15-05-2024.jpg\" class=\"attachment-full size-full\" alt=\"\" srcset=\"https:\/\/6cbt.tuneis.org.br\/esp\/wp-content\/uploads\/2024\/05\/planta_baixa_15-05-2024.jpg 1600w, https:\/\/6cbt.tuneis.org.br\/esp\/wp-content\/uploads\/2024\/05\/planta_baixa_15-05-2024-300x185.jpg 300w, https:\/\/6cbt.tuneis.org.br\/esp\/wp-content\/uploads\/2024\/05\/planta_baixa_15-05-2024-1024x632.jpg 1024w, https:\/\/6cbt.tuneis.org.br\/esp\/wp-content\/uploads\/2024\/05\/planta_baixa_15-05-2024-768x474.jpg 768w, https:\/\/6cbt.tuneis.org.br\/esp\/wp-content\/uploads\/2024\/05\/planta_baixa_15-05-2024-1536x948.jpg 1536w\" sizes=\"(max-width: 1600px) 100vw, 1600px\" \/><\/a>\n\t\t\t<\/div><\/figure>\n\t\t<\/div>\n\t\t<\/div>\n\t\t\t\t<\/div>\n\t\t\t\t<\/div>\n\t\t\t\t<div class=\"elementor-element elementor-element-3edc292 elementor-widget elementor-widget-html\" data-id=\"3edc292\" data-element_type=\"widget\" data-widget_type=\"html.default\">\n\t\t\t\t<div class=\"elementor-widget-container\">\n\t\t\t<div class=\"elementor-element elementor-element-9de8753 elementor-widget elementor-widget-text-editor\" data-id=\"9de8753\" data-element_type=\"widget\" data-widget_type=\"text-editor.default\">\n<div class=\"elementor-widget-container\">\n<div class=\"elementor-text-editor elementor-clearfix\"><p><strong style=\"font-size: 16px;\"><span style=\"font-size: 16px;\">Contacto<\/span><\/strong><\/p><p><strong>Correo electr\u00f3nico:<\/strong> <a href=\"mailto:secretaria@qeeventos.com.br\" target=\"_blank\" rel=\"noopener\">secretaria@qeeventos.com.br<\/a><br><strong>Tel\u00e9fono:<\/strong> +55 (62) 99900-2577<\/p><\/div>\n<\/div>\n<\/div>\t\t<\/div>\n\t\t\t\t<\/div>\n\t\t\t\t<div class=\"elementor-element elementor-element-9de8753 elementor-hidden-desktop elementor-hidden-tablet elementor-hidden-phone elementor-widget elementor-widget-text-editor\" data-id=\"9de8753\" data-element_type=\"widget\" data-widget_type=\"text-editor.default\">\n\t\t\t\t<div class=\"elementor-widget-container\">\n\t\t\t\t\t<div class=\"elementor-text-editor elementor-clearfix\"><p><strong style=\"font-size: 16px;\"><span style=\"font-size: 16px;\">Contato<\/span><\/strong><\/p><p><strong>E-mail:<\/strong> <a href=\"mailto:exposicao@qeeventos.com.br\" target=\"_blank\" rel=\"noopener\">exposicao@qeeventos.com.br<\/a><br \/><strong>Telefone:<\/strong> (62) 99900-2577<\/p><\/div>\n\t\t\t\t<\/div>\n\t\t\t\t<\/div>\n\t\t\t\t\t\t<\/div>\n\t\t\t\t\t<\/div>\n\t\t<\/div>\n\t\t\t\t\t\t\t\t<\/div>\n\t\t\t\t\t<\/div>\n\t\t<\/section>\n\t\t\t\t\t\t<\/div>\n\t\t\t\t\t\t<\/div>\n\t\t\t\t\t<\/div>\n\t\t","protected":false},"excerpt":{"rendered":"<p>Feria El comit\u00e9 organizador del 6\u00ba CBT ha preparado incre\u00edbles oportunidades para que su marca aproveche al m\u00e1ximo el Congreso. Acceda al plano oficial y al proyecto comercial a continuaci\u00f3n y p\u00f3ngase en contacto con nuestro equipo. Contacto Correo electr\u00f3nico: secretaria@qeeventos.com.brTel\u00e9fono: +55 (62) 99900-2577 Contato E-mail: exposicao@qeeventos.com.brTelefone: (62) 99900-2577<\/p>\n","protected":false},"author":1,"featured_media":0,"parent":0,"menu_order":0,"comment_status":"closed","ping_status":"closed","template":"","meta":{"footnotes":""},"class_list":["post-2009","page","type-page","status-publish","hentry"],"_links":{"self":[{"href":"https:\/\/6cbt.tuneis.org.br\/esp\/index.php\/wp-json\/wp\/v2\/pages\/2009"}],"collection":[{"href":"https:\/\/6cbt.tuneis.org.br\/esp\/index.php\/wp-json\/wp\/v2\/pages"}],"about":[{"href":"https:\/\/6cbt.tuneis.org.br\/esp\/index.php\/wp-json\/wp\/v2\/types\/page"}],"author":[{"embeddable":true,"href":"https:\/\/6cbt.tuneis.org.br\/esp\/index.php\/wp-json\/wp\/v2\/users\/1"}],"replies":[{"embeddable":true,"href":"https:\/\/6cbt.tuneis.org.br\/esp\/index.php\/wp-json\/wp\/v2\/comments?post=2009"}],"version-history":[{"count":26,"href":"https:\/\/6cbt.tuneis.org.br\/esp\/index.php\/wp-json\/wp\/v2\/pages\/2009\/revisions"}],"predecessor-version":[{"id":3058,"href":"https:\/\/6cbt.tuneis.org.br\/esp\/index.php\/wp-json\/wp\/v2\/pages\/2009\/revisions\/3058"}],"wp:attachment":[{"href":"https:\/\/6cbt.tuneis.org.br\/esp\/index.php\/wp-json\/wp\/v2\/media?parent=2009"}],"curies":[{"name":"wp","href":"https:\/\/api.w.org\/{rel}","templated":true}]}}