{"id":1999,"date":"2020-11-30T13:44:33","date_gmt":"2020-11-30T13:44:33","guid":{"rendered":"http:\/\/5cbt.tuneis.com.br\/5cbt\/?page_id=1999"},"modified":"2025-03-26T17:35:24","modified_gmt":"2025-03-26T20:35:24","slug":"submissao-de-trabalhos","status":"publish","type":"page","link":"https:\/\/6cbt.tuneis.org.br\/esp\/index.php\/submissao-de-trabalhos\/","title":{"rendered":"Presentaci\u00f3n de Trabajos"},"content":{"rendered":"\t\t<div data-elementor-type=\"wp-post\" data-elementor-id=\"1999\" class=\"elementor elementor-1999\" data-elementor-settings=\"[]\">\n\t\t\t\t\t\t<div class=\"elementor-inner\">\n\t\t\t\t\t\t\t<div class=\"elementor-section-wrap\">\n\t\t\t\t\t\t\t<section class=\"elementor-section elementor-top-section elementor-element elementor-element-a1d0437 elementor-section-boxed elementor-section-height-default elementor-section-height-default\" data-id=\"a1d0437\" data-element_type=\"section\">\n\t\t\t\t\t\t<div class=\"elementor-container elementor-column-gap-default\">\n\t\t\t\t\t\t\t<div class=\"elementor-row\">\n\t\t\t\t\t<div class=\"elementor-column elementor-col-100 elementor-top-column elementor-element elementor-element-179d63c\" data-id=\"179d63c\" data-element_type=\"column\">\n\t\t\t<div class=\"elementor-column-wrap elementor-element-populated\">\n\t\t\t\t\t\t\t<div class=\"elementor-widget-wrap\">\n\t\t\t\t\t\t<div class=\"elementor-element elementor-element-a1afb0e elementor-widget elementor-widget-heading\" data-id=\"a1afb0e\" data-element_type=\"widget\" data-widget_type=\"heading.default\">\n\t\t\t\t<div class=\"elementor-widget-container\">\n\t\t\t<h1 class=\"elementor-heading-title elementor-size-default\">Presentaci\u00f3n de Trabajos<\/h1>\t\t<\/div>\n\t\t\t\t<\/div>\n\t\t\t\t<div class=\"elementor-element elementor-element-c68b617 elementor-widget elementor-widget-html\" data-id=\"c68b617\" data-element_type=\"widget\" data-widget_type=\"html.default\">\n\t\t\t\t<div class=\"elementor-widget-container\">\n\t\t\t<h2>CONVOCATORIA PARA LA PRESENTACI\u00d3N DE TRABAJOS PARA EL 6\u00ba CONGRESO BRASILE\u00d1O DE T\u00daNELES (6\u00ba CBT)<\/h2>\n<p>Para la presentaci\u00f3n de trabajos en el 6\u00ba CBT, se deber\u00e1n cumplir las siguientes normas:<\/p>\n<h3>1. INSCRIPCI\u00d3N<\/h3>\n<p>1.1 La aceptaci\u00f3n de los trabajos est\u00e1 condicionada a la debida inscripci\u00f3n en el evento.<\/p>\n<p>1.2 Para el env\u00edo de los res\u00famenes, al menos uno de los autores deber\u00e1 registrarse en el sistema del congreso.<\/p>\n<p>1.3 Para el env\u00edo de los trabajos completos, al menos uno de los autores deber\u00e1 estar inscrito en el evento.<\/p>\n<p>1.4 La publicaci\u00f3n de los trabajos en las actas est\u00e1 condicionada a su aprobaci\u00f3n.<\/p>\n<h3>2. PRESENTACI\u00d3N<\/h3>\n<p>2.1 Los trabajos deber\u00e1n ser registrados en la plataforma correspondiente, incluyendo los datos de los autores.<\/p>\n<p>2.2 El resumen debe ser presentado en un m\u00e1ximo de 300 palabras.<\/p>\n<p>2.3 El archivo del art\u00edculo completo debe ser enviado en WORD con un l\u00edmite de hasta 16 p\u00e1ginas y un tama\u00f1o m\u00e1ximo de 20 MB.<\/p>\n<p>2.4 Los trabajos deber\u00e1n ser presentados exclusivamente a trav\u00e9s de la plataforma del evento seg\u00fan el cronograma presentado en el punto 5.<\/p>\n<p>2.5 El trabajo completo debe cumplir con la plantilla del evento.<\/p>\n<p>2.6 Se aceptar\u00e1n trabajos en portugu\u00e9s, espa\u00f1ol e ingl\u00e9s.<\/p>\n<p>2.7 Se admitir\u00e1n hasta 8 (ocho) autores por trabajo.<\/p>\n<p>2.8 Temas para la presentaci\u00f3n de trabajos:<\/p>\n<ul>\n<li>T\u00faneles convencionales <\/li>\n<li>Microt\u00faneles \/ HDD <\/li>\n<li>T\u00faneles Mecanizados<\/li>\n<li>T\u00faneles en Miner\u00eda <\/li>\n<li>T\u00faneles Sumergidos<\/li>\n<li>T\u00faneles en condiciones desafiantes - casos hist\u00f3ricos y lecciones aprendidas<\/li>\n<li>Materiales - concreto (dise\u00f1ado, moldeado), tratamientos, etc.<\/li>\n<li>Instrumentaci\u00f3n \/ monitoreo (t\u00faneles en construcci\u00f3n y operaci\u00f3n) <\/li>\n<li>Innovaciones, rob\u00f3tica y automatizaci\u00f3n <\/li>\n<li>BIM, Big Data y Digital Twin <\/li>\n<li>Seguridad, riesgo, operaci\u00f3n de estructuras subterr\u00e1neas<\/li>\n<li>Pr\u00e1cticas contractuales, seguros y gesti\u00f3n de proyectos <\/li>\n<li>Operaci\u00f3n y Mantenimiento de estructuras subterr\u00e1neas<\/li>\n<li>Investigaciones y Modelos Geol\u00f3gico-Geot\u00e9cnicos <\/li>\n<li>Sostenibilidad de soluciones en T\u00faneles y Obras Subterr\u00e1neas <\/li>\n<li>Innovaci\u00f3n y Sostenibilidad en Minas Subterr\u00e1neas<\/li>\n<li>Pozos y Zanjas<\/li>\n<\/ul>\n<h3>3. EVALUACI\u00d3N<\/h3>\n<p>3.1 Los res\u00famenes y trabajos completos ser\u00e1n evaluados por el comit\u00e9 t\u00e9cnico cient\u00edfico compuesto por profesores, investigadores y profesionales con amplia experiencia en los temas abordados. Al menos dos revisores analizar\u00e1n, de forma independiente, cada resumen y cada trabajo.<\/p>\n<p>3.2 El m\u00e9rito del trabajo solo ser\u00e1 evaluado despu\u00e9s de que haya sido sometido a un an\u00e1lisis de similitud.<\/p>\n<p>El cumplimiento correcto de la plantilla ser\u00e1 uno de los criterios para evaluar los trabajos.<\/p>\n<h3>4. PRESENTACI\u00d3N<\/h3>\n<p>4.1 La presentaci\u00f3n ser\u00e1 en formato oral, p\u00f3ster y publicaci\u00f3n en las actas en medios magn\u00e9ticos.<\/p>\n<p>4.2 Las reglas de presentaci\u00f3n se enviar\u00e1n posteriormente.<\/p>\n<h3>5. CRONOGRAMA<\/h3>\n\n      \n<table>\n    <thead>\n        <tr>\n            <th>Etapas<\/th>\n            <th>Fecha<\/th>\n        <\/tr>\n    <\/thead>\n    <tbody>\n        <tr>\n            <td class=\"highlight\">Presentaci\u00f3n de res\u00famenes<\/td>\n            <td>18\/05\/2024 a 15\/07\/2024<\/td>\n        <\/tr>\n        <tr>\n            <td class=\"highlight\">Evaluaci\u00f3n del resumen<\/td>\n            <td>16\/07\/2024 a 31\/08\/2024<\/td>\n        <\/tr>\n        <tr>\n            <td>Resultado final de la presentaci\u00f3n de res\u00famenes<\/td>\n            <td>02\/09\/2024<\/td>\n        <\/tr>\n        <tr>\n            <td class=\"highlight\">Presentaci\u00f3n del trabajo completo<\/td>\n            <td>03\/09\/2024 a 16\/12\/2024<\/td>\n        <\/tr>\n        <tr>\n            <td>Evaluaci\u00f3n del trabajo completo<\/td>\n            <td>17\/12\/2024 a 20\/01\/2025<\/td>\n        <\/tr>\n        <!-- <tr>\n            <td>Resultado de la presentaci\u00f3n del trabajo completo<\/td>\n            <td>18\/12\/2024<\/td>\n        <\/tr> -->\n        <!-- <tr>\n            <td>Env\u00edo del trabajo completo con las correcciones solicitadas<\/td>\n            <td>20\/12\/2024 a 13\/01\/2025<\/td>\n        <\/tr> -->\n        <tr>\n            <td class=\"highlight\">Resultado final<\/td>\n            <td>31\/01\/2025<\/td>\n        <\/tr>\n    <\/tbody>\n<\/table>\n\n    \n\n<p>COMIT\u00c9 CIENT\u00cdFICO DEL 6\u00ba CBT<\/p>\n\n<style>\n        table {\n            width: 100%;\n            border-collapse: collapse;\n        }\n        th, td {\n            border: 1px solid #000;\n            padding: 8px;\n            text-align: center;\n        }\n        th {\n            background-color: #f2f2f2;\n        }\n        .highlight {\n            \/*font-weight: bold;*\/\n            \/*color: #000;*\/\n        }\n        li{list-style: none;}\n    <\/style>\t\t<\/div>\n\t\t\t\t<\/div>\n\t\t\t\t<div class=\"elementor-element elementor-element-a32a8aa elementor-widget elementor-widget-html\" data-id=\"a32a8aa\" data-element_type=\"widget\" data-widget_type=\"html.default\">\n\t\t\t\t<div class=\"elementor-widget-container\">\n\t\t\t<h2>Res\u00famenes Aprobados por Tema<\/h2>\n<table>\n  <thead>\n    <tr>\n      <th>Tema<\/th>\n      <th>Total<\/th>\n      <th>Porcentaje<\/th>\n    <\/tr>\n  <\/thead>\n  <tbody>\n    <tr>\n      <td>T\u00faneles convencionales<\/td>\n      <td>24<\/td>\n      <td>22,64<\/td>\n    <\/tr>\n    <tr>\n      <td>T\u00faneles en Condiciones Desafiantes - Casos Hist\u00f3ricos y Lecciones Aprendidas<\/td>\n      <td>12<\/td>\n      <td>11,32<\/td>\n    <\/tr>\n    <tr>\n      <td>Instrumentaci\u00f3n \/ Monitoreo (T\u00faneles en Construcci\u00f3n y Operaci\u00f3n)<\/td>\n      <td>11<\/td>\n      <td>10,38<\/td>\n    <\/tr>\n    <tr>\n      <td>Investigaciones y Modelos Geol\u00f3gico-Geot\u00e9cnicos<\/td>\n      <td>10<\/td>\n      <td>9,43<\/td>\n    <\/tr>\n    <tr>\n      <td>T\u00faneles mecanizados<\/td>\n      <td>9<\/td>\n      <td>8,49<\/td>\n    <\/tr>\n    <tr>\n      <td>Seguridad, Riesgo, Operaci\u00f3n de Estructuras Subterr\u00e1neas<\/td>\n      <td>8<\/td>\n      <td>7,55<\/td>\n    <\/tr>\n    <tr>\n      <td>Materiales - Concreto (Proyectado, Moldeado), Tratamientos, etc.<\/td>\n      <td>7<\/td>\n      <td>6,6<\/td>\n    <\/tr>\n    <tr>\n      <td>BIM, Big Data y Digital Twin<\/td>\n      <td>5<\/td>\n      <td>4,72<\/td>\n    <\/tr>\n    <tr>\n      <td>Sostenibilidad de Soluciones en T\u00faneles y Obras Subterr\u00e1neas<\/td>\n      <td>5<\/td>\n      <td>4,72<\/td>\n    <\/tr>\n    <tr>\n      <td>Innovaciones, Rob\u00f3tica y Automatizaci\u00f3n<\/td>\n      <td>4<\/td>\n      <td>3,77<\/td>\n    <\/tr>\n    <tr>\n      <td>Pr\u00e1cticas Contractuales, Seguros y Gesti\u00f3n de Proyectos<\/td>\n      <td>4<\/td>\n      <td>3,77<\/td>\n    <\/tr>\n    <tr>\n      <td>Microt\u00faneles \/ HDD<\/td>\n      <td>3<\/td>\n      <td>2,83<\/td>\n    <\/tr>\n    <tr>\n      <td>T\u00faneles mineros<\/td>\n      <td>2<\/td>\n      <td>1,89<\/td>\n    <\/tr>\n    <tr>\n      <td>Innovaci\u00f3n y Sostenibilidad en Minas Subterr\u00e1neas<\/td>\n      <td>1<\/td>\n      <td>0,94<\/td>\n    <\/tr>\n    <tr>\n      <td>T\u00faneles sumergidos<\/td>\n      <td>1<\/td>\n      <td>0,94<\/td>\n    <\/tr>\n    <tr>\n      <td><strong>Total General<\/strong><\/td>\n      <td><strong>106<\/strong><\/td>\n      <td><strong>100<\/strong><\/td>\n    <\/tr>\n  <\/tbody>\n<\/table>\t\t<\/div>\n\t\t\t\t<\/div>\n\t\t\t\t<div class=\"elementor-element elementor-element-ba2ab31 elementor-hidden-desktop elementor-hidden-tablet elementor-hidden-phone elementor-widget elementor-widget-button\" data-id=\"ba2ab31\" data-element_type=\"widget\" data-widget_type=\"button.default\">\n\t\t\t\t<div class=\"elementor-widget-container\">\n\t\t\t\t\t<div class=\"elementor-button-wrapper\">\n\t\t\t<a href=\"https:\/\/6cbt.tuneis.org.br\/esp\/wp-content\/uploads\/2024\/07\/6\u00ba-CBT-LAT_edital-dos-trabalhos.pdf\" target=\"_blank\" class=\"elementor-button-link elementor-button elementor-size-sm\" role=\"button\">\n\t\t\t\t\t\t<span class=\"elementor-button-content-wrapper\">\n\t\t\t\t\t\t<span class=\"elementor-button-text\">Download Edital<\/span>\n\t\t<\/span>\n\t\t\t\t\t<\/a>\n\t\t<\/div>\n\t\t\t\t<\/div>\n\t\t\t\t<\/div>\n\t\t\t\t<div class=\"elementor-element elementor-element-6f48ef7 elementor-hidden-desktop elementor-hidden-tablet elementor-hidden-phone elementor-widget elementor-widget-html\" data-id=\"6f48ef7\" data-element_type=\"widget\" data-widget_type=\"html.default\">\n\t\t\t\t<div class=\"elementor-widget-container\">\n\t\t\t<p>Acesse a \u00e1rea do participante para inserir seu trabalho, se ainda n\u00e3o tiver inscrito fa\u00e7a primeiro seu cadastro, o pagamento\nda inscri\u00e7\u00e3o pode ser feito posteriormente.<\/p>\n<iframe loading=\"lazy\" id=\"i1954c2e976354b72aed341951879ffcd\" src=\"https:\/\/web.eventogyn.com.br\/event\/6cbtlat\/attendee\" width=\"100%\" height=\"600\"><\/iframe>\n    <script>\n        iFrameResize({\n            log: true, \/\/ Ativa o registro de informa\u00e7\u00f5es no console\n            checkOrigin: false, \/\/ Desativa a verifica\u00e7\u00e3o de origem (necess\u00e1rio para conte\u00fado do Eventogyn)\n            messageCallback: function(event) {\n                if (event.type === 'sizeChange') {\n                    console.log('Altura do iframe: ' + event.height);\n                    console.log('Largura do iframe: ' + event.width);\n                }\n            },\n        }, \"#i1954c2e976354b72aed341951879ffcd\");\n    <\/script>\t\t<\/div>\n\t\t\t\t<\/div>\n\t\t\t\t\t\t<\/div>\n\t\t\t\t\t<\/div>\n\t\t<\/div>\n\t\t\t\t\t\t\t\t<\/div>\n\t\t\t\t\t<\/div>\n\t\t<\/section>\n\t\t\t\t<section class=\"elementor-section elementor-top-section elementor-element elementor-element-4709209 elementor-section-boxed elementor-section-height-default elementor-section-height-default\" data-id=\"4709209\" data-element_type=\"section\">\n\t\t\t\t\t\t<div class=\"elementor-container elementor-column-gap-default\">\n\t\t\t\t\t\t\t<div class=\"elementor-row\">\n\t\t\t\t\t<div class=\"elementor-column elementor-col-33 elementor-top-column elementor-element elementor-element-b8bcad1\" data-id=\"b8bcad1\" data-element_type=\"column\">\n\t\t\t<div class=\"elementor-column-wrap elementor-element-populated\">\n\t\t\t\t\t\t\t<div class=\"elementor-widget-wrap\">\n\t\t\t\t\t\t<div class=\"elementor-element elementor-element-7b48446 elementor-align-center elementor-widget elementor-widget-button\" data-id=\"7b48446\" data-element_type=\"widget\" data-widget_type=\"button.default\">\n\t\t\t\t<div class=\"elementor-widget-container\">\n\t\t\t\t\t<div class=\"elementor-button-wrapper\">\n\t\t\t<a href=\"https:\/\/6cbt.tuneis.org.br\/esp\/wp-content\/uploads\/2024\/07\/6\u00ba-CBT-LAT_edital-dos-trabalhos-rev2.pdf\" target=\"_blank\" class=\"elementor-button-link elementor-button elementor-size-sm\" role=\"button\">\n\t\t\t\t\t\t<span class=\"elementor-button-content-wrapper\">\n\t\t\t\t\t\t<span class=\"elementor-button-text\">Descargar Documento<\/span>\n\t\t<\/span>\n\t\t\t\t\t<\/a>\n\t\t<\/div>\n\t\t\t\t<\/div>\n\t\t\t\t<\/div>\n\t\t\t\t\t\t<\/div>\n\t\t\t\t\t<\/div>\n\t\t<\/div>\n\t\t\t\t<div class=\"elementor-column elementor-col-33 elementor-top-column elementor-element elementor-element-d5990f1\" data-id=\"d5990f1\" data-element_type=\"column\">\n\t\t\t<div class=\"elementor-column-wrap elementor-element-populated\">\n\t\t\t\t\t\t\t<div class=\"elementor-widget-wrap\">\n\t\t\t\t\t\t<div class=\"elementor-element elementor-element-ac79c5f elementor-align-center elementor-widget elementor-widget-button\" data-id=\"ac79c5f\" data-element_type=\"widget\" data-widget_type=\"button.default\">\n\t\t\t\t<div class=\"elementor-widget-container\">\n\t\t\t\t\t<div class=\"elementor-button-wrapper\">\n\t\t\t<a href=\"https:\/\/6cbt.tuneis.org.br\/esp\/wp-content\/uploads\/2024\/07\/Instru\u00e7\u00f5es-formata\u00e7\u00e3o_1_Artigos-6\u00ba-CBT.docx\" target=\"_blank\" class=\"elementor-button-link elementor-button elementor-size-sm\" role=\"button\">\n\t\t\t\t\t\t<span class=\"elementor-button-content-wrapper\">\n\t\t\t\t\t\t<span class=\"elementor-button-text\">Descargar Plantilla<\/span>\n\t\t<\/span>\n\t\t\t\t\t<\/a>\n\t\t<\/div>\n\t\t\t\t<\/div>\n\t\t\t\t<\/div>\n\t\t\t\t\t\t<\/div>\n\t\t\t\t\t<\/div>\n\t\t<\/div>\n\t\t\t\t<div class=\"elementor-column elementor-col-33 elementor-top-column elementor-element elementor-element-7dac111\" data-id=\"7dac111\" data-element_type=\"column\">\n\t\t\t<div class=\"elementor-column-wrap elementor-element-populated\">\n\t\t\t\t\t\t\t<div class=\"elementor-widget-wrap\">\n\t\t\t\t\t\t<div class=\"elementor-element elementor-element-38e3e61 elementor-align-center elementor-widget elementor-widget-button\" data-id=\"38e3e61\" data-element_type=\"widget\" data-widget_type=\"button.default\">\n\t\t\t\t<div class=\"elementor-widget-container\">\n\t\t\t\t\t<div class=\"elementor-button-wrapper\">\n\t\t\t<a href=\"https:\/\/web.eventogyn.com.br\/event\/6cbtlat\/site\/content\/area-do-participante\" target=\"_blank\" class=\"elementor-button-link elementor-button elementor-size-sm\" role=\"button\">\n\t\t\t\t\t\t<span class=\"elementor-button-content-wrapper\">\n\t\t\t\t\t\t<span class=\"elementor-button-text\">Haga clic aqu\u00ed para acceder a la informaci\u00f3n de su art\u00edculo<\/span>\n\t\t<\/span>\n\t\t\t\t\t<\/a>\n\t\t<\/div>\n\t\t\t\t<\/div>\n\t\t\t\t<\/div>\n\t\t\t\t\t\t<\/div>\n\t\t\t\t\t<\/div>\n\t\t<\/div>\n\t\t\t\t\t\t\t\t<\/div>\n\t\t\t\t\t<\/div>\n\t\t<\/section>\n\t\t\t\t<section class=\"elementor-section elementor-top-section elementor-element elementor-element-d88c5fe elementor-section-boxed elementor-section-height-default elementor-section-height-default\" data-id=\"d88c5fe\" data-element_type=\"section\">\n\t\t\t\t\t\t<div class=\"elementor-container elementor-column-gap-default\">\n\t\t\t\t\t\t\t<div class=\"elementor-row\">\n\t\t\t\t\t<div class=\"elementor-column elementor-col-100 elementor-top-column elementor-element elementor-element-a859d01\" data-id=\"a859d01\" data-element_type=\"column\">\n\t\t\t<div class=\"elementor-column-wrap elementor-element-populated\">\n\t\t\t\t\t\t\t<div class=\"elementor-widget-wrap\">\n\t\t\t\t\t\t<div class=\"elementor-element elementor-element-919c3da elementor-widget elementor-widget-html\" data-id=\"919c3da\" data-element_type=\"widget\" data-widget_type=\"html.default\">\n\t\t\t\t<div class=\"elementor-widget-container\">\n\t\t\t<strong>Importante:<\/strong> para presentar el resumen, primero debe registrarse, el pago se puede realizar posteriormente, pero para completar el registro debe elegir un m\u00e9todo de pago, que se puede cambiar m\u00e1s tarde si lo desea.\t\t<\/div>\n\t\t\t\t<\/div>\n\t\t\t\t\t\t<\/div>\n\t\t\t\t\t<\/div>\n\t\t<\/div>\n\t\t\t\t\t\t\t\t<\/div>\n\t\t\t\t\t<\/div>\n\t\t<\/section>\n\t\t\t\t<section class=\"elementor-section elementor-top-section elementor-element elementor-element-59a8590 elementor-hidden-desktop elementor-hidden-tablet elementor-hidden-phone elementor-section-boxed elementor-section-height-default elementor-section-height-default\" data-id=\"59a8590\" data-element_type=\"section\">\n\t\t\t\t\t\t<div class=\"elementor-container elementor-column-gap-default\">\n\t\t\t\t\t\t\t<div class=\"elementor-row\">\n\t\t\t\t\t<div class=\"elementor-column elementor-col-100 elementor-top-column elementor-element elementor-element-0757c97\" data-id=\"0757c97\" data-element_type=\"column\">\n\t\t\t<div class=\"elementor-column-wrap elementor-element-populated\">\n\t\t\t\t\t\t\t<div class=\"elementor-widget-wrap\">\n\t\t\t\t\t\t<div class=\"elementor-element elementor-element-2bb0640 elementor-align-center elementor-widget elementor-widget-button\" data-id=\"2bb0640\" data-element_type=\"widget\" data-widget_type=\"button.default\">\n\t\t\t\t<div class=\"elementor-widget-container\">\n\t\t\t\t\t<div class=\"elementor-button-wrapper\">\n\t\t\t<a href=\"https:\/\/web.eventogyn.com.br\/event\/6cbtlat\/site\/content\/area-do-participante\" target=\"_blank\" class=\"elementor-button-link elementor-button elementor-size-sm\" role=\"button\">\n\t\t\t\t\t\t<span class=\"elementor-button-content-wrapper\">\n\t\t\t\t\t\t<span class=\"elementor-button-text\">Haga clic aqu\u00ed para registrarse<\/span>\n\t\t<\/span>\n\t\t\t\t\t<\/a>\n\t\t<\/div>\n\t\t\t\t<\/div>\n\t\t\t\t<\/div>\n\t\t\t\t\t\t<\/div>\n\t\t\t\t\t<\/div>\n\t\t<\/div>\n\t\t\t\t\t\t\t\t<\/div>\n\t\t\t\t\t<\/div>\n\t\t<\/section>\n\t\t\t\t\t\t<\/div>\n\t\t\t\t\t\t<\/div>\n\t\t\t\t\t<\/div>\n\t\t","protected":false},"excerpt":{"rendered":"<p>Presentaci\u00f3n de Trabajos CONVOCATORIA PARA LA PRESENTACI\u00d3N DE TRABAJOS PARA EL 6\u00ba CONGRESO BRASILE\u00d1O DE T\u00daNELES (6\u00ba CBT) Para la presentaci\u00f3n de trabajos en el 6\u00ba CBT, se deber\u00e1n cumplir las siguientes normas: 1. INSCRIPCI\u00d3N 1.1 La aceptaci\u00f3n de los trabajos est\u00e1 condicionada a la debida inscripci\u00f3n en el evento. 1.2 Para el env\u00edo de &hellip;<\/p>\n<p class=\"read-more\"> <a class=\"\" href=\"https:\/\/6cbt.tuneis.org.br\/esp\/index.php\/submissao-de-trabalhos\/\"> <span class=\"screen-reader-text\">Presentaci\u00f3n de Trabajos<\/span> Leer m\u00e1s &raquo;<\/a><\/p>\n","protected":false},"author":1,"featured_media":0,"parent":0,"menu_order":0,"comment_status":"closed","ping_status":"closed","template":"","meta":{"footnotes":""},"class_list":["post-1999","page","type-page","status-publish","hentry"],"_links":{"self":[{"href":"https:\/\/6cbt.tuneis.org.br\/esp\/index.php\/wp-json\/wp\/v2\/pages\/1999"}],"collection":[{"href":"https:\/\/6cbt.tuneis.org.br\/esp\/index.php\/wp-json\/wp\/v2\/pages"}],"about":[{"href":"https:\/\/6cbt.tuneis.org.br\/esp\/index.php\/wp-json\/wp\/v2\/types\/page"}],"author":[{"embeddable":true,"href":"https:\/\/6cbt.tuneis.org.br\/esp\/index.php\/wp-json\/wp\/v2\/users\/1"}],"replies":[{"embeddable":true,"href":"https:\/\/6cbt.tuneis.org.br\/esp\/index.php\/wp-json\/wp\/v2\/comments?post=1999"}],"version-history":[{"count":107,"href":"https:\/\/6cbt.tuneis.org.br\/esp\/index.php\/wp-json\/wp\/v2\/pages\/1999\/revisions"}],"predecessor-version":[{"id":3593,"href":"https:\/\/6cbt.tuneis.org.br\/esp\/index.php\/wp-json\/wp\/v2\/pages\/1999\/revisions\/3593"}],"wp:attachment":[{"href":"https:\/\/6cbt.tuneis.org.br\/esp\/index.php\/wp-json\/wp\/v2\/media?parent=1999"}],"curies":[{"name":"wp","href":"https:\/\/api.w.org\/{rel}","templated":true}]}}