{"id":1994,"date":"2020-11-30T13:41:44","date_gmt":"2020-11-30T13:41:44","guid":{"rendered":"http:\/\/5cbt.tuneis.com.br\/5cbt\/?page_id=1994"},"modified":"2024-10-01T15:52:49","modified_gmt":"2024-10-01T18:52:49","slug":"programacao-cientifica","status":"publish","type":"page","link":"https:\/\/6cbt.tuneis.org.br\/esp\/index.php\/programacao-cientifica\/","title":{"rendered":"Programa cient\u00edfico"},"content":{"rendered":"\t\t<div data-elementor-type=\"wp-post\" data-elementor-id=\"1994\" class=\"elementor elementor-1994\" data-elementor-settings=\"[]\">\n\t\t\t\t\t\t<div class=\"elementor-inner\">\n\t\t\t\t\t\t\t<div class=\"elementor-section-wrap\">\n\t\t\t\t\t\t\t<section class=\"elementor-section elementor-top-section elementor-element elementor-element-a1d0437 elementor-section-boxed elementor-section-height-default elementor-section-height-default\" data-id=\"a1d0437\" data-element_type=\"section\">\n\t\t\t\t\t\t<div class=\"elementor-container elementor-column-gap-default\">\n\t\t\t\t\t\t\t<div class=\"elementor-row\">\n\t\t\t\t\t<div class=\"elementor-column elementor-col-100 elementor-top-column elementor-element elementor-element-179d63c\" data-id=\"179d63c\" data-element_type=\"column\">\n\t\t\t<div class=\"elementor-column-wrap elementor-element-populated\">\n\t\t\t\t\t\t\t<div class=\"elementor-widget-wrap\">\n\t\t\t\t\t\t<div class=\"elementor-element elementor-element-a1afb0e elementor-widget elementor-widget-heading\" data-id=\"a1afb0e\" data-element_type=\"widget\" data-widget_type=\"heading.default\">\n\t\t\t\t<div class=\"elementor-widget-container\">\n\t\t\t<h1 class=\"elementor-heading-title elementor-size-default\">Programa cient\u00edfico<\/h1>\t\t<\/div>\n\t\t\t\t<\/div>\n\t\t\t\t<div class=\"elementor-element elementor-element-479e118 elementor-widget elementor-widget-text-editor\" data-id=\"479e118\" data-element_type=\"widget\" data-widget_type=\"text-editor.default\">\n\t\t\t\t<div class=\"elementor-widget-container\">\n\t\t\t\t\t<div class=\"elementor-text-editor elementor-clearfix\">Estamos trabajando en un programa que cubrir\u00e1 temas actuales y relevantes. M\u00e1s informaci\u00f3n estar\u00e1 disponible pronto.<\/div>\n\t\t\t\t<\/div>\n\t\t\t\t<\/div>\n\t\t\t\t\t\t<\/div>\n\t\t\t\t\t<\/div>\n\t\t<\/div>\n\t\t\t\t\t\t\t\t<\/div>\n\t\t\t\t\t<\/div>\n\t\t<\/section>\n\t\t\t\t\t\t<\/div>\n\t\t\t\t\t\t<\/div>\n\t\t\t\t\t<\/div>\n\t\t","protected":false},"excerpt":{"rendered":"<p>Programa cient\u00edfico Estamos trabajando en un programa que cubrir\u00e1 temas actuales y relevantes. M\u00e1s informaci\u00f3n estar\u00e1 disponible pronto.<\/p>\n","protected":false},"author":1,"featured_media":0,"parent":0,"menu_order":0,"comment_status":"closed","ping_status":"closed","template":"","meta":{"footnotes":""},"class_list":["post-1994","page","type-page","status-publish","hentry"],"_links":{"self":[{"href":"https:\/\/6cbt.tuneis.org.br\/esp\/index.php\/wp-json\/wp\/v2\/pages\/1994"}],"collection":[{"href":"https:\/\/6cbt.tuneis.org.br\/esp\/index.php\/wp-json\/wp\/v2\/pages"}],"about":[{"href":"https:\/\/6cbt.tuneis.org.br\/esp\/index.php\/wp-json\/wp\/v2\/types\/page"}],"author":[{"embeddable":true,"href":"https:\/\/6cbt.tuneis.org.br\/esp\/index.php\/wp-json\/wp\/v2\/users\/1"}],"replies":[{"embeddable":true,"href":"https:\/\/6cbt.tuneis.org.br\/esp\/index.php\/wp-json\/wp\/v2\/comments?post=1994"}],"version-history":[{"count":11,"href":"https:\/\/6cbt.tuneis.org.br\/esp\/index.php\/wp-json\/wp\/v2\/pages\/1994\/revisions"}],"predecessor-version":[{"id":3037,"href":"https:\/\/6cbt.tuneis.org.br\/esp\/index.php\/wp-json\/wp\/v2\/pages\/1994\/revisions\/3037"}],"wp:attachment":[{"href":"https:\/\/6cbt.tuneis.org.br\/esp\/index.php\/wp-json\/wp\/v2\/media?parent=1994"}],"curies":[{"name":"wp","href":"https:\/\/api.w.org\/{rel}","templated":true}]}}