{"id":1979,"date":"2020-11-30T12:58:50","date_gmt":"2020-11-30T12:58:50","guid":{"rendered":"http:\/\/5cbt.tuneis.com.br\/5cbt\/?page_id=1979"},"modified":"2024-10-01T15:47:44","modified_gmt":"2024-10-01T18:47:44","slug":"local","status":"publish","type":"page","link":"https:\/\/6cbt.tuneis.org.br\/esp\/index.php\/local\/","title":{"rendered":"Lugar del Evento"},"content":{"rendered":"\t\t<div data-elementor-type=\"wp-post\" data-elementor-id=\"1979\" class=\"elementor elementor-1979\" data-elementor-settings=\"[]\">\n\t\t\t\t\t\t<div class=\"elementor-inner\">\n\t\t\t\t\t\t\t<div class=\"elementor-section-wrap\">\n\t\t\t\t\t\t\t<section class=\"elementor-section elementor-top-section elementor-element elementor-element-a1d0437 elementor-section-boxed elementor-section-height-default elementor-section-height-default\" data-id=\"a1d0437\" data-element_type=\"section\">\n\t\t\t\t\t\t<div class=\"elementor-container elementor-column-gap-default\">\n\t\t\t\t\t\t\t<div class=\"elementor-row\">\n\t\t\t\t\t<div class=\"elementor-column elementor-col-100 elementor-top-column elementor-element elementor-element-179d63c\" data-id=\"179d63c\" data-element_type=\"column\">\n\t\t\t<div class=\"elementor-column-wrap elementor-element-populated\">\n\t\t\t\t\t\t\t<div class=\"elementor-widget-wrap\">\n\t\t\t\t\t\t<div class=\"elementor-element elementor-element-a1afb0e elementor-widget elementor-widget-heading\" data-id=\"a1afb0e\" data-element_type=\"widget\" data-widget_type=\"heading.default\">\n\t\t\t\t<div class=\"elementor-widget-container\">\n\t\t\t<h1 class=\"elementor-heading-title elementor-size-default\">Lugar del Evento<\/h1>\t\t<\/div>\n\t\t\t\t<\/div>\n\t\t\t\t<div class=\"elementor-element elementor-element-54de8dd elementor-widget elementor-widget-image\" data-id=\"54de8dd\" data-element_type=\"widget\" data-widget_type=\"image.default\">\n\t\t\t\t<div class=\"elementor-widget-container\">\n\t\t\t\t\t<div class=\"elementor-image\">\n\t\t\t\t\t\t\t\t\t\t<img loading=\"lazy\" decoding=\"async\" width=\"356\" height=\"119\" src=\"https:\/\/6cbt.tuneis.org.br\/esp\/wp-content\/uploads\/2024\/03\/logo_frei_caneca.png\" class=\"attachment-large size-large\" alt=\"\" srcset=\"https:\/\/6cbt.tuneis.org.br\/esp\/wp-content\/uploads\/2024\/03\/logo_frei_caneca.png 356w, https:\/\/6cbt.tuneis.org.br\/esp\/wp-content\/uploads\/2024\/03\/logo_frei_caneca-300x100.png 300w\" sizes=\"(max-width: 356px) 100vw, 356px\" \/>\t\t\t\t\t\t\t\t\t\t\t<\/div>\n\t\t\t\t<\/div>\n\t\t\t\t<\/div>\n\t\t\t\t<div class=\"elementor-element elementor-element-acb4bde elementor-widget elementor-widget-html\" data-id=\"acb4bde\" data-element_type=\"widget\" data-widget_type=\"html.default\">\n\t\t\t\t<div class=\"elementor-widget-container\">\n\t\t\t<h2 style=\"font-size: 22px;\"><strong>ELEGIDO CON LA CONVENIENCIA Y FUNCIONALIDAD EN MENTE PARA TODOS LOS PARTICIPANTES:<\/strong><\/h2>\n<ul>\n<li>Ubicaci\u00f3n privilegiada en la zona de la Avenida Paulista;<\/li>\n<li>Cuenta con 53 hoteles y 24,000 camas en sus alrededores;<\/li>\n<li>El autob\u00fas del \u2018Airport Bus Service\u2019 hacia el Aeropuerto Internacional de Guarulhos circula justo frente al centro;<\/li>\n<li>Patio de comidas y una zona de restaurantes con un total de 1,400 asientos distribuidos en dos pisos;<\/li>\n<li>Estacionamiento con 1,200 plazas fijas a un precio asequible;<\/li>\n<li>Evento realizado en un solo piso, proporcionando una mayor integraci\u00f3n entre todos.<\/li>\n<\/ul> \t\t<\/div>\n\t\t\t\t<\/div>\n\t\t\t\t<div class=\"elementor-element elementor-element-479e118 elementor-hidden-desktop elementor-hidden-tablet elementor-hidden-phone elementor-widget elementor-widget-text-editor\" data-id=\"479e118\" data-element_type=\"widget\" data-widget_type=\"text-editor.default\">\n\t\t\t\t<div class=\"elementor-widget-container\">\n\t\t\t\t\t<div class=\"elementor-text-editor elementor-clearfix\"><p>Com localiza\u00e7\u00e3o privilegiada, na regi\u00e3o da Av. Paulista, o Centro de Conven\u00e7\u00f5es Frei Caneca est\u00e1 instalado no 4\u00ba, 5\u00ba e 6\u00ba Pisos do Shopping Frei Caneca. Um dos espa\u00e7os de eventos mais movimentados da capital paulista, disponibiliza 10.500m\u00b2 de \u00e1rea de exposi\u00e7\u00e3o e capacidade de assentos em salas modulares de at\u00e9 3.800 lugares (sentados). Os promotores de eventos contam tamb\u00e9m com o Teatro Shopping Frei Caneca (no 7\u00ba Piso) como op\u00e7\u00e3o de espa\u00e7o de audit\u00f3rio<br \/>premium com 600 lugares.<\/p><p><br \/>A integra\u00e7\u00e3o com o Shopping Frei Caneca garante a expositores e visitantes diversificadas op\u00e7\u00f5es de alimenta\u00e7\u00e3o, nos tr\u00eas restaurantes do Espa\u00e7o Gourmet e na pra\u00e7a de alimenta\u00e7\u00e3o do shopping. Complementando o conforto e a seguran\u00e7a, o empreendimento conta com 1.200 vagas cobertas no estacionamento.<\/p><p><br \/>Situado pr\u00f3ximo \u00e0 esta\u00e7\u00e3o Consola\u00e7\u00e3o do Metr\u00f4 e a uma diversificada rede de business hot\u00e9is, restaurantes de primeira linha e op\u00e7\u00f5es culturais, o Centro de Conven\u00e7\u00f5es Frei Caneca foi idealizado e \u00e9 dirigido, desde a sua inaugura\u00e7\u00e3o, por Winston Chagas e conta hoje com uma das mais concorridas agendas da cidade de S\u00e3o Paulo.<\/p><p>Fonte: <a href=\"http:\/\/www.convencoesfreicaneca.com.br\" target=\"_blank\" rel=\"noopener\">www.convencoesfreicaneca.com.br<\/a><\/p><\/div>\n\t\t\t\t<\/div>\n\t\t\t\t<\/div>\n\t\t\t\t<section class=\"elementor-section elementor-inner-section elementor-element elementor-element-02c8aac elementor-section-boxed elementor-section-height-default elementor-section-height-default\" data-id=\"02c8aac\" data-element_type=\"section\">\n\t\t\t\t\t\t<div class=\"elementor-container elementor-column-gap-default\">\n\t\t\t\t\t\t\t<div class=\"elementor-row\">\n\t\t\t\t\t<div class=\"elementor-column elementor-col-50 elementor-inner-column elementor-element elementor-element-d482a71\" data-id=\"d482a71\" data-element_type=\"column\">\n\t\t\t<div class=\"elementor-column-wrap elementor-element-populated\">\n\t\t\t\t\t\t\t<div class=\"elementor-widget-wrap\">\n\t\t\t\t\t\t<div class=\"elementor-element elementor-element-51d923d elementor-widget elementor-widget-image\" data-id=\"51d923d\" data-element_type=\"widget\" data-widget_type=\"image.default\">\n\t\t\t\t<div class=\"elementor-widget-container\">\n\t\t\t\t\t<div class=\"elementor-image\">\n\t\t\t\t\t\t\t\t\t\t<img loading=\"lazy\" decoding=\"async\" width=\"718\" height=\"534\" src=\"https:\/\/6cbt.tuneis.org.br\/esp\/wp-content\/uploads\/2024\/03\/fachada_frei_caneca.jpg\" class=\"attachment-large size-large\" alt=\"\" srcset=\"https:\/\/6cbt.tuneis.org.br\/esp\/wp-content\/uploads\/2024\/03\/fachada_frei_caneca.jpg 718w, https:\/\/6cbt.tuneis.org.br\/esp\/wp-content\/uploads\/2024\/03\/fachada_frei_caneca-300x223.jpg 300w\" sizes=\"(max-width: 718px) 100vw, 718px\" \/>\t\t\t\t\t\t\t\t\t\t\t<\/div>\n\t\t\t\t<\/div>\n\t\t\t\t<\/div>\n\t\t\t\t\t\t<\/div>\n\t\t\t\t\t<\/div>\n\t\t<\/div>\n\t\t\t\t<div class=\"elementor-column elementor-col-50 elementor-inner-column elementor-element elementor-element-f083d64\" data-id=\"f083d64\" data-element_type=\"column\">\n\t\t\t<div class=\"elementor-column-wrap elementor-element-populated\">\n\t\t\t\t\t\t\t<div class=\"elementor-widget-wrap\">\n\t\t\t\t\t\t<div class=\"elementor-element elementor-element-8e16735 elementor-widget elementor-widget-image\" data-id=\"8e16735\" data-element_type=\"widget\" data-widget_type=\"image.default\">\n\t\t\t\t<div class=\"elementor-widget-container\">\n\t\t\t\t\t<div class=\"elementor-image\">\n\t\t\t\t\t\t\t\t\t\t<img loading=\"lazy\" decoding=\"async\" width=\"800\" height=\"594\" src=\"https:\/\/6cbt.tuneis.org.br\/esp\/wp-content\/uploads\/2020\/11\/Frei_Caneca_site-e1710965449322.jpg\" class=\"attachment-large size-large\" alt=\"\" srcset=\"https:\/\/6cbt.tuneis.org.br\/esp\/wp-content\/uploads\/2020\/11\/Frei_Caneca_site-e1710965449322.jpg 800w, https:\/\/6cbt.tuneis.org.br\/esp\/wp-content\/uploads\/2020\/11\/Frei_Caneca_site-e1710965449322-300x223.jpg 300w, https:\/\/6cbt.tuneis.org.br\/esp\/wp-content\/uploads\/2020\/11\/Frei_Caneca_site-e1710965449322-768x570.jpg 768w\" sizes=\"(max-width: 800px) 100vw, 800px\" \/>\t\t\t\t\t\t\t\t\t\t\t<\/div>\n\t\t\t\t<\/div>\n\t\t\t\t<\/div>\n\t\t\t\t\t\t<\/div>\n\t\t\t\t\t<\/div>\n\t\t<\/div>\n\t\t\t\t\t\t\t\t<\/div>\n\t\t\t\t\t<\/div>\n\t\t<\/section>\n\t\t\t\t\t\t<\/div>\n\t\t\t\t\t<\/div>\n\t\t<\/div>\n\t\t\t\t\t\t\t\t<\/div>\n\t\t\t\t\t<\/div>\n\t\t<\/section>\n\t\t\t\t<section class=\"elementor-section elementor-top-section elementor-element elementor-element-eff6c57 elementor-section-boxed elementor-section-height-default elementor-section-height-default\" data-id=\"eff6c57\" data-element_type=\"section\" data-settings=\"{&quot;background_background&quot;:&quot;classic&quot;}\">\n\t\t\t\t\t\t\t<div class=\"elementor-background-overlay\"><\/div>\n\t\t\t\t\t\t\t<div class=\"elementor-container elementor-column-gap-default\">\n\t\t\t\t\t\t\t<div class=\"elementor-row\">\n\t\t\t\t\t<div class=\"elementor-column elementor-col-100 elementor-top-column elementor-element elementor-element-79af73a3\" data-id=\"79af73a3\" data-element_type=\"column\">\n\t\t\t<div class=\"elementor-column-wrap elementor-element-populated\">\n\t\t\t\t\t\t\t<div class=\"elementor-widget-wrap\">\n\t\t\t\t\t\t<div class=\"elementor-element elementor-element-53eaeec1 elementor-view-default elementor-widget elementor-widget-icon\" data-id=\"53eaeec1\" data-element_type=\"widget\" data-widget_type=\"icon.default\">\n\t\t\t\t<div class=\"elementor-widget-container\">\n\t\t\t\t\t<div class=\"elementor-icon-wrapper\">\n\t\t\t<a class=\"elementor-icon\" href=\"https:\/\/6cbt.tuneis.org.br\/esp\/index.php\/local\/\">\n\t\t\t<i aria-hidden=\"true\" class=\"fas fa-map-marked-alt\"><\/i>\t\t\t<\/a>\n\t\t<\/div>\n\t\t\t\t<\/div>\n\t\t\t\t<\/div>\n\t\t\t\t<div class=\"elementor-element elementor-element-1949c6db elementor-widget elementor-widget-heading\" data-id=\"1949c6db\" data-element_type=\"widget\" data-widget_type=\"heading.default\">\n\t\t\t\t<div class=\"elementor-widget-container\">\n\t\t\t<h2 class=\"elementor-heading-title elementor-size-default\">Mapa de Ubicaci\u00f3n<\/h2>\t\t<\/div>\n\t\t\t\t<\/div>\n\t\t\t\t<div class=\"elementor-element elementor-element-40b3b6a elementor-widget elementor-widget-text-editor\" data-id=\"40b3b6a\" data-element_type=\"widget\" data-widget_type=\"text-editor.default\">\n\t\t\t\t<div class=\"elementor-widget-container\">\n\t\t\t\t\t<div class=\"elementor-text-editor elementor-clearfix\"><p style=\"text-align: center;\">Rua Frei Caneca, n\u00ba 569 &#8211; 01307-001-S\u00e3o Paulo &#8211; SP<\/p><\/div>\n\t\t\t\t<\/div>\n\t\t\t\t<\/div>\n\t\t\t\t\t\t<\/div>\n\t\t\t\t\t<\/div>\n\t\t<\/div>\n\t\t\t\t\t\t\t\t<\/div>\n\t\t\t\t\t<\/div>\n\t\t<\/section>\n\t\t\t\t<section class=\"elementor-section elementor-top-section elementor-element elementor-element-296e500 elementor-section-full_width elementor-section-height-default elementor-section-height-default\" data-id=\"296e500\" data-element_type=\"section\">\n\t\t\t\t\t\t<div class=\"elementor-container elementor-column-gap-default\">\n\t\t\t\t\t\t\t<div class=\"elementor-row\">\n\t\t\t\t\t<div class=\"elementor-column elementor-col-50 elementor-top-column elementor-element elementor-element-f147c63\" data-id=\"f147c63\" data-element_type=\"column\" data-settings=\"{&quot;background_background&quot;:&quot;classic&quot;}\">\n\t\t\t<div class=\"elementor-column-wrap\">\n\t\t\t\t\t\t\t<div class=\"elementor-widget-wrap\">\n\t\t\t\t\t\t\t\t<\/div>\n\t\t\t\t\t<\/div>\n\t\t<\/div>\n\t\t\t\t<div class=\"elementor-column elementor-col-25 elementor-top-column elementor-element elementor-element-05708bb\" data-id=\"05708bb\" data-element_type=\"column\" data-settings=\"{&quot;background_background&quot;:&quot;classic&quot;}\">\n\t\t\t<div class=\"elementor-column-wrap\">\n\t\t\t\t\t\t\t<div class=\"elementor-widget-wrap\">\n\t\t\t\t\t\t\t\t<\/div>\n\t\t\t\t\t<\/div>\n\t\t<\/div>\n\t\t\t\t<div class=\"elementor-column elementor-col-25 elementor-top-column elementor-element elementor-element-9845cad\" data-id=\"9845cad\" data-element_type=\"column\" data-settings=\"{&quot;background_background&quot;:&quot;classic&quot;}\">\n\t\t\t<div class=\"elementor-column-wrap elementor-element-populated\">\n\t\t\t\t\t\t\t<div class=\"elementor-widget-wrap\">\n\t\t\t\t\t\t<div class=\"elementor-element elementor-element-76da8dd elementor-widget elementor-widget-image\" data-id=\"76da8dd\" data-element_type=\"widget\" data-widget_type=\"image.default\">\n\t\t\t\t<div class=\"elementor-widget-container\">\n\t\t\t\t\t<div class=\"elementor-image\">\n\t\t\t\t\t\t\t\t\t\t<img loading=\"lazy\" decoding=\"async\" width=\"770\" height=\"512\" src=\"https:\/\/6cbt.tuneis.org.br\/esp\/wp-content\/uploads\/2024\/03\/hall_frei_caneca.jpg\" class=\"attachment-full size-full\" alt=\"\" srcset=\"https:\/\/6cbt.tuneis.org.br\/esp\/wp-content\/uploads\/2024\/03\/hall_frei_caneca.jpg 770w, https:\/\/6cbt.tuneis.org.br\/esp\/wp-content\/uploads\/2024\/03\/hall_frei_caneca-300x199.jpg 300w, https:\/\/6cbt.tuneis.org.br\/esp\/wp-content\/uploads\/2024\/03\/hall_frei_caneca-768x511.jpg 768w\" sizes=\"(max-width: 770px) 100vw, 770px\" \/>\t\t\t\t\t\t\t\t\t\t\t<\/div>\n\t\t\t\t<\/div>\n\t\t\t\t<\/div>\n\t\t\t\t\t\t<\/div>\n\t\t\t\t\t<\/div>\n\t\t<\/div>\n\t\t\t\t\t\t\t\t<\/div>\n\t\t\t\t\t<\/div>\n\t\t<\/section>\n\t\t\t\t<section class=\"elementor-section elementor-top-section elementor-element elementor-element-0145b4d elementor-section-full_width elementor-section-height-min-height elementor-section-height-default elementor-section-items-middle\" data-id=\"0145b4d\" data-element_type=\"section\" data-settings=\"{&quot;background_background&quot;:&quot;classic&quot;}\">\n\t\t\t\t\t\t<div class=\"elementor-container elementor-column-gap-default\">\n\t\t\t\t\t\t\t<div class=\"elementor-row\">\n\t\t\t\t\t<div class=\"elementor-column elementor-col-100 elementor-top-column elementor-element elementor-element-229d947\" data-id=\"229d947\" data-element_type=\"column\">\n\t\t\t<div class=\"elementor-column-wrap\">\n\t\t\t\t\t\t\t<div class=\"elementor-widget-wrap\">\n\t\t\t\t\t\t\t\t<\/div>\n\t\t\t\t\t<\/div>\n\t\t<\/div>\n\t\t\t\t\t\t\t\t<\/div>\n\t\t\t\t\t<\/div>\n\t\t<\/section>\n\t\t\t\t<section class=\"elementor-section elementor-top-section elementor-element elementor-element-1fca3c9 elementor-section-full_width elementor-section-height-default elementor-section-height-default\" data-id=\"1fca3c9\" data-element_type=\"section\">\n\t\t\t\t\t\t<div class=\"elementor-container elementor-column-gap-no\">\n\t\t\t\t\t\t\t<div class=\"elementor-row\">\n\t\t\t\t\t<div class=\"elementor-column elementor-col-100 elementor-top-column elementor-element elementor-element-36073ab\" data-id=\"36073ab\" data-element_type=\"column\">\n\t\t\t<div class=\"elementor-column-wrap elementor-element-populated\">\n\t\t\t\t\t\t\t<div class=\"elementor-widget-wrap\">\n\t\t\t\t\t\t<div class=\"elementor-element elementor-element-9e06f56 elementor-widget elementor-widget-google_maps\" data-id=\"9e06f56\" data-element_type=\"widget\" data-widget_type=\"google_maps.default\">\n\t\t\t\t<div class=\"elementor-widget-container\">\n\t\t\t<div class=\"elementor-custom-embed\"><iframe frameborder=\"0\" scrolling=\"no\" marginheight=\"0\" marginwidth=\"0\" src=\"https:\/\/maps.google.com\/maps?q=R.%20Frei%20Caneca%2C%20569%20-%20Bela%20Vista%2C%20S%C3%A3o%20Paulo%20-%20SP%2C%2001307-001&amp;t=m&amp;z=16&amp;output=embed&amp;iwloc=near\" title=\"R. Frei Caneca, 569 - Bela Vista, S\u00e3o Paulo - SP, 01307-001\" aria-label=\"R. Frei Caneca, 569 - Bela Vista, S\u00e3o Paulo - SP, 01307-001\"><\/iframe><\/div>\t\t<\/div>\n\t\t\t\t<\/div>\n\t\t\t\t\t\t<\/div>\n\t\t\t\t\t<\/div>\n\t\t<\/div>\n\t\t\t\t\t\t\t\t<\/div>\n\t\t\t\t\t<\/div>\n\t\t<\/section>\n\t\t\t\t\t\t<\/div>\n\t\t\t\t\t\t<\/div>\n\t\t\t\t\t<\/div>\n\t\t","protected":false},"excerpt":{"rendered":"<p>Lugar del Evento ELEGIDO CON LA CONVENIENCIA Y FUNCIONALIDAD EN MENTE PARA TODOS LOS PARTICIPANTES: Ubicaci\u00f3n privilegiada en la zona de la Avenida Paulista; Cuenta con 53 hoteles y 24,000 camas en sus alrededores; El autob\u00fas del \u2018Airport Bus Service\u2019 hacia el Aeropuerto Internacional de Guarulhos circula justo frente al centro; Patio de comidas y &hellip;<\/p>\n<p class=\"read-more\"> <a class=\"\" href=\"https:\/\/6cbt.tuneis.org.br\/esp\/index.php\/local\/\"> <span class=\"screen-reader-text\">Lugar del Evento<\/span> Leer m\u00e1s &raquo;<\/a><\/p>\n","protected":false},"author":1,"featured_media":0,"parent":0,"menu_order":0,"comment_status":"closed","ping_status":"closed","template":"","meta":{"footnotes":""},"class_list":["post-1979","page","type-page","status-publish","hentry"],"_links":{"self":[{"href":"https:\/\/6cbt.tuneis.org.br\/esp\/index.php\/wp-json\/wp\/v2\/pages\/1979"}],"collection":[{"href":"https:\/\/6cbt.tuneis.org.br\/esp\/index.php\/wp-json\/wp\/v2\/pages"}],"about":[{"href":"https:\/\/6cbt.tuneis.org.br\/esp\/index.php\/wp-json\/wp\/v2\/types\/page"}],"author":[{"embeddable":true,"href":"https:\/\/6cbt.tuneis.org.br\/esp\/index.php\/wp-json\/wp\/v2\/users\/1"}],"replies":[{"embeddable":true,"href":"https:\/\/6cbt.tuneis.org.br\/esp\/index.php\/wp-json\/wp\/v2\/comments?post=1979"}],"version-history":[{"count":41,"href":"https:\/\/6cbt.tuneis.org.br\/esp\/index.php\/wp-json\/wp\/v2\/pages\/1979\/revisions"}],"predecessor-version":[{"id":3030,"href":"https:\/\/6cbt.tuneis.org.br\/esp\/index.php\/wp-json\/wp\/v2\/pages\/1979\/revisions\/3030"}],"wp:attachment":[{"href":"https:\/\/6cbt.tuneis.org.br\/esp\/index.php\/wp-json\/wp\/v2\/media?parent=1979"}],"curies":[{"name":"wp","href":"https:\/\/api.w.org\/{rel}","templated":true}]}}