{"id":1969,"date":"2020-11-30T12:46:11","date_gmt":"2020-11-30T15:46:11","guid":{"rendered":"http:\/\/5cbt.tuneis.com.br\/5cbt\/?page_id=1969"},"modified":"2024-10-01T15:40:48","modified_gmt":"2024-10-01T18:40:48","slug":"diretorias-do-cbt","status":"publish","type":"page","link":"https:\/\/6cbt.tuneis.org.br\/esp\/index.php\/diretorias-do-cbt\/","title":{"rendered":"Junta Directiva"},"content":{"rendered":"\t\t<div data-elementor-type=\"wp-post\" data-elementor-id=\"1969\" class=\"elementor elementor-1969\" data-elementor-settings=\"[]\">\n\t\t\t\t\t\t<div class=\"elementor-inner\">\n\t\t\t\t\t\t\t<div class=\"elementor-section-wrap\">\n\t\t\t\t\t\t\t<section class=\"elementor-section elementor-top-section elementor-element elementor-element-a1d0437 elementor-section-boxed elementor-section-height-default elementor-section-height-default\" data-id=\"a1d0437\" data-element_type=\"section\">\n\t\t\t\t\t\t<div class=\"elementor-container elementor-column-gap-default\">\n\t\t\t\t\t\t\t<div class=\"elementor-row\">\n\t\t\t\t\t<div class=\"elementor-column elementor-col-100 elementor-top-column elementor-element elementor-element-179d63c\" data-id=\"179d63c\" data-element_type=\"column\">\n\t\t\t<div class=\"elementor-column-wrap elementor-element-populated\">\n\t\t\t\t\t\t\t<div class=\"elementor-widget-wrap\">\n\t\t\t\t\t\t<div class=\"elementor-element elementor-element-a1afb0e elementor-widget elementor-widget-heading\" data-id=\"a1afb0e\" data-element_type=\"widget\" data-widget_type=\"heading.default\">\n\t\t\t\t<div class=\"elementor-widget-container\">\n\t\t\t<h1 class=\"elementor-heading-title elementor-size-default\">Junta Directiva 2023-2024:<\/h1>\t\t<\/div>\n\t\t\t\t<\/div>\n\t\t\t\t<div class=\"elementor-element elementor-element-d7a8cec elementor-widget elementor-widget-html\" data-id=\"d7a8cec\" data-element_type=\"widget\" data-widget_type=\"html.default\">\n\t\t\t\t<div class=\"elementor-widget-container\">\n\t\t\t<div class=\"elementor-text-editor elementor-clearfix\">\n  \n  <ul>\n    <li><strong>Presidente:<\/strong> Jean Pierre Ciriades<\/li>\n    <li><strong>Tesorero:<\/strong> Edson Peev<\/li>\n    <li><strong>Secretario Ejecutivo:<\/strong> Alessandro Lugli Nascimento<\/li>\n    <li><strong>Secretario General:<\/strong> Enrique Vega de Le\u00f3n<\/li>\n    <li><strong>Ex-Presidente:<\/strong> Eloi Angelo Palma Filho<\/li>\n    <li><strong>Director Adhoc:<\/strong> C\u00e1ssio Abeid Moura<\/li>\n    <li><strong>Director Adhoc:<\/strong> Gabriel Machado Muscat<\/li>\n    <li><strong>Director Adhoc:<\/strong> Pedro Teodoro Fran\u00e7a<\/li>\n    <li><strong>Director Adhoc:<\/strong> Adriano Dornfeld Saldanha<\/li>\n    <li><strong>Director Adhoc:<\/strong> Guilherme Gianotti de Andrade<\/li>\n    <li><strong>Presidenta de los J\u00f3venes Tuneleros:<\/strong> Maristela Sehn<\/li>\n    <li><strong>Vicepresidente de los J\u00f3venes Tuneleros:<\/strong> Victor Augusto Ribeiro Lima<\/li>\n  <\/ul>\n\n  <h3>Junta Directiva 2021-2022:<\/h3>\n  <ul>\n    <li><strong>Presidente:<\/strong> Eloi Angelo Palma Filho<\/li>\n    <li><strong>Vicepresidente:<\/strong> Adriano Dornfeld Saldanha<\/li>\n    <li><strong>Tesorera:<\/strong> Daniela Garroux Gon\u00e7alves de Oliveira<\/li>\n    <li><strong>Secretario Ejecutivo:<\/strong> Felipe Gobbi<\/li>\n    <li><strong>Secretario General:<\/strong> Pedro Fran\u00e7a<\/li>\n    <li><strong>Ex-Presidente:<\/strong> Jairo Pascoal J\u00fanior<\/li>\n    <li><strong>Director Adhoc:<\/strong> Alaor Coelho J\u00fanior<\/li>\n    <li><strong>Director Adhoc:<\/strong> C\u00e1ssio Abeid Moura<\/li>\n    <li><strong>Director Adhoc:<\/strong> Enrique Vega de Le\u00f3n<\/li>\n    <li><strong>Director Adhoc:<\/strong> Jean Pierre Ciriades<\/li>\n    <li><strong>Presidente de los J\u00f3venes Tuneleros:<\/strong> Alex Nowak La Flor<\/li>\n    <li><strong>Vicepresidenta de los J\u00f3venes Tuneleros:<\/strong> Juliene Oliveira Santos<\/li>\n  <\/ul>\n\n  <h3>Junta Directiva 2019-2020:<\/h3>\n  <ul>\n    <li><strong>Presidente:<\/strong> Jairo Pascoal J\u00fanior<\/li>\n    <li><strong>Vicepresidente:<\/strong> Fernando Leyser Gon\u00e7alves<\/li>\n    <li><strong>Tesorero:<\/strong> Eloi Angelo Palma Filho<\/li>\n    <li><strong>Secretario Ejecutivo:<\/strong> Felipe Gobbi<\/li>\n    <li><strong>Secretario General:<\/strong> Adriano Dornfeld Saldanha<\/li>\n    <li><strong>Ex-Presidente:<\/strong> Werner Bilfinger<\/li>\n    <li><strong>Director Adhoc:<\/strong> C\u00e1ssio Abeid Moura<\/li>\n    <li><strong>Director Adhoc:<\/strong> Pedro Teodoro Fran\u00e7a<\/li>\n    <li><strong>Presidente de los J\u00f3venes Tuneleros:<\/strong> Fernando Abreu<\/li>\n    <li><strong>Vicepresidente de los J\u00f3venes Tuneleros:<\/strong> Alex Nowak La Flor<\/li>\n  <\/ul>\n<\/div>\t\t<\/div>\n\t\t\t\t<\/div>\n\t\t\t\t\t\t<\/div>\n\t\t\t\t\t<\/div>\n\t\t<\/div>\n\t\t\t\t\t\t\t\t<\/div>\n\t\t\t\t\t<\/div>\n\t\t<\/section>\n\t\t\t\t\t\t<\/div>\n\t\t\t\t\t\t<\/div>\n\t\t\t\t\t<\/div>\n\t\t","protected":false},"excerpt":{"rendered":"<p>Junta Directiva 2023-2024: Presidente: Jean Pierre Ciriades Tesorero: Edson Peev Secretario Ejecutivo: Alessandro Lugli Nascimento Secretario General: Enrique Vega de Le\u00f3n Ex-Presidente: Eloi Angelo Palma Filho Director Adhoc: C\u00e1ssio Abeid Moura Director Adhoc: Gabriel Machado Muscat Director Adhoc: Pedro Teodoro Fran\u00e7a Director Adhoc: Adriano Dornfeld Saldanha Director Adhoc: Guilherme Gianotti de Andrade Presidenta de los &hellip;<\/p>\n<p class=\"read-more\"> <a class=\"\" href=\"https:\/\/6cbt.tuneis.org.br\/esp\/index.php\/diretorias-do-cbt\/\"> <span class=\"screen-reader-text\">Junta Directiva<\/span> Leer m\u00e1s &raquo;<\/a><\/p>\n","protected":false},"author":1,"featured_media":0,"parent":0,"menu_order":0,"comment_status":"closed","ping_status":"closed","template":"","meta":{"footnotes":""},"class_list":["post-1969","page","type-page","status-publish","hentry"],"_links":{"self":[{"href":"https:\/\/6cbt.tuneis.org.br\/esp\/index.php\/wp-json\/wp\/v2\/pages\/1969"}],"collection":[{"href":"https:\/\/6cbt.tuneis.org.br\/esp\/index.php\/wp-json\/wp\/v2\/pages"}],"about":[{"href":"https:\/\/6cbt.tuneis.org.br\/esp\/index.php\/wp-json\/wp\/v2\/types\/page"}],"author":[{"embeddable":true,"href":"https:\/\/6cbt.tuneis.org.br\/esp\/index.php\/wp-json\/wp\/v2\/users\/1"}],"replies":[{"embeddable":true,"href":"https:\/\/6cbt.tuneis.org.br\/esp\/index.php\/wp-json\/wp\/v2\/comments?post=1969"}],"version-history":[{"count":14,"href":"https:\/\/6cbt.tuneis.org.br\/esp\/index.php\/wp-json\/wp\/v2\/pages\/1969\/revisions"}],"predecessor-version":[{"id":3021,"href":"https:\/\/6cbt.tuneis.org.br\/esp\/index.php\/wp-json\/wp\/v2\/pages\/1969\/revisions\/3021"}],"wp:attachment":[{"href":"https:\/\/6cbt.tuneis.org.br\/esp\/index.php\/wp-json\/wp\/v2\/media?parent=1969"}],"curies":[{"name":"wp","href":"https:\/\/api.w.org\/{rel}","templated":true}]}}