{"id":1963,"date":"2020-11-30T12:40:13","date_gmt":"2020-11-30T12:40:13","guid":{"rendered":"http:\/\/5cbt.tuneis.com.br\/5cbt\/?page_id=1963"},"modified":"2025-02-26T17:04:37","modified_gmt":"2025-02-26T20:04:37","slug":"comissao-organizadora","status":"publish","type":"page","link":"https:\/\/6cbt.tuneis.org.br\/esp\/index.php\/comissao-organizadora\/","title":{"rendered":"Comisi\u00f3n Organizadora"},"content":{"rendered":"\t\t<div data-elementor-type=\"wp-post\" data-elementor-id=\"1963\" class=\"elementor elementor-1963\" data-elementor-settings=\"[]\">\n\t\t\t\t\t\t<div class=\"elementor-inner\">\n\t\t\t\t\t\t\t<div class=\"elementor-section-wrap\">\n\t\t\t\t\t\t\t<section class=\"elementor-section elementor-top-section elementor-element elementor-element-a1d0437 elementor-section-boxed elementor-section-height-default elementor-section-height-default\" data-id=\"a1d0437\" data-element_type=\"section\">\n\t\t\t\t\t\t<div class=\"elementor-container elementor-column-gap-default\">\n\t\t\t\t\t\t\t<div class=\"elementor-row\">\n\t\t\t\t\t<div class=\"elementor-column elementor-col-100 elementor-top-column elementor-element elementor-element-179d63c\" data-id=\"179d63c\" data-element_type=\"column\">\n\t\t\t<div class=\"elementor-column-wrap elementor-element-populated\">\n\t\t\t\t\t\t\t<div class=\"elementor-widget-wrap\">\n\t\t\t\t\t\t<div class=\"elementor-element elementor-element-a1afb0e elementor-widget elementor-widget-heading\" data-id=\"a1afb0e\" data-element_type=\"widget\" data-widget_type=\"heading.default\">\n\t\t\t\t<div class=\"elementor-widget-container\">\n\t\t\t<h1 class=\"elementor-heading-title elementor-size-default\">Comisi\u00f3n Organizadora<\/h1>\t\t<\/div>\n\t\t\t\t<\/div>\n\t\t\t\t<div class=\"elementor-element elementor-element-ee65769 elementor-widget elementor-widget-html\" data-id=\"ee65769\" data-element_type=\"widget\" data-widget_type=\"html.default\">\n\t\t\t\t<div class=\"elementor-widget-container\">\n\t\t\t<ul>\n    <li>Adriano Dornfeld Saldanha<\/li>\n<li>Akira Koshima<\/li>\n<li>Andr\u00e9 Pacheco de Assis - presidente do 6\u2019CBT<\/li>\n<li>Bruno Dzialoszynski<\/li>\n<li>Cassio Moura<\/li>\n<li>Edson Peev - resp. Financeiro<\/li>\n<li>Eloi Angelo Palma Filho - resp. Comercial<\/li>\n<li>Fernanda Cury - organiza\u00e7\u00e3o<\/li>\n<li>Flavio Henrique C. Lobato<\/li>\n<li>Hugo Cassio Rocha - resp. Curso pr\u00e9-congresso<\/li>\n<li>Jean Pierre Ciriades - presidente do CBT<\/li>\n<li>Maristela Sehn - presidente CBTYM<\/li>\n<li>Tiago Ern<\/li>\n<li>Vanda Oliveira - secret\u00e1ria CBT<\/li>\n<li>Werner Bilfinger - resp. Cient\u00edfico<\/li>\n<\/ul>\t\t<\/div>\n\t\t\t\t<\/div>\n\t\t\t\t<div class=\"elementor-element elementor-element-479e118 elementor-hidden-desktop elementor-hidden-tablet elementor-hidden-phone elementor-widget elementor-widget-text-editor\" data-id=\"479e118\" data-element_type=\"widget\" data-widget_type=\"text-editor.default\">\n\t\t\t\t<div class=\"elementor-widget-container\">\n\t\t\t\t\t<div class=\"elementor-text-editor elementor-clearfix\"><ul>\n<li>Adriano Dornfeld<\/li>\n<li>Akira Koshima<\/li>\n<li>Alex Nowak<\/li>\n<li>Andr\u00e9 P. Assis \u2013&nbsp;<em style=\"font-size: 16px;\"><em style=\"font-size: 16px;\"><b>Presidente do o 6\u00ba Congresso Brasileiro de T\u00faneis e Estruturas Subterr\u00e2neas<\/b><\/em><\/em><\/li>\n<li>Arsenio Negro Jr<\/li>\n<li>Argimiro A. Ferreira&nbsp;<\/li>\n<li><span style=\"font-size: 16px;\">Carlos Emmanuel<\/span><br><\/li>\n<li>Cassio L. A.<\/li>\n<li>Moura<\/li>\n<li>Claudio N.<\/li>\n<li>Ourives<\/li>\n<li>Daniela G.<\/li>\n<li>Oliveira<\/li>\n<li>Edson Peev<\/li>\n<li>Eloi Palma Filho<\/li>\n<li>Felipe Gobbi<\/li>\n<li>Fernando Leyser<\/li>\n<li>Gon\u00e7alves<\/li>\n<li>Flavio H. Lobato<\/li>\n<li>Guilherme B.<\/li>\n<li>Robbe<\/li>\n<li>Hugo C. Rocha<\/li>\n<li>Jean Pierre &#8211;&nbsp;<em style=\"font-size: 16px;\"><b>Presidente do Comit\u00ea Brasileiro de T\u00faneis<\/b><\/em><\/li>\n<li>Jairo Pascoal J\u00fanior&nbsp;<\/li>\n<li>Marcelo Matsui<\/li>\n<li>Marco Aurelio de Oliveira<\/li>\n<li>Tarcisio B.<\/li>\n<li>Celestino<\/li>\n<li>Tiago Ern<\/li>\n<li>Werner Bilfinger<\/li>\n<li>Zander P. Ferreira<\/li>\n<\/ul>\n<h5>Comit\u00ea Assessor do 5\u00ba CBT<\/h5>\n<ul>\n<li>Maur\u00edcio Martines Sales<\/li>\n<li>Ricardo Nascimento Flores Severo<\/li>\n<li>Luiz Antoniutti Neto<\/li>\n<\/ul><\/div>\n\t\t\t\t<\/div>\n\t\t\t\t<\/div>\n\t\t\t\t\t\t<\/div>\n\t\t\t\t\t<\/div>\n\t\t<\/div>\n\t\t\t\t\t\t\t\t<\/div>\n\t\t\t\t\t<\/div>\n\t\t<\/section>\n\t\t\t\t\t\t<\/div>\n\t\t\t\t\t\t<\/div>\n\t\t\t\t\t<\/div>\n\t\t","protected":false},"excerpt":{"rendered":"<p>Comisi\u00f3n Organizadora Adriano Dornfeld Saldanha Akira Koshima Andr\u00e9 Pacheco de Assis &#8211; presidente do 6\u2019CBT Bruno Dzialoszynski Cassio Moura Edson Peev &#8211; resp. Financeiro Eloi Angelo Palma Filho &#8211; resp. Comercial Fernanda Cury &#8211; organiza\u00e7\u00e3o Flavio Henrique C. Lobato Hugo Cassio Rocha &#8211; resp. Curso pr\u00e9-congresso Jean Pierre Ciriades &#8211; presidente do CBT Maristela Sehn &hellip;<\/p>\n<p class=\"read-more\"> <a class=\"\" href=\"https:\/\/6cbt.tuneis.org.br\/esp\/index.php\/comissao-organizadora\/\"> <span class=\"screen-reader-text\">Comisi\u00f3n Organizadora<\/span> Leer m\u00e1s &raquo;<\/a><\/p>\n","protected":false},"author":1,"featured_media":0,"parent":0,"menu_order":0,"comment_status":"closed","ping_status":"closed","template":"","meta":{"footnotes":""},"class_list":["post-1963","page","type-page","status-publish","hentry"],"_links":{"self":[{"href":"https:\/\/6cbt.tuneis.org.br\/esp\/index.php\/wp-json\/wp\/v2\/pages\/1963"}],"collection":[{"href":"https:\/\/6cbt.tuneis.org.br\/esp\/index.php\/wp-json\/wp\/v2\/pages"}],"about":[{"href":"https:\/\/6cbt.tuneis.org.br\/esp\/index.php\/wp-json\/wp\/v2\/types\/page"}],"author":[{"embeddable":true,"href":"https:\/\/6cbt.tuneis.org.br\/esp\/index.php\/wp-json\/wp\/v2\/users\/1"}],"replies":[{"embeddable":true,"href":"https:\/\/6cbt.tuneis.org.br\/esp\/index.php\/wp-json\/wp\/v2\/comments?post=1963"}],"version-history":[{"count":29,"href":"https:\/\/6cbt.tuneis.org.br\/esp\/index.php\/wp-json\/wp\/v2\/pages\/1963\/revisions"}],"predecessor-version":[{"id":3527,"href":"https:\/\/6cbt.tuneis.org.br\/esp\/index.php\/wp-json\/wp\/v2\/pages\/1963\/revisions\/3527"}],"wp:attachment":[{"href":"https:\/\/6cbt.tuneis.org.br\/esp\/index.php\/wp-json\/wp\/v2\/media?parent=1963"}],"curies":[{"name":"wp","href":"https:\/\/api.w.org\/{rel}","templated":true}]}}