{"id":1935,"date":"2020-11-30T11:52:58","date_gmt":"2020-11-30T11:52:58","guid":{"rendered":"http:\/\/5cbt.tuneis.com.br\/5cbt\/?page_id=1935"},"modified":"2024-10-01T15:35:58","modified_gmt":"2024-10-01T18:35:58","slug":"mensagem-da-comissao","status":"publish","type":"page","link":"https:\/\/6cbt.tuneis.org.br\/esp\/index.php\/mensagem-da-comissao\/","title":{"rendered":"Presentaci\u00f3n del Evento"},"content":{"rendered":"\t\t<div data-elementor-type=\"wp-post\" data-elementor-id=\"1935\" class=\"elementor elementor-1935\" data-elementor-settings=\"[]\">\n\t\t\t\t\t\t<div class=\"elementor-inner\">\n\t\t\t\t\t\t\t<div class=\"elementor-section-wrap\">\n\t\t\t\t\t\t\t<section class=\"elementor-section elementor-top-section elementor-element elementor-element-a1d0437 elementor-section-boxed elementor-section-height-default elementor-section-height-default\" data-id=\"a1d0437\" data-element_type=\"section\">\n\t\t\t\t\t\t<div class=\"elementor-container elementor-column-gap-default\">\n\t\t\t\t\t\t\t<div class=\"elementor-row\">\n\t\t\t\t\t<div class=\"elementor-column elementor-col-100 elementor-top-column elementor-element elementor-element-179d63c\" data-id=\"179d63c\" data-element_type=\"column\">\n\t\t\t<div class=\"elementor-column-wrap elementor-element-populated\">\n\t\t\t\t\t\t\t<div class=\"elementor-widget-wrap\">\n\t\t\t\t\t\t<div class=\"elementor-element elementor-element-a1afb0e elementor-widget elementor-widget-heading\" data-id=\"a1afb0e\" data-element_type=\"widget\" data-widget_type=\"heading.default\">\n\t\t\t\t<div class=\"elementor-widget-container\">\n\t\t\t<h1 class=\"elementor-heading-title elementor-size-default\">Presentaci\u00f3n del Evento<\/h1>\t\t<\/div>\n\t\t\t\t<\/div>\n\t\t\t\t<section class=\"elementor-section elementor-inner-section elementor-element elementor-element-468253b elementor-section-boxed elementor-section-height-default elementor-section-height-default\" data-id=\"468253b\" data-element_type=\"section\">\n\t\t\t\t\t\t<div class=\"elementor-container elementor-column-gap-default\">\n\t\t\t\t\t\t\t<div class=\"elementor-row\">\n\t\t\t\t\t<div class=\"elementor-column elementor-col-50 elementor-inner-column elementor-element elementor-element-29c2e05\" data-id=\"29c2e05\" data-element_type=\"column\">\n\t\t\t<div class=\"elementor-column-wrap elementor-element-populated\">\n\t\t\t\t\t\t\t<div class=\"elementor-widget-wrap\">\n\t\t\t\t\t\t<div class=\"elementor-element elementor-element-c95c923 elementor-widget elementor-widget-html\" data-id=\"c95c923\" data-element_type=\"widget\" data-widget_type=\"html.default\">\n\t\t\t\t<div class=\"elementor-widget-container\">\n\t\t\t<p>Con el tema <strong>\u2018Desarrollo y Sostenibilidad a trav\u00e9s de T\u00faneles y Estructuras Subterr\u00e1neas\u2019<\/strong>, el 6\u00ba Congreso Brasile\u00f1o de T\u00faneles y Estructuras Subterr\u00e1neas y el Seminario Internacional Latinoamericano de T\u00faneles (6\u00ba CBT-LAT 2024) reunir\u00e1n a nombres reconocidos de la industria de t\u00faneles de todo el mundo. Se abordar\u00e1n <strong>diecis\u00e9is temas clave<\/strong> para los profesionales en el campo de las estructuras subterr\u00e1neas. El encuentro presentar\u00e1 nuevas tecnolog\u00edas y tendencias en las \u00e1reas de dise\u00f1o, construcci\u00f3n, mantenimiento y operaci\u00f3n de t\u00faneles. Tambi\u00e9n formar\u00e1n parte de los dos eventos debates, intercambio de experiencias y actualizaciones t\u00e9cnicas.<\/p>\n<p>Adem\u00e1s de los trabajos t\u00e9cnicos de Brasil y Am\u00e9rica Latina, que prometen repetir el \u00e9xito del 5\u00ba Congreso en 2021, habr\u00e1 conferencias de renombrados expertos nacionales e internacionales y debates sobre temas actuales, as\u00ed como exhibiciones de productos, servicios y equipos, y visitas t\u00e9cnicas.<\/p>\n<p>Se ha reservado un per\u00edodo para un curso de actualizaci\u00f3n en t\u00faneles, impartido por reconocidos profesionales brasile\u00f1os e internacionales en ingenier\u00eda de t\u00faneles.<\/p>\n<p>La organizaci\u00f3n del 6\u00ba CBT y LAT 2025 cuenta con la participaci\u00f3n activa y motivada de la comunidad t\u00e9cnica brasile\u00f1a y latinoamericana para que el Congreso resulte en un excelente intercambio de experiencias y conocimientos, as\u00ed como en un excelente networking para todos los participantes.<\/p>\n<p>El Comit\u00e9 Brasile\u00f1o de T\u00faneles, que forma parte de la Asociaci\u00f3n Brasile\u00f1a de Mec\u00e1nica de Suelos e Ingenier\u00eda Geot\u00e9cnica (ABMS), se complace en invitar a toda la comunidad t\u00e9cnica a involucrarse desde ahora inscribi\u00e9ndose y presentando trabajos en el 6\u00ba CBT, que se llevar\u00e1 a cabo en un momento decisivo para las \u00e1reas de infraestructura, con el retorno de la inversi\u00f3n en proyectos y obras de movilidad urbana, y en las \u00e1reas de energ\u00eda, miner\u00eda y saneamiento, petr\u00f3leo y gas, entre otras.<\/p>\t\t<\/div>\n\t\t\t\t<\/div>\n\t\t\t\t\t\t<\/div>\n\t\t\t\t\t<\/div>\n\t\t<\/div>\n\t\t\t\t<div class=\"elementor-column elementor-col-50 elementor-inner-column elementor-element elementor-element-eed8570\" data-id=\"eed8570\" data-element_type=\"column\">\n\t\t\t<div class=\"elementor-column-wrap elementor-element-populated\">\n\t\t\t\t\t\t\t<div class=\"elementor-widget-wrap\">\n\t\t\t\t\t\t<div class=\"elementor-element elementor-element-ef9fd5d elementor-widget elementor-widget-image\" data-id=\"ef9fd5d\" data-element_type=\"widget\" data-widget_type=\"image.default\">\n\t\t\t\t<div class=\"elementor-widget-container\">\n\t\t\t\t\t<div class=\"elementor-image\">\n\t\t\t\t\t\t\t\t\t\t<img loading=\"lazy\" decoding=\"async\" width=\"600\" height=\"1013\" src=\"https:\/\/6cbt.tuneis.org.br\/esp\/wp-content\/uploads\/2024\/03\/detalhe_evento-1.jpg\" class=\"attachment-large size-large\" alt=\"\" srcset=\"https:\/\/6cbt.tuneis.org.br\/esp\/wp-content\/uploads\/2024\/03\/detalhe_evento-1.jpg 600w, https:\/\/6cbt.tuneis.org.br\/esp\/wp-content\/uploads\/2024\/03\/detalhe_evento-1-178x300.jpg 178w\" sizes=\"(max-width: 600px) 100vw, 600px\" \/>\t\t\t\t\t\t\t\t\t\t\t<\/div>\n\t\t\t\t<\/div>\n\t\t\t\t<\/div>\n\t\t\t\t<div class=\"elementor-element elementor-element-0226886 elementor-position-right elementor-vertical-align-top elementor-widget elementor-widget-image-box\" data-id=\"0226886\" data-element_type=\"widget\" data-widget_type=\"image-box.default\">\n\t\t\t\t<div class=\"elementor-widget-container\">\n\t\t\t<div class=\"elementor-image-box-wrapper\"><figure class=\"elementor-image-box-img\"><img loading=\"lazy\" decoding=\"async\" width=\"150\" height=\"150\" src=\"https:\/\/6cbt.tuneis.org.br\/esp\/wp-content\/uploads\/2024\/03\/foto_presidente02-150x150.jpeg\" class=\"attachment-thumbnail size-thumbnail\" alt=\"\" \/><\/figure><div class=\"elementor-image-box-content\"><h3 class=\"elementor-image-box-title\"> Jean Pierre Ciriades,<\/h3><p class=\"elementor-image-box-description\"> presidente do CBT,<\/p><\/div><\/div>\t\t<\/div>\n\t\t\t\t<\/div>\n\t\t\t\t\t\t<\/div>\n\t\t\t\t\t<\/div>\n\t\t<\/div>\n\t\t\t\t\t\t\t\t<\/div>\n\t\t\t\t\t<\/div>\n\t\t<\/section>\n\t\t\t\t<div class=\"elementor-element elementor-element-479e118 elementor-hidden-desktop elementor-hidden-tablet elementor-hidden-phone elementor-widget elementor-widget-text-editor\" data-id=\"479e118\" data-element_type=\"widget\" data-widget_type=\"text-editor.default\">\n\t\t\t\t<div class=\"elementor-widget-container\">\n\t\t\t\t\t<div class=\"elementor-text-editor elementor-clearfix\"><p>Com o tema \u201cInovando em obras subterr\u00e2neas para um futuro melhor\u201d, o 5\u00ba Congresso Brasileiro de T\u00faneis e Estruturas Subterr\u00e2neas (5\u00ba CBT) ir\u00e1 reunir nomes consagrados da ind\u00fastria de t\u00faneis em todo mundo. Ser\u00e3o abordados 12 temas fundamentais para os profissionais da \u00e1rea de estruturas subterr\u00e2neas.<\/p><p>Haver\u00e1, no encontro, a apresenta\u00e7\u00e3o de novas tecnologias e tend\u00eancias nas \u00e1reas de projeto, constru\u00e7\u00e3o, manuten\u00e7\u00e3o e opera\u00e7\u00e3o de t\u00faneis. Debates, interc\u00e2mbio de experi\u00eancias e atualiza\u00e7\u00e3o t\u00e9cnica tamb\u00e9m far\u00e3o parte dos dois eventos.<\/p><p>Al\u00e9m dos trabalhos t\u00e9cnicos do Brasil e da Am\u00e9rica Latina, que prometem repetir o sucesso do 4\u00ba Congresso, ocorrido em 2017, ser\u00e3o proferidas confer\u00eancias de especialistas consagrados, nacionais e internacionais, e realizados debates de temas atuais, al\u00e9m da exposi\u00e7\u00e3o de produtos, servi\u00e7os e equipamentos, e visitas t\u00e9cnicas.<\/p><p>Est\u00e1 reservado um per\u00edodo para a realiza\u00e7\u00e3o de um curso de atualiza\u00e7\u00e3o e aperfei\u00e7oamento na \u00e1rea de t\u00faneis, ministrado por profissionais brasileiros e internacionais renomados na engenharia de t\u00faneis.<\/p><p>A Organiza\u00e7\u00e3o do 5\u00ba CBTconta com a participa\u00e7\u00e3o ativa e motivada da comunidade t\u00e9cnica brasileira e latino-americana para que o Congresso resulte em uma excelente troca de experi\u00eancias e conhecimento, al\u00e9m de excelente networking a todos os participantes.<\/p><p>O Comit\u00ea Brasileiro de T\u00faneis, que integra a Associa\u00e7\u00e3o Brasileira de Mec\u00e2nica dos Solos e Engenharia Geot\u00e9cnica (ABMS), tem o prazer de convidar toda a comunidade t\u00e9cnica a engajar-se desde j\u00e1, inscrevendo-se e apresentando trabalhos, do 5\u00ba CBT, que dever\u00e1 acontecer em um momento de virada para as \u00e1reas de infraestrutura, com a volta dos investimentos em projetos e obras de mobilidade urbana, e nas \u00e1reas de energia, minera\u00e7\u00e3o e saneamento, \u00f3leo e g\u00e1s, entre outras.<\/p><p>&#8220;Comiss\u00e3o organizadora do 5\u00ba CBT&#8221;<\/p><\/div>\n\t\t\t\t<\/div>\n\t\t\t\t<\/div>\n\t\t\t\t\t\t<\/div>\n\t\t\t\t\t<\/div>\n\t\t<\/div>\n\t\t\t\t\t\t\t\t<\/div>\n\t\t\t\t\t<\/div>\n\t\t<\/section>\n\t\t\t\t\t\t<\/div>\n\t\t\t\t\t\t<\/div>\n\t\t\t\t\t<\/div>\n\t\t","protected":false},"excerpt":{"rendered":"<p>Presentaci\u00f3n del Evento Con el tema \u2018Desarrollo y Sostenibilidad a trav\u00e9s de T\u00faneles y Estructuras Subterr\u00e1neas\u2019, el 6\u00ba Congreso Brasile\u00f1o de T\u00faneles y Estructuras Subterr\u00e1neas y el Seminario Internacional Latinoamericano de T\u00faneles (6\u00ba CBT-LAT 2024) reunir\u00e1n a nombres reconocidos de la industria de t\u00faneles de todo el mundo. Se abordar\u00e1n diecis\u00e9is temas clave para los &hellip;<\/p>\n<p class=\"read-more\"> <a class=\"\" href=\"https:\/\/6cbt.tuneis.org.br\/esp\/index.php\/mensagem-da-comissao\/\"> <span class=\"screen-reader-text\">Presentaci\u00f3n del Evento<\/span> Leer m\u00e1s &raquo;<\/a><\/p>\n","protected":false},"author":1,"featured_media":0,"parent":0,"menu_order":0,"comment_status":"closed","ping_status":"open","template":"","meta":{"footnotes":""},"class_list":["post-1935","page","type-page","status-publish","hentry"],"_links":{"self":[{"href":"https:\/\/6cbt.tuneis.org.br\/esp\/index.php\/wp-json\/wp\/v2\/pages\/1935"}],"collection":[{"href":"https:\/\/6cbt.tuneis.org.br\/esp\/index.php\/wp-json\/wp\/v2\/pages"}],"about":[{"href":"https:\/\/6cbt.tuneis.org.br\/esp\/index.php\/wp-json\/wp\/v2\/types\/page"}],"author":[{"embeddable":true,"href":"https:\/\/6cbt.tuneis.org.br\/esp\/index.php\/wp-json\/wp\/v2\/users\/1"}],"replies":[{"embeddable":true,"href":"https:\/\/6cbt.tuneis.org.br\/esp\/index.php\/wp-json\/wp\/v2\/comments?post=1935"}],"version-history":[{"count":56,"href":"https:\/\/6cbt.tuneis.org.br\/esp\/index.php\/wp-json\/wp\/v2\/pages\/1935\/revisions"}],"predecessor-version":[{"id":3018,"href":"https:\/\/6cbt.tuneis.org.br\/esp\/index.php\/wp-json\/wp\/v2\/pages\/1935\/revisions\/3018"}],"wp:attachment":[{"href":"https:\/\/6cbt.tuneis.org.br\/esp\/index.php\/wp-json\/wp\/v2\/media?parent=1935"}],"curies":[{"name":"wp","href":"https:\/\/api.w.org\/{rel}","templated":true}]}}