{"id":1999,"date":"2020-11-30T13:44:33","date_gmt":"2020-11-30T13:44:33","guid":{"rendered":"http:\/\/5cbt.tuneis.com.br\/5cbt\/?page_id=1999"},"modified":"2025-03-26T17:40:45","modified_gmt":"2025-03-26T20:40:45","slug":"paper-submission","status":"publish","type":"page","link":"https:\/\/6cbt.tuneis.org.br\/eng\/index.php\/paper-submission\/","title":{"rendered":"Paper Submission"},"content":{"rendered":"\t\t<div data-elementor-type=\"wp-post\" data-elementor-id=\"1999\" class=\"elementor elementor-1999\" data-elementor-settings=\"[]\">\n\t\t\t\t\t\t<div class=\"elementor-inner\">\n\t\t\t\t\t\t\t<div class=\"elementor-section-wrap\">\n\t\t\t\t\t\t\t<section class=\"elementor-section elementor-top-section elementor-element elementor-element-a1d0437 elementor-section-boxed elementor-section-height-default elementor-section-height-default\" data-id=\"a1d0437\" data-element_type=\"section\">\n\t\t\t\t\t\t<div class=\"elementor-container elementor-column-gap-default\">\n\t\t\t\t\t\t\t<div class=\"elementor-row\">\n\t\t\t\t\t<div class=\"elementor-column elementor-col-100 elementor-top-column elementor-element elementor-element-179d63c\" data-id=\"179d63c\" data-element_type=\"column\">\n\t\t\t<div class=\"elementor-column-wrap elementor-element-populated\">\n\t\t\t\t\t\t\t<div class=\"elementor-widget-wrap\">\n\t\t\t\t\t\t<div class=\"elementor-element elementor-element-a1afb0e elementor-widget elementor-widget-heading\" data-id=\"a1afb0e\" data-element_type=\"widget\" data-widget_type=\"heading.default\">\n\t\t\t\t<div class=\"elementor-widget-container\">\n\t\t\t<h1 class=\"elementor-heading-title elementor-size-default\">Paper Submission<\/h1>\t\t<\/div>\n\t\t\t\t<\/div>\n\t\t\t\t<div class=\"elementor-element elementor-element-c68b617 elementor-widget elementor-widget-html\" data-id=\"c68b617\" data-element_type=\"widget\" data-widget_type=\"html.default\">\n\t\t\t\t<div class=\"elementor-widget-container\">\n\t\t\t<h2>CALL FOR PAPERS FOR THE 6TH BRAZILIAN CONGRESS OF TUNNELS (6TH CBT)<\/h2>\n<p>For the submission of papers to the 6th CBT, the following rules must be followed:<\/p>\n<h3>1. REGISTRATION<\/h3>\n<p>1.1 Acceptance of papers is conditional upon proper registration for the event.<\/p>\n<p>1.2 For the submission of abstracts, at least one of the authors must register in the congress system.<\/p>\n<p>1.3 For the submission of full papers, at least one of the authors must be registered for the event.<\/p>\n<p>1.4 Publication of papers in the proceedings is conditional upon its approval.<\/p>\n<h3>2. SUBMISSION<\/h3>\n<p>2.1 Papers must be registered on the corresponding platform, including the authors' data.<\/p>\n<p>2.2 The abstract must be submitted in up to 300 words.<\/p>\n<p>2.3 The full article file must be submitted in WORD with a limit of up to 16 pages and a maximum size of 20 MB.<\/p>\n<p>2.4 Papers must be submitted exclusively through the event platform according to the schedule presented in item 5.<\/p>\n<p>2.5 The full paper must comply with the event template.<\/p>\n<p>2.6 Papers will be accepted in Portuguese, Spanish and English.<\/p>\n<p>2.7 Up to 8 (eight) authors per paper will be admitted.<\/p>\n<p>2.8 Topics for paper submission:<\/p>\n<ul>\n<li>Conventional tunnels <\/li>\n<li>Microtunnels \/ HDD <\/li>\n<li>Mechanized Tunnels<\/li>\n<li>Mining Tunnels <\/li>\n<li>Submerged Tunnels<\/li>\n<li>Tunnels in challenging conditions - historical cases and lessons learned<\/li>\n<li>Materials - concrete (designed, molded), treatments, etc.<\/li>\n<li>Instrumentation \/ monitoring (tunnels under construction and operation) <\/li>\n<li>Innovations, robotics and automation <\/li>\n<li>BIM, Big Data and Digital Twin <\/li>\n<li>Safety, risk, operation of underground structures<\/li>\n<li>Contractual practices, insurance, and project management <\/li>\n<li>Operation and Maintenance of underground structures<\/li>\n<li>Geological-Geotechnical Investigations and Models <\/li>\n<li>Sustainability of solutions in Tunnels and Underground Works <\/li>\n<li>Innovation and Sustainability in Underground Mining<\/li>\n<li>Wells and Trenches<\/li>\n<\/ul>\n<h3>3. EVALUATION<\/h3>\n<p>3.1 Abstracts and full papers will be evaluated by the scientific technical committee composed of professors, researchers and professionals with extensive experience on the topics addressed. At least two reviewers will independently analyze each abstract and each paper.<\/p>\n<p>3.2 The merit of the work will only be evaluated after it has been submitted to a similarity analysis.<\/p>\n<p>Correct compliance with the template will be one of the criteria for evaluating the papers.<\/p>\n<h3>4. PRESENTATION<\/h3>\n<p>4.1 The presentation will be in oral, poster and publication format in the proceedings on magnetic media.<\/p>\n<p>4.2 The presentation rules will be sent later.<\/p>\n<h3>5. SCHEDULE<\/h3>\n\n      \n<table>\n    <thead>\n        <tr>\n            <th>Stages<\/th>\n            <th>Date<\/th>\n        <\/tr>\n    <\/thead>\n    <tbody>\n        <tr>\n            <td class=\"highlight\">Submission of abstracts<\/td>\n            <td>May 18, 2024 to July 15, 2024<\/td>\n        <\/tr>\n        <tr>\n            <td class=\"highlight\">Abstract evaluation<\/td>\n            <td>July 16, 2024 to August 31, 2024<\/td>\n        <\/tr>\n        <tr>\n            <td>Final result of the submission of abstracts<\/td>\n            <td>September 2, 2024<\/td>\n        <\/tr>\n        <tr>\n            <td class=\"highlight\">Submission of the full paper<\/td>\n            <td>September 3, 2024 to December 16, 2024<\/td>\n        <\/tr>\n        <tr>\n            <td>Evaluation of the full paper<\/td>\n            <td>December 17, 2024 to January 20, 2025<\/td>\n        <\/tr>\n        <!-- <tr>\n            <td>Result of the submission of the full paper<\/td>\n            <td>December 18, 2024<\/td>\n        <\/tr> -->\n        <!-- <tr>\n            <td>Submission of the full paper with the requested corrections<\/td>\n            <td>December 20, 2024 to January 13, 2025<\/td>\n        <\/tr> -->\n        <tr>\n            <td class=\"highlight\">Final result<\/td>\n            <td>January 31, 2025<\/td>\n        <\/tr>\n    <\/tbody>\n<\/table>\n\n    \n\n<p>SCIENTIFIC COMMITTEE OF THE 6TH CBT<\/p>\n\n<style>\n        table {\n            width: 100%;\n            border-collapse: collapse;\n        }\n        th, td {\n            border: 1px solid #000;\n            padding: 8px;\n            text-align: center;\n        }\n        th {\n            background-color: #f2f2f2;\n        }\n        .highlight {\n            \/*font-weight: bold;*\/\n            \/*color: #000;*\/\n        }\n        li{list-style: none;}\n    <\/style>\t\t<\/div>\n\t\t\t\t<\/div>\n\t\t\t\t<div class=\"elementor-element elementor-element-4ab1862 elementor-widget elementor-widget-html\" data-id=\"4ab1862\" data-element_type=\"widget\" data-widget_type=\"html.default\">\n\t\t\t\t<div class=\"elementor-widget-container\">\n\t\t\t<h2>Approved abstracts by theme<\/h2>\n<table>\n  <thead>\n    <tr>\n      <th>Tema<\/th>\n      <th>Total<\/th>\n      <th>Porcentagem<\/th>\n    <\/tr>\n  <\/thead>\n  <tbody>\n    <tr>\n      <td>Conventional tunnels<\/td>\n      <td>24<\/td>\n      <td>22,64<\/td>\n    <\/tr>\n    <tr>\n      <td>Tunnels in Challenging Conditions - Case Histories and Lessons Learned<\/td>\n      <td>12<\/td>\n      <td>11,32<\/td>\n    <\/tr>\n    <tr>\n      <td>Instrumentation \/ Monitoring (Tunnels Under Construction and Operation)<\/td>\n      <td>11<\/td>\n      <td>10,38<\/td>\n    <\/tr>\n    <tr>\n      <td>Geological and Geotechnical Investigations and Modelling<\/td>\n      <td>10<\/td>\n      <td>9,43<\/td>\n    <\/tr>\n    <tr>\n      <td>Mechanised tunnels<\/td>\n      <td>9<\/td>\n      <td>8,49<\/td>\n    <\/tr>\n    <tr>\n      <td>Safety, Risk, Operation of Underground Structures<\/td>\n      <td>8<\/td>\n      <td>7,55<\/td>\n    <\/tr>\n    <tr>\n      <td>Materials - Concrete (Shotcrete, Moulded), Treatments, Etc.<\/td>\n      <td>7<\/td>\n      <td>6,6<\/td>\n    <\/tr>\n    <tr>\n      <td>Bim, Big Data E Digital Twin<\/td>\n      <td>5<\/td>\n      <td>4,72<\/td>\n    <\/tr>\n    <tr>\n      <td>Sustainability Solutions for Tunnels and Underground Works<\/td>\n      <td>5<\/td>\n      <td>4,72<\/td>\n    <\/tr>\n    <tr>\n      <td>Innovations, Robotics and Automation<\/td>\n      <td>4<\/td>\n      <td>3,77<\/td>\n    <\/tr>\n    <tr>\n      <td>Contractual Practices, Insurance, and Project Management<\/td>\n      <td>4<\/td>\n      <td>3,77<\/td>\n    <\/tr>\n    <tr>\n      <td>Microtuneis \/ Hdd<\/td>\n      <td>3<\/td>\n      <td>2,83<\/td>\n    <\/tr>\n    <tr>\n      <td>Mining tunnels<\/td>\n      <td>2<\/td>\n      <td>1,89<\/td>\n    <\/tr>\n    <tr>\n      <td>Innovation and Sustainability in Underground Mining<\/td>\n      <td>1<\/td>\n      <td>0,94<\/td>\n    <\/tr>\n    <tr>\n      <td>Submerged tunnels<\/td>\n      <td>1<\/td>\n      <td>0,94<\/td>\n    <\/tr>\n    <tr>\n      <td><strong>General Total<\/strong><\/td>\n      <td><strong>106<\/strong><\/td>\n      <td><strong>100<\/strong><\/td>\n    <\/tr>\n  <\/tbody>\n<\/table>\t\t<\/div>\n\t\t\t\t<\/div>\n\t\t\t\t<div class=\"elementor-element elementor-element-ba2ab31 elementor-hidden-desktop elementor-hidden-tablet elementor-hidden-phone elementor-widget elementor-widget-button\" data-id=\"ba2ab31\" data-element_type=\"widget\" data-widget_type=\"button.default\">\n\t\t\t\t<div class=\"elementor-widget-container\">\n\t\t\t\t\t<div class=\"elementor-button-wrapper\">\n\t\t\t<a href=\"https:\/\/6cbt.tuneis.org.br\/eng\/wp-content\/uploads\/2024\/07\/6\u00ba-CBT-LAT_edital-dos-trabalhos.pdf\" target=\"_blank\" class=\"elementor-button-link elementor-button elementor-size-sm\" role=\"button\">\n\t\t\t\t\t\t<span class=\"elementor-button-content-wrapper\">\n\t\t\t\t\t\t<span class=\"elementor-button-text\">Download Edital<\/span>\n\t\t<\/span>\n\t\t\t\t\t<\/a>\n\t\t<\/div>\n\t\t\t\t<\/div>\n\t\t\t\t<\/div>\n\t\t\t\t<div class=\"elementor-element elementor-element-6f48ef7 elementor-hidden-desktop elementor-hidden-tablet elementor-hidden-phone elementor-widget elementor-widget-html\" data-id=\"6f48ef7\" data-element_type=\"widget\" data-widget_type=\"html.default\">\n\t\t\t\t<div class=\"elementor-widget-container\">\n\t\t\t<p>Acesse a \u00e1rea do participante para inserir seu trabalho, se ainda n\u00e3o tiver inscrito fa\u00e7a primeiro seu cadastro, o pagamento\nda inscri\u00e7\u00e3o pode ser feito posteriormente.<\/p>\n<iframe loading=\"lazy\" id=\"i1954c2e976354b72aed341951879ffcd\" src=\"https:\/\/web.eventogyn.com.br\/event\/6cbtlat\/attendee\" width=\"100%\" height=\"600\"><\/iframe>\n    <script>\n        iFrameResize({\n            log: true, \/\/ Ativa o registro de informa\u00e7\u00f5es no console\n            checkOrigin: false, \/\/ Desativa a verifica\u00e7\u00e3o de origem (necess\u00e1rio para conte\u00fado do Eventogyn)\n            messageCallback: function(event) {\n                if (event.type === 'sizeChange') {\n                    console.log('Altura do iframe: ' + event.height);\n                    console.log('Largura do iframe: ' + event.width);\n                }\n            },\n        }, \"#i1954c2e976354b72aed341951879ffcd\");\n    <\/script>\t\t<\/div>\n\t\t\t\t<\/div>\n\t\t\t\t\t\t<\/div>\n\t\t\t\t\t<\/div>\n\t\t<\/div>\n\t\t\t\t\t\t\t\t<\/div>\n\t\t\t\t\t<\/div>\n\t\t<\/section>\n\t\t\t\t<section class=\"elementor-section elementor-top-section elementor-element elementor-element-4709209 elementor-section-boxed elementor-section-height-default elementor-section-height-default\" data-id=\"4709209\" data-element_type=\"section\">\n\t\t\t\t\t\t<div class=\"elementor-container elementor-column-gap-default\">\n\t\t\t\t\t\t\t<div class=\"elementor-row\">\n\t\t\t\t\t<div class=\"elementor-column elementor-col-33 elementor-top-column elementor-element elementor-element-b8bcad1\" data-id=\"b8bcad1\" data-element_type=\"column\">\n\t\t\t<div class=\"elementor-column-wrap elementor-element-populated\">\n\t\t\t\t\t\t\t<div class=\"elementor-widget-wrap\">\n\t\t\t\t\t\t<div class=\"elementor-element elementor-element-7b48446 elementor-align-center elementor-widget elementor-widget-button\" data-id=\"7b48446\" data-element_type=\"widget\" data-widget_type=\"button.default\">\n\t\t\t\t<div class=\"elementor-widget-container\">\n\t\t\t\t\t<div class=\"elementor-button-wrapper\">\n\t\t\t<a href=\"https:\/\/6cbt.tuneis.org.br\/eng\/wp-content\/uploads\/2024\/07\/6\u00ba-CBT-LAT_edital-dos-trabalhos-rev2.pdf\" target=\"_blank\" class=\"elementor-button-link elementor-button elementor-size-sm\" role=\"button\">\n\t\t\t\t\t\t<span class=\"elementor-button-content-wrapper\">\n\t\t\t\t\t\t<span class=\"elementor-button-text\">Download the Document<\/span>\n\t\t<\/span>\n\t\t\t\t\t<\/a>\n\t\t<\/div>\n\t\t\t\t<\/div>\n\t\t\t\t<\/div>\n\t\t\t\t\t\t<\/div>\n\t\t\t\t\t<\/div>\n\t\t<\/div>\n\t\t\t\t<div class=\"elementor-column elementor-col-33 elementor-top-column elementor-element elementor-element-d5990f1\" data-id=\"d5990f1\" data-element_type=\"column\">\n\t\t\t<div class=\"elementor-column-wrap elementor-element-populated\">\n\t\t\t\t\t\t\t<div class=\"elementor-widget-wrap\">\n\t\t\t\t\t\t<div class=\"elementor-element elementor-element-ac79c5f elementor-align-center elementor-widget elementor-widget-button\" data-id=\"ac79c5f\" data-element_type=\"widget\" data-widget_type=\"button.default\">\n\t\t\t\t<div class=\"elementor-widget-container\">\n\t\t\t\t\t<div class=\"elementor-button-wrapper\">\n\t\t\t<a href=\"https:\/\/6cbt.tuneis.org.br\/eng\/wp-content\/uploads\/2024\/07\/Instru\u00e7\u00f5es-formata\u00e7\u00e3o_1_Artigos-6\u00ba-CBT.docx\" target=\"_blank\" class=\"elementor-button-link elementor-button elementor-size-sm\" role=\"button\">\n\t\t\t\t\t\t<span class=\"elementor-button-content-wrapper\">\n\t\t\t\t\t\t<span class=\"elementor-button-text\">Download Template<\/span>\n\t\t<\/span>\n\t\t\t\t\t<\/a>\n\t\t<\/div>\n\t\t\t\t<\/div>\n\t\t\t\t<\/div>\n\t\t\t\t\t\t<\/div>\n\t\t\t\t\t<\/div>\n\t\t<\/div>\n\t\t\t\t<div class=\"elementor-column elementor-col-33 elementor-top-column elementor-element elementor-element-7dac111\" data-id=\"7dac111\" data-element_type=\"column\">\n\t\t\t<div class=\"elementor-column-wrap elementor-element-populated\">\n\t\t\t\t\t\t\t<div class=\"elementor-widget-wrap\">\n\t\t\t\t\t\t<div class=\"elementor-element elementor-element-38e3e61 elementor-align-center elementor-widget elementor-widget-button\" data-id=\"38e3e61\" data-element_type=\"widget\" data-widget_type=\"button.default\">\n\t\t\t\t<div class=\"elementor-widget-container\">\n\t\t\t\t\t<div class=\"elementor-button-wrapper\">\n\t\t\t<a href=\"https:\/\/web.eventogyn.com.br\/event\/6cbtlat\/site\/content\/area-do-participante\" target=\"_blank\" class=\"elementor-button-link elementor-button elementor-size-sm\" role=\"button\">\n\t\t\t\t\t\t<span class=\"elementor-button-content-wrapper\">\n\t\t\t\t\t\t<span class=\"elementor-button-text\">Click here to access your article information<\/span>\n\t\t<\/span>\n\t\t\t\t\t<\/a>\n\t\t<\/div>\n\t\t\t\t<\/div>\n\t\t\t\t<\/div>\n\t\t\t\t\t\t<\/div>\n\t\t\t\t\t<\/div>\n\t\t<\/div>\n\t\t\t\t\t\t\t\t<\/div>\n\t\t\t\t\t<\/div>\n\t\t<\/section>\n\t\t\t\t<section class=\"elementor-section elementor-top-section elementor-element elementor-element-d88c5fe elementor-section-boxed elementor-section-height-default elementor-section-height-default\" data-id=\"d88c5fe\" data-element_type=\"section\">\n\t\t\t\t\t\t<div class=\"elementor-container elementor-column-gap-default\">\n\t\t\t\t\t\t\t<div class=\"elementor-row\">\n\t\t\t\t\t<div class=\"elementor-column elementor-col-100 elementor-top-column elementor-element elementor-element-a859d01\" data-id=\"a859d01\" data-element_type=\"column\">\n\t\t\t<div class=\"elementor-column-wrap elementor-element-populated\">\n\t\t\t\t\t\t\t<div class=\"elementor-widget-wrap\">\n\t\t\t\t\t\t<div class=\"elementor-element elementor-element-919c3da elementor-widget elementor-widget-html\" data-id=\"919c3da\" data-element_type=\"widget\" data-widget_type=\"html.default\">\n\t\t\t\t<div class=\"elementor-widget-container\">\n\t\t\t<strong>Important:<\/strong> to submit the abstract, you must first register, payment can be made later, but to complete the registration you must choose a payment method, which can be changed later if you wish.\t\t<\/div>\n\t\t\t\t<\/div>\n\t\t\t\t\t\t<\/div>\n\t\t\t\t\t<\/div>\n\t\t<\/div>\n\t\t\t\t\t\t\t\t<\/div>\n\t\t\t\t\t<\/div>\n\t\t<\/section>\n\t\t\t\t<section class=\"elementor-section elementor-top-section elementor-element elementor-element-59a8590 elementor-hidden-desktop elementor-hidden-tablet elementor-hidden-phone elementor-section-boxed elementor-section-height-default elementor-section-height-default\" data-id=\"59a8590\" data-element_type=\"section\">\n\t\t\t\t\t\t<div class=\"elementor-container elementor-column-gap-default\">\n\t\t\t\t\t\t\t<div class=\"elementor-row\">\n\t\t\t\t\t<div class=\"elementor-column elementor-col-100 elementor-top-column elementor-element elementor-element-0757c97\" data-id=\"0757c97\" data-element_type=\"column\">\n\t\t\t<div class=\"elementor-column-wrap elementor-element-populated\">\n\t\t\t\t\t\t\t<div class=\"elementor-widget-wrap\">\n\t\t\t\t\t\t<div class=\"elementor-element elementor-element-2bb0640 elementor-align-center elementor-widget elementor-widget-button\" data-id=\"2bb0640\" data-element_type=\"widget\" data-widget_type=\"button.default\">\n\t\t\t\t<div class=\"elementor-widget-container\">\n\t\t\t\t\t<div class=\"elementor-button-wrapper\">\n\t\t\t<a href=\"https:\/\/web.eventogyn.com.br\/event\/6cbtlat\/site\/content\/area-do-participante\" target=\"_blank\" class=\"elementor-button-link elementor-button elementor-size-sm\" role=\"button\">\n\t\t\t\t\t\t<span class=\"elementor-button-content-wrapper\">\n\t\t\t\t\t\t<span class=\"elementor-button-text\">Click here to register<\/span>\n\t\t<\/span>\n\t\t\t\t\t<\/a>\n\t\t<\/div>\n\t\t\t\t<\/div>\n\t\t\t\t<\/div>\n\t\t\t\t\t\t<\/div>\n\t\t\t\t\t<\/div>\n\t\t<\/div>\n\t\t\t\t\t\t\t\t<\/div>\n\t\t\t\t\t<\/div>\n\t\t<\/section>\n\t\t\t\t\t\t<\/div>\n\t\t\t\t\t\t<\/div>\n\t\t\t\t\t<\/div>\n\t\t","protected":false},"excerpt":{"rendered":"<p>Paper Submission CALL FOR PAPERS FOR THE 6TH BRAZILIAN CONGRESS OF TUNNELS (6TH CBT) For the submission of papers to the 6th CBT, the following rules must be followed: 1. REGISTRATION 1.1 Acceptance of papers is conditional upon proper registration for the event. 1.2 For the submission of abstracts, at least one of the authors &hellip;<\/p>\n<p class=\"read-more\"> <a class=\"\" href=\"https:\/\/6cbt.tuneis.org.br\/eng\/index.php\/paper-submission\/\"> <span class=\"screen-reader-text\">Paper Submission<\/span> Read More &raquo;<\/a><\/p>\n","protected":false},"author":1,"featured_media":0,"parent":0,"menu_order":0,"comment_status":"closed","ping_status":"closed","template":"","meta":{"footnotes":""},"class_list":["post-1999","page","type-page","status-publish","hentry"],"_links":{"self":[{"href":"https:\/\/6cbt.tuneis.org.br\/eng\/index.php\/wp-json\/wp\/v2\/pages\/1999"}],"collection":[{"href":"https:\/\/6cbt.tuneis.org.br\/eng\/index.php\/wp-json\/wp\/v2\/pages"}],"about":[{"href":"https:\/\/6cbt.tuneis.org.br\/eng\/index.php\/wp-json\/wp\/v2\/types\/page"}],"author":[{"embeddable":true,"href":"https:\/\/6cbt.tuneis.org.br\/eng\/index.php\/wp-json\/wp\/v2\/users\/1"}],"replies":[{"embeddable":true,"href":"https:\/\/6cbt.tuneis.org.br\/eng\/index.php\/wp-json\/wp\/v2\/comments?post=1999"}],"version-history":[{"count":108,"href":"https:\/\/6cbt.tuneis.org.br\/eng\/index.php\/wp-json\/wp\/v2\/pages\/1999\/revisions"}],"predecessor-version":[{"id":3608,"href":"https:\/\/6cbt.tuneis.org.br\/eng\/index.php\/wp-json\/wp\/v2\/pages\/1999\/revisions\/3608"}],"wp:attachment":[{"href":"https:\/\/6cbt.tuneis.org.br\/eng\/index.php\/wp-json\/wp\/v2\/media?parent=1999"}],"curies":[{"name":"wp","href":"https:\/\/api.w.org\/{rel}","templated":true}]}}